{"id":15,"date":"2024-11-12T16:06:27","date_gmt":"2024-11-12T15:06:27","guid":{"rendered":"https:\/\/portfolio-temp.uqac.ca\/adoubivincentdepauladombi\/?page_id=15"},"modified":"2024-11-12T16:06:27","modified_gmt":"2024-11-12T15:06:27","slug":"curriculum-vitae","status":"publish","type":"page","link":"https:\/\/portfolio.uqac.ca\/adoubivincentdepauladombi\/curriculum-vitae\/","title":{"rendered":"Curriculum vitae"},"content":{"rendered":"<h2><strong>Dipl\u00f4mes<\/strong><\/h2>\n<ul>\n<li>Doctorat, UQAC<\/li>\n<li>\u00c9quivalent de la maitrise, Ing\u00e9nierie en gestion de la ressource en eau et environnement (ENSG, Nancy, France)<\/li>\n<li>\u00c9quivalent de la maitrise, Ing\u00e9nierie en exploitation et traitement des eaux (INPHB, C\u00f4te d\u2019Ivoire)<\/li>\n<\/ul>\n<h2><strong> Distinctions et bourses<br \/>\n<\/strong><\/h2>\n<ul>\n<li>M\u00e9daille d&#8217;or acad\u00e9mique du Gouverneur g\u00e9n\u00e9ral du Canada (2022)<\/li>\n<li>Bourses d&#8217;excellence pour \u00e9tudiants \u00e9trangers (PBEEE) \u2013 FRQNT<\/li>\n<li>Bourse d&#8217;\u00e9tudes sup\u00e9rieures Rio Tinto<\/li>\n<\/ul>\n<h2><strong>Affiliations professionnelles<\/strong><\/h2>\n<ul>\n<li>Universit\u00e9 du Qu\u00e9bec \u00e0 Chicoutimi<\/li>\n<li>Groupe de recherche \u00ab\u00a0Risque Ressource Eau\u00a0\u00bb (R2Eau)<\/li>\n<\/ul>\n<h2><\/h2>\n","protected":false},"excerpt":{"rendered":"<p>Dipl\u00f4mes Doctorat, UQAC \u00c9quivalent de la maitrise, Ing\u00e9nierie en gestion de la ressource en eau et environnement (ENSG, Nancy, France) \u00c9quivalent de la maitrise, Ing\u00e9nierie en exploitation et traitement des eaux (INPHB, C\u00f4te d\u2019Ivoire) Distinctions et bourses M\u00e9daille d&#8217;or acad\u00e9mique du Gouverneur g\u00e9n\u00e9ral du Canada (2022) Bourses d&#8217;excellence pour \u00e9tudiants \u00e9trangers (PBEEE) \u2013 FRQNT Bourse &hellip; <a href=\"https:\/\/portfolio.uqac.ca\/adoubivincentdepauladombi\/curriculum-vitae\/\" class=\"more-link\">Continuer la lecture de <span class=\"screen-reader-text\">Curriculum vitae<\/span>  <span class=\"meta-nav\">&rarr;<\/span><\/a><\/p>\n","protected":false},"author":89,"featured_media":0,"parent":0,"menu_order":0,"comment_status":"closed","ping_status":"closed","template":"","meta":{"footnotes":""},"tags":[],"_links":{"self":[{"href":"https:\/\/portfolio.uqac.ca\/adoubivincentdepauladombi\/wp-json\/wp\/v2\/pages\/15"}],"collection":[{"href":"https:\/\/portfolio.uqac.ca\/adoubivincentdepauladombi\/wp-json\/wp\/v2\/pages"}],"about":[{"href":"https:\/\/portfolio.uqac.ca\/adoubivincentdepauladombi\/wp-json\/wp\/v2\/types\/page"}],"author":[{"embeddable":true,"href":"https:\/\/portfolio.uqac.ca\/adoubivincentdepauladombi\/wp-json\/wp\/v2\/users\/89"}],"replies":[{"embeddable":true,"href":"https:\/\/portfolio.uqac.ca\/adoubivincentdepauladombi\/wp-json\/wp\/v2\/comments?post=15"}],"version-history":[{"count":1,"href":"https:\/\/portfolio.uqac.ca\/adoubivincentdepauladombi\/wp-json\/wp\/v2\/pages\/15\/revisions"}],"predecessor-version":[{"id":16,"href":"https:\/\/portfolio.uqac.ca\/adoubivincentdepauladombi\/wp-json\/wp\/v2\/pages\/15\/revisions\/16"}],"wp:attachment":[{"href":"https:\/\/portfolio.uqac.ca\/adoubivincentdepauladombi\/wp-json\/wp\/v2\/media?parent=15"}],"wp:term":[{"taxonomy":"post_tag","embeddable":true,"href":"https:\/\/portfolio.uqac.ca\/adoubivincentdepauladombi\/wp-json\/wp\/v2\/tags?post=15"}],"curies":[{"name":"wp","href":"https:\/\/api.w.org\/{rel}","templated":true}]}}