{"id":19,"date":"2024-11-12T16:07:18","date_gmt":"2024-11-12T15:07:18","guid":{"rendered":"https:\/\/portfolio-temp.uqac.ca\/adoubivincentdepauladombi\/?page_id=19"},"modified":"2024-11-12T16:07:18","modified_gmt":"2024-11-12T15:07:18","slug":"presentation","status":"publish","type":"page","link":"https:\/\/portfolio.uqac.ca\/adoubivincentdepauladombi\/","title":{"rendered":"Pr\u00e9sentation"},"content":{"rendered":"<h2>Adoubi Vincent De Paul Adombi<\/h2>\n<p>Professeur au D\u00e9partement des sciences appliqu\u00e9es<\/p>\n<h2>Champs d&#8217;int\u00e9r\u00eat<\/h2>\n<ul>\n<li>Utilisation de l&#8217;intelligence artificielle pour la pr\u00e9vision hydrologique<\/li>\n<li>Mod\u00e9lisation hydrologique et hydrog\u00e9ologique<\/li>\n<li>Impact du changement climatique<\/li>\n<li>Conception d&#8217;algorithmes de <em>Scientific Machine Learning<\/em><\/li>\n<\/ul>\n","protected":false},"excerpt":{"rendered":"<p>Adoubi Vincent De Paul Adombi Professeur au D\u00e9partement des sciences appliqu\u00e9es Champs d&#8217;int\u00e9r\u00eat Utilisation de l&#8217;intelligence artificielle pour la pr\u00e9vision hydrologique Mod\u00e9lisation hydrologique et hydrog\u00e9ologique Impact du changement climatique Conception d&#8217;algorithmes de Scientific Machine Learning<\/p>\n","protected":false},"author":89,"featured_media":0,"parent":0,"menu_order":0,"comment_status":"closed","ping_status":"closed","template":"","meta":{"footnotes":""},"tags":[],"_links":{"self":[{"href":"https:\/\/portfolio.uqac.ca\/adoubivincentdepauladombi\/wp-json\/wp\/v2\/pages\/19"}],"collection":[{"href":"https:\/\/portfolio.uqac.ca\/adoubivincentdepauladombi\/wp-json\/wp\/v2\/pages"}],"about":[{"href":"https:\/\/portfolio.uqac.ca\/adoubivincentdepauladombi\/wp-json\/wp\/v2\/types\/page"}],"author":[{"embeddable":true,"href":"https:\/\/portfolio.uqac.ca\/adoubivincentdepauladombi\/wp-json\/wp\/v2\/users\/89"}],"replies":[{"embeddable":true,"href":"https:\/\/portfolio.uqac.ca\/adoubivincentdepauladombi\/wp-json\/wp\/v2\/comments?post=19"}],"version-history":[{"count":1,"href":"https:\/\/portfolio.uqac.ca\/adoubivincentdepauladombi\/wp-json\/wp\/v2\/pages\/19\/revisions"}],"predecessor-version":[{"id":20,"href":"https:\/\/portfolio.uqac.ca\/adoubivincentdepauladombi\/wp-json\/wp\/v2\/pages\/19\/revisions\/20"}],"wp:attachment":[{"href":"https:\/\/portfolio.uqac.ca\/adoubivincentdepauladombi\/wp-json\/wp\/v2\/media?parent=19"}],"wp:term":[{"taxonomy":"post_tag","embeddable":true,"href":"https:\/\/portfolio.uqac.ca\/adoubivincentdepauladombi\/wp-json\/wp\/v2\/tags?post=19"}],"curies":[{"name":"wp","href":"https:\/\/api.w.org\/{rel}","templated":true}]}}