{"id":23,"date":"2024-11-12T16:08:10","date_gmt":"2024-11-12T15:08:10","guid":{"rendered":"https:\/\/portfolio-temp.uqac.ca\/adoubivincentdepauladombi\/?page_id=23"},"modified":"2024-11-12T16:08:10","modified_gmt":"2024-11-12T15:08:10","slug":"recherche","status":"publish","type":"page","link":"https:\/\/portfolio.uqac.ca\/adoubivincentdepauladombi\/recherche\/","title":{"rendered":"Recherche"},"content":{"rendered":"<ul>\n<li><em>Scientific Machine Learning<\/em> appliqu\u00e9 \u00e0 l\u2019hydrologie<\/li>\n<li>Mod\u00e9lisation hydrog\u00e9ologique<\/li>\n<li>Apprentissage profond et r\u00e9seaux de neurones en graphes<\/li>\n<\/ul>\n","protected":false},"excerpt":{"rendered":"<p>Scientific Machine Learning appliqu\u00e9 \u00e0 l\u2019hydrologie Mod\u00e9lisation hydrog\u00e9ologique Apprentissage profond et r\u00e9seaux de neurones en graphes<\/p>\n","protected":false},"author":89,"featured_media":0,"parent":0,"menu_order":0,"comment_status":"closed","ping_status":"closed","template":"","meta":{"footnotes":""},"tags":[],"_links":{"self":[{"href":"https:\/\/portfolio.uqac.ca\/adoubivincentdepauladombi\/wp-json\/wp\/v2\/pages\/23"}],"collection":[{"href":"https:\/\/portfolio.uqac.ca\/adoubivincentdepauladombi\/wp-json\/wp\/v2\/pages"}],"about":[{"href":"https:\/\/portfolio.uqac.ca\/adoubivincentdepauladombi\/wp-json\/wp\/v2\/types\/page"}],"author":[{"embeddable":true,"href":"https:\/\/portfolio.uqac.ca\/adoubivincentdepauladombi\/wp-json\/wp\/v2\/users\/89"}],"replies":[{"embeddable":true,"href":"https:\/\/portfolio.uqac.ca\/adoubivincentdepauladombi\/wp-json\/wp\/v2\/comments?post=23"}],"version-history":[{"count":1,"href":"https:\/\/portfolio.uqac.ca\/adoubivincentdepauladombi\/wp-json\/wp\/v2\/pages\/23\/revisions"}],"predecessor-version":[{"id":24,"href":"https:\/\/portfolio.uqac.ca\/adoubivincentdepauladombi\/wp-json\/wp\/v2\/pages\/23\/revisions\/24"}],"wp:attachment":[{"href":"https:\/\/portfolio.uqac.ca\/adoubivincentdepauladombi\/wp-json\/wp\/v2\/media?parent=23"}],"wp:term":[{"taxonomy":"post_tag","embeddable":true,"href":"https:\/\/portfolio.uqac.ca\/adoubivincentdepauladombi\/wp-json\/wp\/v2\/tags?post=23"}],"curies":[{"name":"wp","href":"https:\/\/api.w.org\/{rel}","templated":true}]}}