{"id":4,"date":"2019-03-27T15:51:08","date_gmt":"2019-03-27T19:51:08","guid":{"rendered":"http:\/\/portfolio-pre.uqac.ca\/gabarit\/?page_id=4"},"modified":"2019-04-02T08:27:08","modified_gmt":"2019-04-02T12:27:08","slug":"presentatio","status":"publish","type":"page","link":"https:\/\/portfolio.uqac.ca\/ahmedrahem\/","title":{"rendered":"Pr\u00e9sentation"},"content":{"rendered":"<h2>Ahmed Rahem, ing., Ph.D.<\/h2>\n<p>Professeur au d\u00e9partement des\u00a0Sciences appliqu\u00e9es<br \/>\nMembre de l&#8217;Ordre des ing\u00e9nieurs du Qu\u00e9bec OIQ<\/p>\n<h2>Domaine<\/h2>\n<ul>\n<li>G\u00e9nie civil<\/li>\n<\/ul>\n<h2>Champs d&#8217;int\u00e9r\u00eat<\/h2>\n<ul>\n<li><span lang=\"FR-CA\"><span style=\"color: #000000; font-family: Arial;\">M\u00e9canique des mat\u00e9riaux et des structures<\/span><\/span><\/li>\n<li><span lang=\"FR-CA\"><span style=\"color: #000000; font-family: Arial;\">Dynamique des structures<\/span><\/span><\/li>\n<li><span lang=\"FR-CA\"><span style=\"color: #000000; font-family: Arial;\">Mod\u00e9lisation et simulation multi-physiques par \u00e9l\u00e9ments finis<\/span><\/span><\/li>\n<li><span lang=\"FR-CA\"><span style=\"color: #000000; font-family: Arial;\">M\u00e9thodes num\u00e9riques pour le calcul scientifique<\/span><\/span><\/li>\n<li><span lang=\"FR-CA\"><span style=\"color: #000000; font-family: Arial;\">Mise en forme des alliages d\u2019aluminium et \u00e9valuation de la performance m\u00e9canique<\/span><\/span><\/li>\n<\/ul>\n","protected":false},"excerpt":{"rendered":"<p>Ahmed Rahem, ing., Ph.D. Professeur au d\u00e9partement des\u00a0Sciences appliqu\u00e9es Membre de l&#8217;Ordre des ing\u00e9nieurs du Qu\u00e9bec OIQ Domaine G\u00e9nie civil Champs d&#8217;int\u00e9r\u00eat M\u00e9canique des mat\u00e9riaux et des structures Dynamique des structures Mod\u00e9lisation et simulation multi-physiques par \u00e9l\u00e9ments finis M\u00e9thodes num\u00e9riques pour le calcul scientifique Mise en forme des alliages d\u2019aluminium et \u00e9valuation de la performance &hellip; <a href=\"https:\/\/portfolio.uqac.ca\/ahmedrahem\/\" class=\"more-link\">Continuer la lecture de <span class=\"screen-reader-text\">Pr\u00e9sentation<\/span>  <span class=\"meta-nav\">&rarr;<\/span><\/a><\/p>\n","protected":false},"author":89,"featured_media":0,"parent":0,"menu_order":0,"comment_status":"closed","ping_status":"closed","template":"","meta":{"footnotes":""},"tags":[],"_links":{"self":[{"href":"https:\/\/portfolio.uqac.ca\/ahmedrahem\/wp-json\/wp\/v2\/pages\/4"}],"collection":[{"href":"https:\/\/portfolio.uqac.ca\/ahmedrahem\/wp-json\/wp\/v2\/pages"}],"about":[{"href":"https:\/\/portfolio.uqac.ca\/ahmedrahem\/wp-json\/wp\/v2\/types\/page"}],"author":[{"embeddable":true,"href":"https:\/\/portfolio.uqac.ca\/ahmedrahem\/wp-json\/wp\/v2\/users\/89"}],"replies":[{"embeddable":true,"href":"https:\/\/portfolio.uqac.ca\/ahmedrahem\/wp-json\/wp\/v2\/comments?post=4"}],"version-history":[{"count":13,"href":"https:\/\/portfolio.uqac.ca\/ahmedrahem\/wp-json\/wp\/v2\/pages\/4\/revisions"}],"predecessor-version":[{"id":182,"href":"https:\/\/portfolio.uqac.ca\/ahmedrahem\/wp-json\/wp\/v2\/pages\/4\/revisions\/182"}],"wp:attachment":[{"href":"https:\/\/portfolio.uqac.ca\/ahmedrahem\/wp-json\/wp\/v2\/media?parent=4"}],"wp:term":[{"taxonomy":"post_tag","embeddable":true,"href":"https:\/\/portfolio.uqac.ca\/ahmedrahem\/wp-json\/wp\/v2\/tags?post=4"}],"curies":[{"name":"wp","href":"https:\/\/api.w.org\/{rel}","templated":true}]}}