{"id":18,"date":"2019-08-08T16:15:44","date_gmt":"2019-08-08T20:15:44","guid":{"rendered":"http:\/\/portfolio-pre.uqac.ca\/gabarit\/?page_id=18"},"modified":"2019-10-24T14:58:22","modified_gmt":"2019-10-24T18:58:22","slug":"enseignement","status":"publish","type":"page","link":"https:\/\/portfolio.uqac.ca\/alexandrerobichaud\/enseignement\/","title":{"rendered":"Enseignement"},"content":{"rendered":"<ul>\n<li>6GEI300 : \u00c9lectronique<\/li>\n<li>6GEI351 : Syst\u00e8mes \u00e0 microprocesseurs<\/li>\n<li>6GEI367 : Conception de syst\u00e8mes digitaux<\/li>\n<li>6GEI415 : M\u00e9thodes de conception en \u00e9lectronique<\/li>\n<\/ul>\n","protected":false},"excerpt":{"rendered":"<p>6GEI300 : \u00c9lectronique 6GEI351 : Syst\u00e8mes \u00e0 microprocesseurs 6GEI367 : Conception de syst\u00e8mes digitaux 6GEI415 : M\u00e9thodes de conception en \u00e9lectronique<\/p>\n","protected":false},"author":89,"featured_media":0,"parent":0,"menu_order":0,"comment_status":"closed","ping_status":"closed","template":"","meta":{"footnotes":""},"tags":[],"_links":{"self":[{"href":"https:\/\/portfolio.uqac.ca\/alexandrerobichaud\/wp-json\/wp\/v2\/pages\/18"}],"collection":[{"href":"https:\/\/portfolio.uqac.ca\/alexandrerobichaud\/wp-json\/wp\/v2\/pages"}],"about":[{"href":"https:\/\/portfolio.uqac.ca\/alexandrerobichaud\/wp-json\/wp\/v2\/types\/page"}],"author":[{"embeddable":true,"href":"https:\/\/portfolio.uqac.ca\/alexandrerobichaud\/wp-json\/wp\/v2\/users\/89"}],"replies":[{"embeddable":true,"href":"https:\/\/portfolio.uqac.ca\/alexandrerobichaud\/wp-json\/wp\/v2\/comments?post=18"}],"version-history":[{"count":5,"href":"https:\/\/portfolio.uqac.ca\/alexandrerobichaud\/wp-json\/wp\/v2\/pages\/18\/revisions"}],"predecessor-version":[{"id":184,"href":"https:\/\/portfolio.uqac.ca\/alexandrerobichaud\/wp-json\/wp\/v2\/pages\/18\/revisions\/184"}],"wp:attachment":[{"href":"https:\/\/portfolio.uqac.ca\/alexandrerobichaud\/wp-json\/wp\/v2\/media?parent=18"}],"wp:term":[{"taxonomy":"post_tag","embeddable":true,"href":"https:\/\/portfolio.uqac.ca\/alexandrerobichaud\/wp-json\/wp\/v2\/tags?post=18"}],"curies":[{"name":"wp","href":"https:\/\/api.w.org\/{rel}","templated":true}]}}