{"id":4,"date":"2019-08-08T16:15:44","date_gmt":"2019-08-08T20:15:44","guid":{"rendered":"http:\/\/portfolio-pre.uqac.ca\/gabarit\/?page_id=4"},"modified":"2025-01-08T10:35:04","modified_gmt":"2025-01-08T15:35:04","slug":"presentatio","status":"publish","type":"page","link":"https:\/\/portfolio.uqac.ca\/alexandrerobichaud\/","title":{"rendered":"Pr\u00e9sentation"},"content":{"rendered":"<h2>Alexandre Robichaud<\/h2>\n<p>Professeur au d\u00e9partement des\u00a0sciences appliqu\u00e9e, ing., Ph. D.<\/p>\n<h2>Domaine<\/h2>\n<p>G\u00e9nie \u00e9lectrique \/ informatique<\/p>\n<h2>Axes de recherche<\/h2>\n<ul>\n<li>Microsyst\u00e8mes \u00e9lectrom\u00e9caniques (MEMS)<\/li>\n<li>Syst\u00e8mes embarqu\u00e9s<\/li>\n<li>Circuits d\u2019interface pour MEMS<\/li>\n<\/ul>\n<h2>Offres de postes aux cycles sup\u00e9rieurs<\/h2>\n<p>Vous \u00eates passionn\u00e9 par l\u2019\u00e9lectronique, les MEMS ou les syst\u00e8mes embarqu\u00e9s et voulez approfondir vos connaissances. Nous recrutons r\u00e9guli\u00e8rement des\u00a0\u00e9tudiant-es motiv\u00e9-es\u00a0\u00e0 tous les niveaux. N\u2019h\u00e9sitez pas \u00e0 nous envoyer votre CV\u00a0(<a href=\"mailto:Alexandre_Robichaud@uqac.ca\">alexandre_robichaud@uqac.ca<\/a>).<\/p>\n<p>Veuillez noter que dans l\u2019\u00e9valuation des dossiers, une attention particuli\u00e8re est accord\u00e9e \u00e0 l\u2019\u00e9quit\u00e9, la diversit\u00e9 et l\u2019inclusion.<\/p>\n<h2>S\u00e9lection de publications<\/h2>\n<p>A. Verreault, P. -V. Cicek and A. Robichaud. (2024). Oversampling ADC: A Review of Recent Design<br \/>\nTrends. IEEE Access.<\/p>\n<p>A. Verreault, P. -V. Cicek and A. Robichaud. (2024). A Rail-to-Rail Low-Power Dynamic CMOS Amplifier for<br \/>\nSwitched-Capacitor Filters in High-Performance ADC. 2024 IEEE 67th International Midwest Symposium<br \/>\non Circuits and Systems (MWSCAS)<\/p>\n<p>Gratuze, M., Kazemi, M., Nabavi, S., Cicek, P. V., Robichaud, A., &amp; Nabki, F. (2024). Design and<br \/>\nexperimental validation of a piezoelectric resonant MEMS phase comparator. IEEE Journal of<br \/>\nMicroelectromechanical Systems.<\/p>\n<p>Asgari, E., Robichaud, A., Cicek, P. V., Shih, A. (2024). Liquid Crystal Elastomers in Soft Micro<br \/>\nElectromechanical Systems: A Review of Recent Developments. Journal of Materials Chemistry C.<\/p>\n<p>A.Verreault; Paul-Vah\u00e9 Cicek; Alexandre Robichaud. (2023). A Lean Noise-Cancelling Sturdy MASH<br \/>\nDelta-Sigma ADC with a Noise-Shaping SAR Stage. IEEE International Conference on Electronics, Circuits<br \/>\nand Systems (ICECS)<\/p>\n<p>Verreault, A., Cicek, P. V., &amp; Robichaud, A. (2022). A Surface-Micromachined Levitating MEMS Speaker.<br \/>\nIEEE NEWCAS, Qu\u00e9bec, Canada<\/p>\n<p>Gratuze, M., Alameh, A. H., Robichaud, A., &amp; Nabki, F. (2022). A nonlinear pulse shaping method using<br \/>\nresonant piezoelectric MEMS devices.IEEE Transactions on Ultrasonics, Ferroelectrics, and Frequency<br \/>\nControl. 69(4): 1515-1527.<\/p>\n<p>Fatemeh Gholami, Andy Shih, Alexandre Robichaud, Paul-Vahe Cicek. (2022). A Study of Optimizing Lamb<br \/>\nWave Acoustic Mass Sensors\u2019 Performance through Adjustment of the Transduction Electrode Metallization<br \/>\nRatio. sensors. 22(17)<\/p>\n<p>Chirag Goel, Paul-Vah\u00e9 Cicek, Alexandre Robichaud. (2022). Design and implementation of low voltage<br \/>\ntunable capacitive micro-machined transducers (CMUT) for portable applications. Micromachines.<\/p>\n<p>Robichaud, A., Deslandes, D., Cicek, P. V., &amp; Nabki, F. (2021). A system in package based on a piezoelectric micromachined ultrasonic transducer matrix for ranging applications. <i>Sensors<\/i>,\u00a0<i>21<\/i>(8), 2590.<\/p>\n<p>Robichaud, A., Cicek, P. V., Deslandes, D., &amp; Nabki, F. (2020). <i>U.S. Patent Application No. 16\/867,080<\/i>.<\/p>\n<p>Amirkhan, F., Robichaud, A., Ropagnol, X., Gratuze, M., Ozaki, T., Nabki, F., &amp; Blanchard, F. (2020, July). Simulation study of a piezoelectric micromachined ultrasonic transducer as terahertz differentiator. In <i>Novel Optical Materials and Applications<\/i>\u00a0(pp. NoM4C-5). Optical Society of America.<\/p>\n<p>Robichaud, A., Deslandes, D., Cicek, P. V., &amp; Nabki, F. (2020). Electromechanical tuning of piecewise stiffness and damping for long-range and high-precision piezoelectric ultrasonic transducers. <i>Journal of Microelectromechanical Systems<\/i>,\u00a0<i>29<\/i>(5), 1189-1198.<\/p>\n<p>Amirkhan, F., Robichaud, A., Ropagnol, X., Gratuze, M., Ozaki, T., Nabki, F., &amp; Blanchard, F. (2020). Active terahertz time differentiator using piezoelectric micromachined ultrasonic transducer array. <i>Optics Letters<\/i>,\u00a0<i>45<\/i>(13), 3589-3592.<\/p>\n<p>Robichaud, A., Deslandes, D., Cicek, P. V., &amp; Nabki, F. (2018). A novel topology for process variation-tolerant piezoelectric micromachined ultrasonic transducers. <i>Journal of Microelectromechanical Systems<\/i>,\u00a0<i>27<\/i>(6), 1204-1212.<\/p>\n<p>Robichaud, A., Cicek, P. V., Deslandes, D., &amp; Nabki, F. (2018). Frequency tuning technique of piezoelectric ultrasonic transducers for ranging applications. <i>Journal of Microelectromechanical Systems<\/i>,\u00a0<i>27<\/i>(3), 570-579.<\/p>\n","protected":false},"excerpt":{"rendered":"<p>Alexandre Robichaud Professeur au d\u00e9partement des\u00a0sciences appliqu\u00e9e, ing., Ph. D. Domaine G\u00e9nie \u00e9lectrique \/ informatique Axes de recherche Microsyst\u00e8mes \u00e9lectrom\u00e9caniques (MEMS) Syst\u00e8mes embarqu\u00e9s Circuits d\u2019interface pour MEMS Offres de postes aux cycles sup\u00e9rieurs Vous \u00eates passionn\u00e9 par l\u2019\u00e9lectronique, les MEMS ou les syst\u00e8mes embarqu\u00e9s et voulez approfondir vos connaissances. Nous recrutons r\u00e9guli\u00e8rement des\u00a0\u00e9tudiant-es motiv\u00e9-es\u00a0\u00e0 tous &hellip; <a href=\"https:\/\/portfolio.uqac.ca\/alexandrerobichaud\/\" class=\"more-link\">Continuer la lecture de <span class=\"screen-reader-text\">Pr\u00e9sentation<\/span>  <span class=\"meta-nav\">&rarr;<\/span><\/a><\/p>\n","protected":false},"author":89,"featured_media":0,"parent":0,"menu_order":0,"comment_status":"closed","ping_status":"closed","template":"","meta":{"footnotes":""},"tags":[],"_links":{"self":[{"href":"https:\/\/portfolio.uqac.ca\/alexandrerobichaud\/wp-json\/wp\/v2\/pages\/4"}],"collection":[{"href":"https:\/\/portfolio.uqac.ca\/alexandrerobichaud\/wp-json\/wp\/v2\/pages"}],"about":[{"href":"https:\/\/portfolio.uqac.ca\/alexandrerobichaud\/wp-json\/wp\/v2\/types\/page"}],"author":[{"embeddable":true,"href":"https:\/\/portfolio.uqac.ca\/alexandrerobichaud\/wp-json\/wp\/v2\/users\/89"}],"replies":[{"embeddable":true,"href":"https:\/\/portfolio.uqac.ca\/alexandrerobichaud\/wp-json\/wp\/v2\/comments?post=4"}],"version-history":[{"count":20,"href":"https:\/\/portfolio.uqac.ca\/alexandrerobichaud\/wp-json\/wp\/v2\/pages\/4\/revisions"}],"predecessor-version":[{"id":229,"href":"https:\/\/portfolio.uqac.ca\/alexandrerobichaud\/wp-json\/wp\/v2\/pages\/4\/revisions\/229"}],"wp:attachment":[{"href":"https:\/\/portfolio.uqac.ca\/alexandrerobichaud\/wp-json\/wp\/v2\/media?parent=4"}],"wp:term":[{"taxonomy":"post_tag","embeddable":true,"href":"https:\/\/portfolio.uqac.ca\/alexandrerobichaud\/wp-json\/wp\/v2\/tags?post=4"}],"curies":[{"name":"wp","href":"https:\/\/api.w.org\/{rel}","templated":true}]}}