{"id":190,"date":"2019-04-12T15:28:03","date_gmt":"2019-04-12T19:28:03","guid":{"rendered":"http:\/\/portfolio-pre.uqac.ca\/alisaeidi\/?page_id=190"},"modified":"2026-01-11T16:11:58","modified_gmt":"2026-01-11T21:11:58","slug":"encadrementsupervision","status":"publish","type":"page","link":"https:\/\/portfolio.uqac.ca\/alisaeidi-en\/encadrementsupervision\/","title":{"rendered":"Supervision"},"content":{"rendered":"<h2 style=\"color: #59740e;font-family: verdana\">Overview of supervision<\/h2>\n<table style=\"undefined;width: 390px\">\n<colgroup>\n<col style=\"width: 175px\" \/>\n<col style=\"width: 215px\" \/> <\/colgroup>\n<tbody>\n<tr>\n<th style=\"text-align: center\"><span style=\"font-weight: bold;color: #b31310;font-family: verdana\">cycle<\/span><\/th>\n<th style=\"font-weight: bold;color: #b31310;font-family: verdana\">number of students<\/th>\n<\/tr>\n<tr>\n<td style=\"text-align: left\"><strong>Post-doctorat<\/strong><\/td>\n<td style=\"text-align: center\"><strong style=\"color: #797979e;font-family: verdana\">7<\/strong><\/td>\n<\/tr>\n<tr>\n<td style=\"text-align: left\"><strong>Doctorat<\/strong><\/td>\n<td style=\"color: #797979e;font-family: verdana;text-align: center\"><strong>16<\/strong><\/td>\n<\/tr>\n<tr>\n<td style=\"text-align: left\"><strong>Master&#8217;s with thesis<\/strong><\/td>\n<td style=\"text-align: center;color: #797979e;font-family: verdana\"><strong>10<\/strong><\/td>\n<\/tr>\n<tr>\n<td style=\"text-align: left\"><strong>Master&#8217;s without thesis<\/strong><\/td>\n<td style=\"text-align: center;color: #797979e;font-family: verdana\"><strong>17<\/strong><\/td>\n<\/tr>\n<tr>\n<td style=\"text-align: left\"><strong>Master&#8217;s\u00a0 equivalent<br \/>\n<\/strong><\/td>\n<td style=\"text-align: center;color: #797979e;font-family: verdana\"><strong>7<\/strong><\/td>\n<\/tr>\n<tr>\n<td style=\"text-align: left\"><strong>Bachelor&#8217;s degree<\/strong><\/td>\n<td style=\"text-align: center\">\n<h6><strong>50 +<\/strong><\/h6>\n<\/td>\n<\/tr>\n<\/tbody>\n<\/table>\n<h2 style=\"color: #59740e;font-family: verdana\">Supervisions in progress<\/h2>\n<h3 style=\"color: #59740e;font-family: verdana;text-align: center\">Post-doctorat<\/h3>\n<table style=\"width: 575px;height: 165px\">\n<colgroup>\n<col style=\"width: 120px\" \/>\n<col style=\"width: 78px\" \/>\n<col style=\"width: 69px\" \/>\n<col style=\"width: 260px\" \/>\n<col style=\"width: 82px\" \/><\/colgroup>\n<tbody>\n<tr>\n<th style=\"text-align: center\"><span style=\"font-weight: bold;color: #b31310;font-family: verdana\">Student<\/span><\/th>\n<th><span style=\"font-weight: bold;color: #b31310;font-family: verdana\">Start<\/span><\/th>\n<th><span style=\"font-weight: bold;color: #b31310;font-family: verdana\">finish<\/span><\/th>\n<th><span style=\"font-weight: bold;color: #b31310;font-family: verdana\">Project \/ Thesis title<\/span><\/th>\n<th><span style=\"font-weight: bold;color: #b31310;font-family: verdana\">Position<\/span><\/th>\n<\/tr>\n<tr>\n<td>Md. Foisal Haque<\/td>\n<td>2026\/01<\/td>\n<td>&#8211;<\/td>\n<td><em>Slope stability in sensitive clay<\/em><\/td>\n<td><strong>Principal Supervisor<\/strong><\/td>\n<\/tr>\n<tr>\n<td>A S M Fahad Hossain<\/td>\n<td>2026\/01<\/td>\n<td>&#8211;<\/td>\n<td><em>Probabilistic seismic analysis<\/em><\/td>\n<td><strong>Principal Supervisor<\/strong><\/td>\n<\/tr>\n<\/tbody>\n<\/table>\n<h3 style=\"color: #59740e;font-family: verdana;text-align: center\">Doctorat<\/h3>\n<table style=\"width: 575px;height: 586px\">\n<colgroup>\n<col style=\"width: 120px\" \/>\n<col style=\"width: 78px\" \/>\n<col style=\"width: 69px\" \/>\n<col style=\"width: 260px\" \/>\n<col style=\"width: 82px\" \/><\/colgroup>\n<tbody>\n<tr>\n<th style=\"text-align: center\"><span style=\"font-weight: bold;color: #b31310;font-family: verdana\">Student<\/span><\/th>\n<th><span style=\"font-weight: bold;color: #b31310;font-family: verdana\">Start<\/span><\/th>\n<th><span style=\"font-weight: bold;color: #b31310;font-family: verdana\">finish<\/span><\/th>\n<th><span style=\"font-weight: bold;color: #b31310;font-family: verdana\">Project \/ Thesis title<\/span><\/th>\n<th><span style=\"font-weight: bold;color: #b31310;font-family: verdana\">Position<\/span><\/th>\n<\/tr>\n<tr>\n<td>Iffat Tarannum<\/td>\n<td>2026\/01<\/td>\n<td>2028\/12<\/td>\n<td><\/td>\n<td><strong>Principal Supervisor<\/strong><\/td>\n<\/tr>\n<tr>\n<td>Mariia Gorlo<\/td>\n<td>2026\/01<\/td>\n<td>2028\/12<\/td>\n<td>Development of a method to predict the occurrence of rock bursts in Canadian deep mines using seismic data<\/td>\n<td><strong>Principal Supervisor<\/strong><\/td>\n<\/tr>\n<tr>\n<td>Oluwabankole Ojo<\/td>\n<td>2026\/01<\/td>\n<td>2028\/12<\/td>\n<td>Experimental and numerical evaluation of the effect of joint opening, joint orientation, and block size on the erosion process of a rock mass<\/td>\n<td><strong>Principal Supervisor<\/strong><\/td>\n<\/tr>\n<tr>\n<td>Amirhossein Rezaei<\/td>\n<td>2024\/01<\/td>\n<td>2026\/12<\/td>\n<td>Development of probabilistic numerical tools based on the MPM method for predicting regressive failures of sensitive clay slopes<\/td>\n<td><strong>Principal Supervisor<\/strong><\/td>\n<\/tr>\n<tr>\n<td>Asaduzzaman Asaduzzaman<\/td>\n<td>2024\/05<\/td>\n<td>2027\/08<\/td>\n<td>Development of a limit equilibrium software for predicting retrograde landslides<\/td>\n<td><strong>Principal Supervisor<\/strong><\/td>\n<\/tr>\n<tr>\n<td>Mehrdad Abed<\/td>\n<td>2023\/09<\/td>\n<td>2026\/12<\/td>\n<td>Evaluation of the dynamic geotechnical characteristics of sensitive clays in the Laflamme Sea region<\/td>\n<td><strong>Principal Supervisor<\/strong><\/td>\n<\/tr>\n<tr>\n<td>Danial Fakhri<\/td>\n<td>2023\/09<\/td>\n<td>2026\/12<\/td>\n<td>Development of an analytical method to assess the erosion of rock masses in dam spillways<\/td>\n<td><strong>Principal Supervisor<\/strong><\/td>\n<\/tr>\n<tr>\n<td>Aboubacar Sidiki Koulibaly<\/td>\n<td>2023\/09<\/td>\n<td>2026\/12<\/td>\n<td><\/td>\n<td><strong>Principal Supervisor<\/strong><\/td>\n<\/tr>\n<\/tbody>\n<\/table>\n<h3 style=\"color: #59740e;font-family: verdana;text-align: center\">Master<\/h3>\n<table style=\"width: 575px;height: 586px\">\n<colgroup>\n<col style=\"width: 120px\" \/>\n<col style=\"width: 78px\" \/>\n<col style=\"width: 69px\" \/>\n<col style=\"width: 260px\" \/>\n<col style=\"width: 82px\" \/><\/colgroup>\n<tbody>\n<tr>\n<th style=\"text-align: center\"><span style=\"font-weight: bold;color: #b31310;font-family: verdana\">Student<\/span><\/th>\n<th><span style=\"font-weight: bold;color: #b31310;font-family: verdana\">Start<\/span><\/th>\n<th><span style=\"font-weight: bold;color: #b31310;font-family: verdana\">finish<\/span><\/th>\n<th><span style=\"font-weight: bold;color: #b31310;font-family: verdana\">Project \/ Thesis title<\/span><\/th>\n<th><span style=\"font-weight: bold;color: #b31310;font-family: verdana\">Position<\/span><\/th>\n<\/tr>\n<tr>\n<td>Md Mulkutur Rahman Samy<\/td>\n<td>2026\/01<\/td>\n<td>2027\/12<\/td>\n<td><\/td>\n<td><strong>Principal Supervisor<\/strong><\/td>\n<\/tr>\n<tr>\n<td>Cedric Atitso Komi Kekeli<\/td>\n<td>2025\/08<\/td>\n<td>2027\/08<\/td>\n<td><\/td>\n<td><strong>Principal Supervisor<\/strong><\/td>\n<\/tr>\n<tr>\n<td>Salma Slimen<\/td>\n<td>2025\/08<\/td>\n<td>2027\/08<\/td>\n<td><\/td>\n<td><strong>Co-supervisor<\/strong><\/td>\n<\/tr>\n<tr>\n<td>Jashia Islam<\/td>\n<td>2024\/05<\/td>\n<td>2026\/08<\/td>\n<td>Formulation of equations to minimize measurement uncertainties in sensitive clays using geophysical methods<\/td>\n<td><strong>Principal Supervisor<\/strong><\/td>\n<\/tr>\n<tr>\n<td>Martine Chabot<\/td>\n<td>2024\/01<\/td>\n<td>2026\/12<\/td>\n<td>Evaluation of the effects of new seismic codes on the stability of embankment dams in Quebec<\/td>\n<td><strong>Principal Supervisor<\/strong><\/td>\n<\/tr>\n<tr>\n<td>Cynthia Vigneault<\/td>\n<td>2024\/01<\/td>\n<td>2026\/12<\/td>\n<td>3D modeling of the valley on the left bank of dike 1 of Bersimis-2 to find the reasons for blockages and unblockings<\/td>\n<td><strong>Principal Supervisor<\/strong><\/td>\n<\/tr>\n<tr>\n<td>Anne-Marie Proulx<\/td>\n<td>2023\/08<\/td>\n<td>2026\/04<\/td>\n<td>Identification of the root causes of failures in the Niobec mine backfilling system and proposal of solutions<\/td>\n<td><strong>Co-supervisor<\/strong><\/td>\n<\/tr>\n<\/tbody>\n<\/table>\n<h2 style=\"color: #59740e;font-family: verdana;text-align: center\">Graduates<\/h2>\n<table style=\"width: 575px;height: 165px\">\n<colgroup>\n<col style=\"width: 120px\" \/>\n<col style=\"width: 78px\" \/>\n<col style=\"width: 69px\" \/>\n<col style=\"width: 260px\" \/>\n<col style=\"width: 82px\" \/><\/colgroup>\n<tbody>\n<tr>\n<th style=\"text-align: center\"><span style=\"font-weight: bold;color: #b31310;font-family: verdana\">Student<\/span><\/th>\n<th><span style=\"font-weight: bold;color: #b31310;font-family: verdana\">Cycle<\/span><\/th>\n<th><span style=\"font-weight: bold;color: #b31310;font-family: verdana\">finish<\/span><\/th>\n<th><span style=\"font-weight: bold;color: #b31310;font-family: verdana\">Project \/ Thesis title<\/span><\/th>\n<th><span style=\"font-weight: bold;color: #b31310;font-family: verdana\">Position<\/span><\/th>\n<th><span style=\"font-weight: bold;color: #b31310;font-family: verdana\">Thesis\u00a0<\/span><\/th>\n<\/tr>\n<tr>\n<td>Zeinab Bayati<\/td>\n<td>\n<h6 style=\"color: #797979;font-family: verdana;text-align: center\">Post-doctorate<\/h6>\n<\/td>\n<td>2025\/12<\/td>\n<td><em>Slope stability in sensitive clay<\/em><\/td>\n<td><strong>Principal Supervisor<\/strong><\/td>\n<td>&#8211;<\/td>\n<\/tr>\n<tr>\n<td>Zinan Ara Urmi<\/td>\n<td>\n<h6 style=\"color: #797979;font-family: verdana;text-align: center\">Post-doctorate<\/h6>\n<\/td>\n<td>2024\/12<\/td>\n<td><em>Slope stability in sensitive clay<\/em><\/td>\n<td><strong>Principal Supervisor<\/strong><\/td>\n<td>&#8211;<\/td>\n<\/tr>\n<tr>\n<td>Shahriyar Heidarzadeh<\/td>\n<td>\n<h6 style=\"color: #797979;font-family: verdana;text-align: center\">Post-doctorate<\/h6>\n<\/td>\n<td>2024\/8<\/td>\n<td><em>Rock burst risk evaluation<\/em><\/td>\n<td><strong>Principal Supervisor<\/strong><\/td>\n<td>&#8211;<\/td>\n<\/tr>\n<tr>\n<td>Mohammad Salsabili<\/td>\n<td>\n<h6 style=\"color: #797979;font-family: verdana;text-align: center\">Post-doctorate<\/h6>\n<\/td>\n<td>2022\/12<\/td>\n<td><em>Probabilistic approach for seismic microzonation integrating 3D<\/em><br \/>\n<em>geological and geotechnical uncertainty<\/em><\/td>\n<td><strong>Principal Supervisor<\/strong><\/td>\n<td>&#8211;<\/td>\n<\/tr>\n<tr>\n<td>Alireza Shahbazi<\/td>\n<td>\n<h6 style=\"color: #797979;font-family: verdana;text-align: center\">Post-doctorate<\/h6>\n<\/td>\n<td>2022\/8<\/td>\n<td><em>Evaluation of the effect of boulder volume on rock mass erosion<\/em><\/td>\n<td><strong>Principal Supervisor<\/strong><\/td>\n<td>&#8211;<\/td>\n<\/tr>\n<tr>\n<td>Rama Vara Prasad Chavali<\/td>\n<td>\n<h6 style=\"color: #797979;font-family: verdana;text-align: center\">Post-doctorate<\/h6>\n<\/td>\n<td>2022\/4<\/td>\n<td><em>Slope stability in sensitive clay<\/em><\/td>\n<td><strong>Principal Supervisor<\/strong><\/td>\n<td>&#8211;<\/td>\n<\/tr>\n<tr>\n<td>Abbas Kamalibandpey<\/td>\n<td>\n<h6 style=\"color: #797979;font-family: verdana;text-align: center\">Post-doctorate<\/h6>\n<\/td>\n<td>2022\/3<\/td>\n<td><em>Erosion in Dam Spillways<\/em><\/td>\n<td><strong>Principal Supervisor<\/strong><\/td>\n<td>&#8211;<\/td>\n<\/tr>\n<tr>\n<td>Esmaeil Eslami<\/td>\n<td>\n<h6 style=\"color: #797979;font-family: verdana;text-align: center\">Post-doctorate<\/h6>\n<\/td>\n<td>2021\/5<\/td>\n<td><em>Rock damage assessment via simple developed methodology of<\/em><br \/>\n<em>vulnerability and fragility functions<\/em><\/td>\n<td><strong>Principal Supervisor<\/strong><\/td>\n<td>&#8211;<\/td>\n<\/tr>\n<tr>\n<td>Shahriyar Heidarzadeh<\/td>\n<td>\n<h6 style=\"color: #797979;font-family: verdana;text-align: center\">Post-doctorate<\/h6>\n<\/td>\n<td>2020\/5<\/td>\n<td><em>Rock burst risk evaluation in underground structures<\/em><\/td>\n<td><strong>Principal Supervisor<\/strong><\/td>\n<td>&#8211;<\/td>\n<\/tr>\n<tr>\n<td>Mahdiyeh Seifaddini<\/td>\n<td>\n<h6 style=\"color: #797979;font-family: verdana;text-align: center\">Post-doctorate<\/h6>\n<\/td>\n<td>2019\/8<\/td>\n<td><em>Mechanical behaviour fragile materials<\/em><\/td>\n<td><strong>Principal Supervisor<\/strong><\/td>\n<td>&#8211;<\/td>\n<\/tr>\n<tr>\n<td>Vineeth Reddy Karnati<\/td>\n<td>\n<h6 style=\"color: #797979;font-family: verdana;text-align: center\">Doctorate<\/h6>\n<\/td>\n<td>2025\/12<\/td>\n<td><em>Influence de la g\u00e9om\u00e9trie des joints et de la rugosit\u00e9 de surface sur les pressions hydrauliques et la stabilit\u00e9 des<\/em><br \/>\n<em>blocs dans les \u00e9vacuateurs de crues \u00e0 l\u2019\u00e9chelle de laboratoire<\/em><\/td>\n<td><strong>Principal Supervisor<\/strong><\/td>\n<td>Th\u00e8se<\/td>\n<\/tr>\n<tr>\n<td>A S M Fahad Hossain<\/td>\n<td>\n<h6 style=\"color: #797979;font-family: verdana;text-align: center\">Doctorate<\/h6>\n<\/td>\n<td>2025\/12<\/td>\n<td><em>Assessment of the occurrence of regressive landslides in sensitive<\/em><br \/>\n<em>clay on dynamic loading<\/em><\/td>\n<td><strong>Principal Supervisor<\/strong><\/td>\n<td>Th\u00e8se<\/td>\n<\/tr>\n<tr>\n<td>Behzad Dastjerdy<\/td>\n<td>\n<h6 style=\"color: #797979;font-family: verdana;text-align: center\">Doctorate<\/h6>\n<\/td>\n<td>2025\/5<\/td>\n<td><em>Evaluation of effects of geomechanical parameters and in-situ stress on rockburst occurrence in deep excavations<\/em><\/td>\n<td><strong>Principal Supervisor<\/strong><\/td>\n<td><a href=\"https:\/\/constellation.uqac.ca\/10208\/1\/Dastjerdy_uqac_0862D_11338.pdf\">Th\u00e8se<\/a><\/td>\n<\/tr>\n<tr>\n<td>Sarah Jacob<\/td>\n<td>\n<h6 style=\"color: #797979;font-family: verdana;text-align: center\">Doctorate<\/h6>\n<\/td>\n<td>2024\/12<\/td>\n<td><em>Determination of geotechnical characteristics of sensitive clay of Lac-Saint-Jean in the objective of prediction of retrogressive landslides<\/em><\/td>\n<td><strong>Principal Supervisor<\/strong><\/td>\n<td><a href=\"https:\/\/constellation.uqac.ca\/10297\/1\/Jacob_Sarah_2025_these.pdf\">Th\u00e8se<\/a><\/td>\n<\/tr>\n<tr>\n<td>Zinan Ara Urmi<\/td>\n<td>\n<h6 style=\"color: #797979;font-family: verdana;text-align: center\">Doctorate<\/h6>\n<\/td>\n<td>2024\/8<\/td>\n<td><em>Prediction of retrogressive landslide in the sensitive clays with the material point method<\/em><\/td>\n<td><strong>Principal Supervisor<\/strong><\/td>\n<td><a href=\"https:\/\/constellation.uqac.ca\/9940\/1\/Urmi_uqac_0862D_11189.pdf\">Th\u00e8se<\/a><\/td>\n<\/tr>\n<tr>\n<td>Vahid Hosseinpour<\/td>\n<td>\n<h6 style=\"color: #797979;font-family: verdana;text-align: center\">Doctorate<\/h6>\n<\/td>\n<td>2023\/9<\/td>\n<td><em>Development of a damage simulator for seismic vulnerability assessment of electrical installations<\/em><\/td>\n<td><strong>Principal Supervisor<\/strong><\/td>\n<td><a href=\"https:\/\/constellation.uqac.ca\/9719\/1\/Hosseinpour_uqac_0862D_11088.pdf\">Th\u00e8se<\/a><\/td>\n<\/tr>\n<tr>\n<td>Yavar Jalili Kashtiban<\/td>\n<td>\n<h6 style=\"color: #797979;font-family: verdana;text-align: center\">Doctorate<\/h6>\n<\/td>\n<td>2023\/8<\/td>\n<td><em>Development of an equation for evaluating hydraulic erosive parameter of unlined dam spillways considering surface irregularities and geometrical parameters<\/em><\/td>\n<td><strong>Principal Supervisor<\/strong><\/td>\n<td><a href=\"https:\/\/constellation.uqac.ca\/9736\/1\/JaliliKashtiban_uqac_0862D_11102.pdf\">Th\u00e8se<\/a><\/td>\n<\/tr>\n<tr>\n<td>Yassine Brahami<\/td>\n<td>\n<h6 style=\"color: #797979;font-family: verdana;text-align: center\">Doctorate<\/h6>\n<\/td>\n<td>2023\/2<\/td>\n<td><em>D\u00e9veloppement d&#8217;un mod\u00e8le de comportement du b\u00e9ton en fonction de la teneur en r\u00e9sidus de bauxite sous contrainte de compression uni-axiale<\/em><\/td>\n<td><strong>Principal Supervisor<\/strong><\/td>\n<td><a href=\"https:\/\/constellation.uqac.ca\/9798\/1\/Brahami_uqac_0862D_11129.pdf\">Th\u00e8se<\/a><\/td>\n<\/tr>\n<tr>\n<td>Attoumane Abi<\/td>\n<td>\n<h6 style=\"color: #797979;font-family: verdana;text-align: center\">Doctorate<\/h6>\n<\/td>\n<td>2022\/12<\/td>\n<td><em>Regional groundwater levels in crystalline aquifers: structural domains, groundwater level monitoring, and factors controlling the response time and variability<\/em><\/td>\n<td><strong>Co-supervisor<\/strong><\/td>\n<td><a href=\"https:\/\/constellation.uqac.ca\/9524\/1\/Abi_uqac_0862D_11051.pdf\">Th\u00e8se<\/a><\/td>\n<\/tr>\n<tr>\n<td>Mahdi Askaripour<\/td>\n<td>\n<h6 style=\"color: #797979;font-family: verdana;text-align: center\">Doctorate<\/h6>\n<\/td>\n<td>2022\/9<\/td>\n<td><em>Determination of the effect of mineralogy and texture on the geomechanical parameters of metamorphic rocks<\/em><\/td>\n<td><strong>Principal Supervisor<\/strong><\/td>\n<td><a href=\"https:\/\/constellation.uqac.ca\/9328\/1\/Askaripour_uqac_0862N_11034.pdf\">Th\u00e8se<\/a><\/td>\n<\/tr>\n<tr>\n<td>Mohammad Salsabili<\/td>\n<td>\n<h6 style=\"color: #797979;font-family: verdana;text-align: center\">Doctorate<\/h6>\n<\/td>\n<td>2022\/4<\/td>\n<td><em>Development of a probabilistic method in seismic microzonation mapping accounting for uncertainties of the 3D geological model and geotechnical soil parameters<\/em><\/td>\n<td><strong>Principal Supervisor<\/strong><\/td>\n<td><a href=\"https:\/\/constellation.uqac.ca\/9303\/1\/Salsabili_uqac_0862D_11023.pdf\">Th\u00e8se<\/a><\/td>\n<\/tr>\n<tr>\n<td>Alireza Shahbazi<\/td>\n<td>\n<h6 style=\"color: #797979;font-family: verdana;text-align: center\">Doctorate<\/h6>\n<\/td>\n<td>2022\/2<\/td>\n<td><em>Using analytical and numerical methods to assess the influence of the structural parameters of fractured-rock on controlling water flow in underground excavations<\/em><\/td>\n<td><strong>Principal Supervisor<\/strong><\/td>\n<td><a href=\"https:\/\/constellation.uqac.ca\/9712\/1\/Shahbazi_Alireza_2022_these.pdf\">Th\u00e8se<\/a><\/td>\n<\/tr>\n<tr>\n<td>Shahriar Heydarzadeh<\/td>\n<td>\n<h6 style=\"color: #797979;font-family: verdana;text-align: center\">Doctorate<\/h6>\n<\/td>\n<td>2018\/12<\/td>\n<td><em>Development of a methodology for assessing the probability of failure in mining stopes operated by sublevel stopping methods<\/em><\/td>\n<td><strong>Principal Supervisor<\/strong><\/td>\n<td><a href=\"https:\/\/constellation.uqac.ca\/4784\/1\/Heidarzadeh_uqac_0862D_10529.pdf\">Th\u00e8se<\/a><\/td>\n<\/tr>\n<tr>\n<td>Hicham Farid<\/td>\n<td>\n<h6 style=\"color: #797979;font-family: verdana;text-align: center\">Doctorate<\/h6>\n<\/td>\n<td>2016\/11<\/td>\n<td><em>Experimental and numerical characterization of visco-elastic behaviour<\/em><br \/>\n<em> of atmospheric ice in icing conditions on power transmission lines<\/em><br \/>\n<em> Present Position.<\/em><\/td>\n<td><strong> Co-supervisor<\/strong><\/td>\n<td><a href=\"https:\/\/constellation.uqac.ca\/4151\/1\/Farid_uqac_0862D_10308.pdf\">Th\u00e8se<\/a><\/td>\n<\/tr>\n<tr>\n<td>Elaheh Motahari Moghadam<\/td>\n<td>\n<h6 style=\"color: #797979;font-family: verdana;text-align: center\">Masters<\/h6>\n<\/td>\n<td>2024\/12<\/td>\n<td><em>Determination of critical hydraulic parameters affecting erosion in spillways using experimental and numerical analyses<\/em><\/td>\n<td><strong>Principal Supervisor<\/strong><\/td>\n<td><a href=\"https:\/\/constellation.uqac.ca\/10087\/1\/MotahariMoghadam_uqac_0862N_11253.pdf\">M\u00e9moire<\/a><\/td>\n<\/tr>\n<tr>\n<td>Marie-H\u00e9l\u00e8ne Wisse<\/td>\n<td>\n<h6 style=\"color: #797979;font-family: verdana;text-align: center\">Masters<\/h6>\n<\/td>\n<td>2022\/12<\/td>\n<td><em>D\u00e9terminer les effets des param\u00e8tres g\u00e9om\u00e9triques du massif rocheux sur l\u2019\u00e9rosion \u00e0 l\u2019aide d\u2019un mod\u00e8le r\u00e9duit d\u2019\u00e9vacuateur de crues<\/em><\/td>\n<td><strong>Principal Supervisor<\/strong><\/td>\n<td><a href=\"https:\/\/constellation.uqac.ca\/9133\/1\/Wisse_uqac_0862N_10984.pdf\">M\u00e9moire<\/a><\/td>\n<\/tr>\n<tr>\n<td>Aboubacar-Sidiki Koulibaly<\/td>\n<td>\n<h6 style=\"color: #797979;font-family: verdana;text-align: center\">Masters<\/h6>\n<\/td>\n<td>2021\/12<\/td>\n<td><em>Conception d&#8217;un mod\u00e8le de laboratoire d&#8217;un \u00e9vacuateur de crue pour \u00e9tudier l&#8217;\u00e9rosion des masses rocheuses<\/em><\/td>\n<td><strong>Principal Supervisor<\/strong><\/td>\n<td><a href=\"https:\/\/constellation.uqac.ca\/8100\/1\/Koulibaly_uqac_0862N_10875.pdf\">M\u00e9moire<\/a><\/td>\n<\/tr>\n<tr>\n<td>Lisa Depriester<\/td>\n<td>\n<h6 style=\"color: #797979;font-family: verdana;text-align: center\">Masters<\/h6>\n<\/td>\n<td>2021\/8<\/td>\n<td><em>Analyses quantitatives et qualitatives de l\u2019ancien village de Saint-Jean-Vianney afin d\u2019\u00e9valuer la possibilit\u00e9 de le faire reconnaitre comme un g\u00e9omorphosite<\/em><\/td>\n<td><strong>Co-supervisor<\/strong><\/td>\n<td><a href=\"https:\/\/constellation.uqac.ca\/8262\/1\/Depriester_uqac_0862N_10889.pdf\">M\u00e9moire<\/a><\/td>\n<\/tr>\n<tr>\n<td>Thomas Barbarisque<\/td>\n<td>\n<h6 style=\"color: #797979;font-family: verdana;text-align: center\">Masters<\/h6>\n<\/td>\n<td>2020\/5<\/td>\n<td>D\u00e9termination des capacit\u00e9s portantes produites par le frottement lat\u00e9ral d&#8217;un pieu en bois dans un sol perg\u00e9lisol<\/td>\n<td><strong>Principal Supervisor<\/strong><\/td>\n<td>&#8211;<\/td>\n<\/tr>\n<tr>\n<td>Blanche Richer<\/td>\n<td>\n<h6 style=\"color: #797979;font-family: verdana;text-align: center\">Masters<\/h6>\n<\/td>\n<td>2020\/4<\/td>\n<td><em>Analyse g\u00e9otechnique des risques de glissement de terrain pour le secteur de Saint-JeanVianney en pr\u00e9vision des am\u00e9nagements pr\u00e9vus par Ville de Saguenay <\/em><\/td>\n<td><strong>Principal Supervisor<\/strong><\/td>\n<td><a href=\"https:\/\/constellation.uqac.ca\/id\/eprint\/8043\/1\/Richer_uqac_0862N_10850.pdf\">M\u00e9moire<\/a><\/td>\n<\/tr>\n<tr>\n<td>Sanou Amande-Gaston<\/td>\n<td>\n<h6 style=\"color: #797979;font-family: verdana;text-align: center\">Masters<\/h6>\n<\/td>\n<td>2020\/6<\/td>\n<td><em>Analyse des donn\u00e9es et des incertitudes sur les param\u00e8tres physiques et m\u00e9caniques de l\u2019argile sensible dans la r\u00e9gion du Saguenay-Lac-Saint-Jean<\/em><\/td>\n<td><strong>Principal Supervisor<\/strong><\/td>\n<td><a href=\"https:\/\/constellation.uqac.ca\/7909\/1\/Sanou_uqac_0862N_10829.pdf\">M\u00e9moire<\/a><\/td>\n<\/tr>\n<tr>\n<td>Karolan Tremblay<\/td>\n<td>\n<h6 style=\"color: #797979;font-family: verdana;text-align: center\">Masters<\/h6>\n<\/td>\n<td>2020\/9<\/td>\n<td><em>D\u00e9termination des param\u00e8tres g\u00e9ologiques et g\u00e9om\u00e9caniques accentuant le risque de coups de terrain \u00e0 proximit\u00e9 de la Faille de Bousquet \u00e0 la mine Westwood <\/em><\/td>\n<td><strong>Principal Supervisor<\/strong><\/td>\n<td><a href=\"https:\/\/constellation.uqac.ca\/8046\/1\/Tremblay_uqac_0862N_10853.pdf\">M\u00e9moire<\/a><\/td>\n<\/tr>\n<tr>\n<td>John Mc-Lean<\/td>\n<td>\n<h6 style=\"color: #797979;font-family: verdana;text-align: center\">Masters<\/h6>\n<\/td>\n<td>2020\/8<\/td>\n<td><em>Capacit\u00e9 portante produite par le frottement lat\u00e9ral d\u2019un pieu en bois dans le perg\u00e9lisol<\/em><\/td>\n<td><strong>Principal Supervisor<\/strong><\/td>\n<td><a href=\"https:\/\/constellation.uqac.ca\/6779\/1\/McLean_uqac_0862N_10778.pdf\">M\u00e9moire<\/a><\/td>\n<\/tr>\n<tr>\n<td>Thomas Foulon<\/td>\n<td>\n<h6 style=\"color: #797979;font-family: verdana;text-align: center\">Masters<\/h6>\n<\/td>\n<td>2016\/12<\/td>\n<td><em>Micro seismic zoning of the city of Saguenay and risk assessment of some public buildings<\/em><\/td>\n<td><strong>Principal Supervisor<\/strong><\/td>\n<td><a href=\"https:\/\/constellation.uqac.ca\/id\/eprint\/4282\/\">M\u00e9moire<\/a><\/td>\n<\/tr>\n<tr>\n<td>Catherine Lavoie<\/td>\n<td>\n<h6 style=\"color: #797979;font-family: verdana;text-align: center\">Masters<\/h6>\n<\/td>\n<td>2018\/4<\/td>\n<td><em>Analysis of the effect of underground backfilling at Niobec Mine on<\/em><br \/>\n<em>stope stability<\/em><\/td>\n<td><strong>Principal Supervisor<\/strong><\/td>\n<td><a href=\"https:\/\/constellation.uqac.ca\/4696\/1\/Lavoie_uqac_0862N_10484.pdf\">M\u00e9moire<\/a><\/td>\n<\/tr>\n<tr>\n<td>Sandra Lalancette<\/td>\n<td>\n<h6 style=\"color: #797979;font-family: verdana;text-align: center\">Masters<\/h6>\n<\/td>\n<td>2017\/10<\/td>\n<td><em>Design of backfilled stops of Niobec Mine by 3D numerical modelling<\/em><\/td>\n<td><strong>Principal Supervisor<\/strong><\/td>\n<td><a href=\"https:\/\/constellation.uqac.ca\/4492\/1\/Lalancette_uqac_0862N_10419.pdf\">M\u00e9moire<\/a><\/td>\n<\/tr>\n<\/tbody>\n<\/table>\n","protected":false},"excerpt":{"rendered":"<p>Overview of supervision cycle number of students Post-doctorat 7 Doctorat 16 Master&#8217;s with thesis 10 Master&#8217;s without thesis 17 Master&#8217;s\u00a0 equivalent 7 Bachelor&#8217;s degree 50 + Supervisions in progress Post-doctorat Student Start finish Project \/ Thesis title Position Md. Foisal Haque 2026\/01 &#8211; Slope stability in sensitive clay Principal Supervisor A S M Fahad Hossain &hellip; <a href=\"https:\/\/portfolio.uqac.ca\/alisaeidi-en\/encadrementsupervision\/\" class=\"more-link\">Continue reading <span class=\"screen-reader-text\">Supervision<\/span> <span class=\"meta-nav\">&rarr;<\/span><\/a><\/p>\n","protected":false},"author":89,"featured_media":0,"parent":0,"menu_order":0,"comment_status":"closed","ping_status":"closed","template":"","meta":{"footnotes":""},"tags":[],"_links":{"self":[{"href":"https:\/\/portfolio.uqac.ca\/alisaeidi-en\/wp-json\/wp\/v2\/pages\/190"}],"collection":[{"href":"https:\/\/portfolio.uqac.ca\/alisaeidi-en\/wp-json\/wp\/v2\/pages"}],"about":[{"href":"https:\/\/portfolio.uqac.ca\/alisaeidi-en\/wp-json\/wp\/v2\/types\/page"}],"author":[{"embeddable":true,"href":"https:\/\/portfolio.uqac.ca\/alisaeidi-en\/wp-json\/wp\/v2\/users\/89"}],"replies":[{"embeddable":true,"href":"https:\/\/portfolio.uqac.ca\/alisaeidi-en\/wp-json\/wp\/v2\/comments?post=190"}],"version-history":[{"count":73,"href":"https:\/\/portfolio.uqac.ca\/alisaeidi-en\/wp-json\/wp\/v2\/pages\/190\/revisions"}],"predecessor-version":[{"id":639,"href":"https:\/\/portfolio.uqac.ca\/alisaeidi-en\/wp-json\/wp\/v2\/pages\/190\/revisions\/639"}],"wp:attachment":[{"href":"https:\/\/portfolio.uqac.ca\/alisaeidi-en\/wp-json\/wp\/v2\/media?parent=190"}],"wp:term":[{"taxonomy":"post_tag","embeddable":true,"href":"https:\/\/portfolio.uqac.ca\/alisaeidi-en\/wp-json\/wp\/v2\/tags?post=190"}],"curies":[{"name":"wp","href":"https:\/\/api.w.org\/{rel}","templated":true}]}}