{"id":27,"date":"2019-04-12T11:16:19","date_gmt":"2019-04-12T15:16:19","guid":{"rendered":"http:\/\/portfolio-pre.uqac.ca\/gabarit\/?page_id=27"},"modified":"2026-01-11T17:08:15","modified_gmt":"2026-01-11T22:08:15","slug":"curriculum-vitae","status":"publish","type":"page","link":"https:\/\/portfolio.uqac.ca\/alisaeidi-en\/curriculum-vitae\/","title":{"rendered":"Curriculum vitae"},"content":{"rendered":"<h2 style=\"color: #59740e;font-family: verdana\">Current Situation<\/h2>\n<p><strong style=\"color: #59740e;font-family: verdana\">Professor <\/strong>at Universit\u00e9 du Qu\u00e9bec \u00e0 Chicoutimi,, Department of Applied Sciences since June<strong> 2018<\/strong><\/p>\n<h3 style=\"color: #59740e;font-family: verdana;text-align: left\">Education<\/h3>\n<ul>\n<li><strong style=\"color: #59740e;font-family: verdana\">Post-doctorate<\/strong>, Risk Analysis, <strong>2010\/08 &#8211; 2011\/07, <\/strong>Ecole des Mines de Nancy, Nancy, France.<\/li>\n<\/ul>\n<ul>\n<li><strong style=\"color: #59740e;font-family: verdana\">Doctorate<\/strong> <span class=\"tlid-translation translation\" lang=\"fr\"><span class=\"\" title=\"\">in Civil Engineering-Geomechanics<\/span><\/span>, <strong>2006\/09-2010\/02<\/strong>, Institut National Polytechnique de Lorraine, Nancy, France.<\/li>\n<\/ul>\n<ul>\n<li><strong style=\"color: #59740e;font-family: verdana\">Master&#8217;s degree\u00a0<\/strong>in Rock Mechanics, <strong>1997\/09-<\/strong><strong>1998\/11,<\/strong> Tehran Polytechnic University, Tehran, Iran.<\/li>\n<\/ul>\n<ul>\n<li><strong style=\"color: #59740e;font-family: verdana\">Bachelor<\/strong> in Mining Engineering, <strong>1992\/02-1995\/10<\/strong>, Yazd University, Yazd, Iran.<\/li>\n<\/ul>\n<p><img loading=\"lazy\" decoding=\"async\" class=\"alignnone wp-image-369\" src=\"https:\/\/portfolio.uqac.ca\/alisaeidi-en\/files\/2019\/07\/imageedit_3_9704303521-e1563641133900-300x210.png\" alt=\"\" width=\"91\" height=\"64\" srcset=\"https:\/\/portfolio.uqac.ca\/alisaeidi-en\/files\/2019\/07\/imageedit_3_9704303521-e1563641133900-300x210.png 300w, https:\/\/portfolio.uqac.ca\/alisaeidi-en\/files\/2019\/07\/imageedit_3_9704303521-e1563641133900.png 367w\" sizes=\"(max-width: 91px) 100vw, 91px\" \/>\u00a0\u00a0\u00a0\u00a0\u00a0\u00a0 <img loading=\"lazy\" decoding=\"async\" class=\"alignnone wp-image-371\" src=\"https:\/\/portfolio.uqac.ca\/alisaeidi-en\/files\/2019\/07\/Logo_-_Institut_national_polytechnique_de_Lorraine.svg_-e1563640641948-300x115.png\" alt=\"\" width=\"94\" height=\"36\" srcset=\"https:\/\/portfolio.uqac.ca\/alisaeidi-en\/files\/2019\/07\/Logo_-_Institut_national_polytechnique_de_Lorraine.svg_-e1563640641948-300x115.png 300w, https:\/\/portfolio.uqac.ca\/alisaeidi-en\/files\/2019\/07\/Logo_-_Institut_national_polytechnique_de_Lorraine.svg_-e1563640641948.png 400w\" sizes=\"(max-width: 94px) 100vw, 94px\" \/>\u00a0\u00a0\u00a0\u00a0\u00a0\u00a0\u00a0\u00a0\u00a0\u00a0<img loading=\"lazy\" decoding=\"async\" class=\"alignnone wp-image-368\" src=\"https:\/\/portfolio.uqac.ca\/alisaeidi-en\/files\/2019\/07\/Aut-tehran-polytechnic-287x300.png\" alt=\"\" width=\"60\" height=\"62\" srcset=\"https:\/\/portfolio.uqac.ca\/alisaeidi-en\/files\/2019\/07\/Aut-tehran-polytechnic-287x300.png 287w, https:\/\/portfolio.uqac.ca\/alisaeidi-en\/files\/2019\/07\/Aut-tehran-polytechnic.png 382w\" sizes=\"(max-width: 60px) 100vw, 60px\" \/>\u00a0\u00a0\u00a0\u00a0\u00a0\u00a0\u00a0 <img loading=\"lazy\" decoding=\"async\" class=\"alignnone wp-image-370\" src=\"https:\/\/portfolio.uqac.ca\/alisaeidi-en\/files\/2019\/07\/imageedit_8_4043208681-234x300.png\" alt=\"\" width=\"62\" height=\"80\" \/><\/p>\n<h2 style=\"color: #59740e;font-family: verdana\"><strong>Professional Experience<em><br \/>\n<\/em><\/strong><\/h2>\n<ul>\n<li><strong style=\"color: #59740e;font-family: verdana\">Canada Research Chair <\/strong>in forecasting and prevention of risks related to hydrogeotechnical hazards at the Universit\u00e9 du Qu\u00e9bec \u00e0 Chicoutimi, D\u00e9partement des sciences appliqu\u00e9es,\u00a0 from <strong>2011\/08 <\/strong>&#8211; <strong>present.<\/strong><\/li>\n<li><strong style=\"color: #59740e;font-family: verdana\">Professor <\/strong>at the Universit\u00e9 du Qu\u00e9bec \u00e0 Chicoutimi, D\u00e9partement des sciences appliqu\u00e9es,\u00a0 from <strong>2018\/05 &#8211; present<\/strong><strong>.<\/strong><\/li>\n<li><strong style=\"color: #59740e;font-family: verdana\">Associate Professor <\/strong>at the Universit\u00e9 du Qu\u00e9bec \u00e0 Chicoutimi, D\u00e9partement des sciences appliqu\u00e9es,\u00a0 from <strong>2011\/08 &#8211; 2018\/05<\/strong><strong>.<\/strong><\/li>\n<li><strong style=\"color: #59740e;font-family: verdana\">Director of &#8220;R2eau&#8221; research group <\/strong>at the Universit\u00e9 du Qu\u00e9bec \u00e0 Chicoutimi, D\u00e9partement des sciences appliqu\u00e9es,\u00a0 from <strong>2011\/08 &#8211; 2018\/05<\/strong>, <strong>2024\/01 &#8211; 2024\/12<\/strong> and <strong>2026\/01 &#8211; present<\/strong><strong>.<\/strong><\/li>\n<li><strong style=\"color: #59740e;font-family: verdana\">Lecturer<em> (ATER) and post doc.<\/em><\/strong> at the Ecole des Mines de Nancy, France, from <strong>2009\/09 &#8211; 2011\/07<\/strong>.<\/li>\n<li><strong style=\"color: #59740e;font-family: verdana\">Lecturer<\/strong> at University of Kerman, Iran, <strong>2000\/09 <\/strong>&#8211; <strong>2006\/07<\/strong>.<\/li>\n<li><strong style=\"color: #59740e;font-family: verdana\">Geomechanical engineer <\/strong>in study office (Iran), Responsible for the rock mechanics department for the national project <strong>&#8220;Gavoshan&#8221;,<\/strong>\u00a0Iran, <strong>1999\/05 &#8211; 2001\/03.<\/strong><\/li>\n<li><strong style=\"color: #59740e;font-family: verdana\">Geomechanical engineer,<\/strong> Zamin Sazeh Consultant Co., Iran, <strong>1997\/12 &#8211; 1998\/01.<\/strong><\/li>\n<\/ul>\n<h2 style=\"color: #59740e;font-family: verdana\">Awards and Honors<strong><br \/>\n<\/strong><\/h2>\n<ul>\n<li><strong>John Franklin Award<\/strong> from the Rock Mechanics Division of the <strong>Canadian Geotechnical Society 2025<\/strong><\/li>\n<\/ul>\n<p><a href=\"https:\/\/www.youtube.com\/watch?v=RrMnLMxHCYk\"><img loading=\"lazy\" decoding=\"async\" class=\"alignnone wp-image-600 size-medium\" src=\"https:\/\/portfolio.uqac.ca\/alisaeidi\/files\/2025\/12\/John-A.-Franklin-Award-Dr.-Ali-Saeidi-300x169.png\" alt=\"\" width=\"300\" height=\"169\" \/><\/a><\/p>\n<h2 style=\"color: #59740e;font-family: verdana\">Professional Associations and Memberships<strong><br \/>\n<\/strong><\/h2>\n<ul>\n<li>Member of the<strong> Ordre des ing\u00e9nieurs du Qu\u00e9bec (OIQ)<\/strong><\/li>\n<li>Member of the <strong>International Society of Rock Mechanics<\/strong><strong>\u00a0(ISRM)<\/strong><\/li>\n<li>Member of the <strong>Canadian Geotechnical Society (CGS)<\/strong><\/li>\n<li>Member of the <strong>Canadian Rock Mechanics Association (CARMA)<\/strong><\/li>\n<li>Member of the <strong>American Rock Mechanics Association (ARMA)<\/strong><\/li>\n<\/ul>\n<h2 style=\"color: #59740e;font-family: verdana\"><strong>Professional Services<br \/>\n<\/strong><\/h2>\n<p><strong style=\"color: #59740e;font-family: verdana\"><strong>Event Administration<\/strong><\/strong><\/p>\n<ul>\n<li><strong style=\"color: #59740e;font-family: verdana\"><em><strong>Co-chair of the <strong style=\"color: #59740e;font-family: verdana\"><em><strong>Technical Committee of <\/strong><\/em><\/strong>the RockEng 2025 Conference<\/strong><\/em><\/strong> the 23rd Canadian Symposium on Rock Mechanics by the Canadian Association of Rock Mechanics (CARMA).<\/li>\n<li><strong style=\"color: #59740e;font-family: verdana\"><em><strong>Chair during a technical session technique of the ACEX2024 Conference<\/strong><\/em><\/strong> the 18th International Conference on Advanced Computational Engineering and Experimenting.<\/li>\n<li><strong style=\"color: #59740e;font-family: verdana\"><em><strong>Chair of the symposium UQAC-MTQ-SCG-Est 2021<\/strong><\/em><\/strong> by the Universit\u00e9 du Qu\u00e9bec \u00e0 Chicoutimi, the Government of Quebec, and the Eastern Quebec (Quebec) Section of the Canadian Geotechnical Society.<\/li>\n<li><strong style=\"color: #59740e;font-family: verdana\"><em><strong>Co-chair of a technical session of the ISRM Conference<\/strong><\/em><\/strong>, Montreal 2015.<\/li>\n<li><strong style=\"color: #59740e;font-family: verdana\"><em><strong>Member of the Scientific Committee and Co-chair<\/strong><\/em><\/strong> of a session at the Qu\u00e9bec Mine 2013 Conference.<\/li>\n<li><strong style=\"color: #59740e;font-family: verdana\"><em>Member of the Scientific Committee of the symposium<\/em><\/strong> \u00ab Exploitations mini\u00e8res pass\u00e9es et pr\u00e9sentes : impacts environnementaux et soci\u00e9taux \u00bb as part of the Jacques Cartier Talks, November 26-27, 2013 in Chamb\u00e9ry, France.<\/li>\n<li><strong style=\"color: #59740e;font-family: verdana\"><em>Member of the Scientific Committee <\/em><\/strong>ACFAS 2018 at the UQAC<strong><em>.<\/em><\/strong><\/li>\n<\/ul>\n<p><strong style=\"color: #59740e;font-family: verdana\"><strong>Editorial Activities<\/strong><\/strong><\/p>\n<ul>\n<li><strong style=\"color: #59740e;font-family: verdana\"><em><strong>Reviewer<\/strong><\/em><\/strong> of the article &#8220;Rock Mechanics and Rock Engineering&#8221;<\/li>\n<li><strong style=\"color: #59740e;font-family: verdana\"><em><strong>Reviewer<\/strong><\/em><\/strong> of the article &#8220;Bulletin of Engineering Geology&#8221;<\/li>\n<li><strong style=\"color: #59740e;font-family: verdana\"><em><strong>Reviewer<\/strong><\/em><\/strong> of the article &#8220;Canadian Geotechnical Journal&#8221;<\/li>\n<li><strong style=\"color: #59740e;font-family: verdana\"><em><strong>Reviewer<\/strong><\/em><\/strong> of the article &#8220;Journal of Rock Mechanics and Geotechnical Engineering&#8221;<\/li>\n<li><strong style=\"color: #59740e;font-family: verdana\"><em><strong>Reveiwer<\/strong><\/em><\/strong> of the article &#8220;Geotechnical and Geological Engineering&#8221;<\/li>\n<li><strong style=\"color: #59740e;font-family: verdana\"><em><strong>Reviewer<\/strong><\/em><\/strong> of the article &#8220;CIM Journal&#8221;<\/li>\n<li><strong style=\"color: #59740e;font-family: verdana\"><em><strong>Reviewer<\/strong><\/em><\/strong> of the article &#8220;International Journal of Rock Mechanics and Mining Sciences&#8221;<\/li>\n<li><strong style=\"color: #59740e;font-family: verdana\"><em><strong>Reviewer<\/strong><\/em><\/strong> of the article &#8220;Landscape and Urban Planning&#8221;<\/li>\n<li><strong style=\"color: #59740e;font-family: verdana\"><em><strong>Invited Editor<\/strong><\/em><\/strong> of the special issue &#8220;Prediction and Prevention of Risks Related to Hydro &#8211; Geotechnical Hazards&#8221; of the article &#8220;Water&#8221;<\/li>\n<\/ul>\n<p><strong style=\"color: #59740e;font-family: verdana\"><strong>Committee Participation<\/strong><\/strong><\/p>\n<ul>\n<li><strong style=\"color: #59740e;font-family: verdana\"><em><strong>Member of the Executive Committee of the DSA <\/strong><\/em><\/strong>at the Universit\u00e9 du Qu\u00e9bec \u00e0 Chicoutimi since <strong>2017<\/strong>.<\/li>\n<li><strong style=\"color: #59740e;font-family: verdana\"><em><strong>Responsible<\/strong><\/em><\/strong> for the Geotechnical Engineering admission exam of the Quebec Order of Engineers since March <strong>2014<\/strong>.<\/li>\n<li><strong style=\"color: #59740e;font-family: verdana\"><em><strong>Member of the evaluation committee for doctoral and master&#8217;s theses <\/strong><\/em><\/strong>to several universities, such as the University of Ottawa, Polytechnique Montr\u00e9al, Universit\u00e9 Laval, UQAC, McGill University and the University of British Columbia, etc., from 2017 to the present.<\/li>\n<li><strong style=\"color: #59740e;font-family: verdana\"><em><strong>Member of the committee of Fonds de recherche du Qu\u00e9bec &#8211; Nature et technologies (FRQNT)<\/strong><\/em><\/strong> \u00ab Grants for early-career researchers from <strong>2023 &#8211; 2024<\/strong>.<\/li>\n<li><strong style=\"color: #59740e;font-family: verdana\"><em><strong>Member of the selection committee for the nomination of candidates for the Tier II Canada Research Chair<\/strong><\/em><\/strong> &#8220;Grants for early-career researchers&#8221; in <strong>2023<\/strong>.<\/li>\n<li><strong style=\"color: #59740e;font-family: verdana\"><em><strong>Member of the Canada Foundation for Innovation (CFI) committee responsible <\/strong><\/em><\/strong>for the &#8220;allocation of John R. Evans Leaders Fund (JELF) grants&#8221; from <strong>2022 &#8211; 2023<\/strong>.<\/li>\n<li><strong style=\"color: #59740e;font-family: verdana\"><em><strong>Member of several committees of the Canadian Geotechnical Society<\/strong><\/em><\/strong> &#8220;Rock Mechanics and Geohazards Committees&#8221; in <strong>2018<\/strong>.<\/li>\n<\/ul>\n<p><strong style=\"color: #59740e;font-family: verdana\"><strong>International Collaboration Activities<\/strong><\/strong><\/p>\n<ul>\n<li><strong style=\"color: #59740e;font-family: verdana\"><em><strong>Academic collaborator and advisor<\/strong><\/em><\/strong> for KTH Royal Institute of Technology and Lule\u00e5 University, Sweden, from <strong>2022 &#8211; 2025<\/strong>.<\/li>\n<li><strong style=\"color: #59740e;font-family: verdana\"><em><strong>Collaboration with hydroelectric power \u2013 UNIPER <\/strong><\/em><\/strong>for the research project focused on assessing the risks of erosion at dam spillways.<\/li>\n<li><strong style=\"color: #59740e;font-family: verdana\"><em><strong>Co-supervision of a doctoral thesis in collaboration with Professor Alba Yerro Colom of Virginia Tech, Virginia, USA <\/strong><\/em><\/strong>on the development of the Material Point Method (MPM) for the prediction of sensitive clayey landslides.<\/li>\n<\/ul>\n<h2 style=\"color: #59740e;font-family: verdana\"><strong>Invited Presentations<\/strong><\/h2>\n<ul>\n<li>Presentation at the <strong>\u00c9cole des Mines de Nancy-INERIS<\/strong>, Nancy, France titled &#8220;Development of probabilistic Approaches for the forecasting and prevention of risks related to hydrogeotechnical hazards&#8221; in <strong>2024<\/strong>.<\/li>\n<li>Presentation to <strong>Geotechnical Engineers at WSP Canada<\/strong> entitled &#8220;Forecasting and prevention of risks related to hydro-geotechnical hazards&#8221; in <strong>2023<\/strong>.<\/li>\n<li>Presentation at the <strong>Canadian Institute of Mining, Saguenay<\/strong> titled &#8220;Backfilling in mining stops: an approach for continuing operations at the Niobec mine&#8221; in <strong>2023<\/strong>.<\/li>\n<li>Presentation at the <strong>8th Iranian Conference on Rock Mechanics<\/strong>, Shahrood, Iran titled &#8220;A damage simulator for the probabilistic assessment of building vulnerability in mining subsidence areas&#8221; in <strong>2022<\/strong>.<\/li>\n<li>Presentation to the <strong>Canadian Geotechnical Society &#8211; Eastern Section Quebec City, Quebec, Canada<\/strong> titled &#8220;Development of a damage simulator to study the vulnerability of an area subjected to subsidence hazards&#8221; in <strong>2021<\/strong>.<\/li>\n<\/ul>\n<h2 style=\"color: #59740e;font-family: verdana\"><strong>Broadcast Interviews<\/strong><\/h2>\n<ul>\n<li><em><strong>Rock Mass Erosion<\/strong><\/em> at the OIQ meeting on June 3, 2023. <a href=\"https:\/\/www.oiq.qc.ca\/activite\/evacuateur-crues-solution-erosion-installation-hydroelectrique\/\"><em>https:\/\/www.oiq.qc.ca\/activite\/evacuateur-cruessolution-erosion-installation-hydroelectrique\/<\/em><\/a><\/li>\n<li><strong>Landslides in Quebec<\/strong> at the Weather Network on June 15, 2022. <a href=\"https:\/\/www.meteomedia.com\/fr\/nouvelles\/meteo\/meteo-extreme\/le-quebec-un-endroit-propice-aux-glissements-de-terrain\">https:\/\/www.meteomedia.com\/fr\/nouvelles\/meteo\/meteo-extreme\/le-quebec-un-endroit-propice-aux-glissements-de-terrain<\/a><\/li>\n<li><strong>Risk of landslides<\/strong> at Radio-Canada on June 15, 2022. <a href=\"https:\/\/ici.radio-canada.ca\/nouvelle\/1891389\/securite-civile-talus-terre-maison\">https:\/\/www.meteomedia.com\/fr\/nouvelles\/meteo\/meteo-extreme\/le-quebec-un-endroit-propice-aux-glissements-de-terrain<\/a><\/li>\n<li><strong>Erosion of a Rock Mass in Dam Spillways<\/strong>\u00a0at Radio-Canada on May 30, 2022. <a href=\"https:\/\/ici.radio-canada.ca\/nouvelle\/1887232\/pfr-riotinto-centrale-eau\">https:\/\/www.meteomedia.com\/fr\/nouvelles\/meteo\/meteo-extreme\/le-quebec-un-endroit-propice-aux-glissements-de-terrain<\/a><\/li>\n<li><strong>Saint-Jean-Vianney: Scientific Advances<\/strong> on Radio-Canada on May 4, 2021. <a href=\"https:\/\/ici.radio-canada.ca\/ohdio\/premiere\/emissions\/cest-jamais-pareil\/segments\/entrevue\/353885\/catastrophesanalyse-nature-terrain-glissement-terrain\">https:\/\/www.meteomedia.com\/fr\/nouvelles\/meteo\/meteo-extreme\/le-quebec-un-endroit-propice-aux-glissements-de-terrain<\/a><\/li>\n<\/ul>\n<h2 style=\"color: #59740e;font-family: verdana\"><strong>Text Interviews<\/strong><\/h2>\n<ul>\n<li><strong>Risk of Landslides<\/strong> as of June 21, 2022. <a href=\"https:\/\/plus.lapresse.ca\/screens\/018d7e39-4b8c-4c31-8c46-5fe85400559f%7C_0.html\">https:\/\/plus.lapresse.ca\/screens\/018d7e39-4b8c-4c31-8c46-5fe85400559f%7C_0.html<\/a><\/li>\n<li><strong>Landslide<\/strong> in La Baie on June 21, 2022. <a href=\"https:\/\/www.lequotidien.com\/2022\/06\/20\/un-expert-estime-que-lesrisques-dun-autre-glissement-sont-grands-8a60f2873d2f1297c05f73c36c6fdb6b\/\">https:\/\/www.lequotidien.com\/2022\/06\/20\/un-expert-estime-que-lesrisques-dun-autre-glissement-sont-grands-8a60f2873d2f1297c05f73c36c6fdb6b\/<\/a><\/li>\n<\/ul>\n","protected":false},"excerpt":{"rendered":"<p>Current Situation Professor at Universit\u00e9 du Qu\u00e9bec \u00e0 Chicoutimi,, Department of Applied Sciences since June 2018 Education Post-doctorate, Risk Analysis, 2010\/08 &#8211; 2011\/07, Ecole des Mines de Nancy, Nancy, France. Doctorate in Civil Engineering-Geomechanics, 2006\/09-2010\/02, Institut National Polytechnique de Lorraine, Nancy, France. Master&#8217;s degree\u00a0in Rock Mechanics, 1997\/09-1998\/11, Tehran Polytechnic University, Tehran, Iran. Bachelor in Mining &hellip; <a href=\"https:\/\/portfolio.uqac.ca\/alisaeidi-en\/curriculum-vitae\/\" class=\"more-link\">Continue reading <span class=\"screen-reader-text\">Curriculum vitae<\/span> <span class=\"meta-nav\">&rarr;<\/span><\/a><\/p>\n","protected":false},"author":89,"featured_media":0,"parent":0,"menu_order":0,"comment_status":"closed","ping_status":"closed","template":"","meta":{"footnotes":""},"tags":[],"_links":{"self":[{"href":"https:\/\/portfolio.uqac.ca\/alisaeidi-en\/wp-json\/wp\/v2\/pages\/27"}],"collection":[{"href":"https:\/\/portfolio.uqac.ca\/alisaeidi-en\/wp-json\/wp\/v2\/pages"}],"about":[{"href":"https:\/\/portfolio.uqac.ca\/alisaeidi-en\/wp-json\/wp\/v2\/types\/page"}],"author":[{"embeddable":true,"href":"https:\/\/portfolio.uqac.ca\/alisaeidi-en\/wp-json\/wp\/v2\/users\/89"}],"replies":[{"embeddable":true,"href":"https:\/\/portfolio.uqac.ca\/alisaeidi-en\/wp-json\/wp\/v2\/comments?post=27"}],"version-history":[{"count":46,"href":"https:\/\/portfolio.uqac.ca\/alisaeidi-en\/wp-json\/wp\/v2\/pages\/27\/revisions"}],"predecessor-version":[{"id":643,"href":"https:\/\/portfolio.uqac.ca\/alisaeidi-en\/wp-json\/wp\/v2\/pages\/27\/revisions\/643"}],"wp:attachment":[{"href":"https:\/\/portfolio.uqac.ca\/alisaeidi-en\/wp-json\/wp\/v2\/media?parent=27"}],"wp:term":[{"taxonomy":"post_tag","embeddable":true,"href":"https:\/\/portfolio.uqac.ca\/alisaeidi-en\/wp-json\/wp\/v2\/tags?post=27"}],"curies":[{"name":"wp","href":"https:\/\/api.w.org\/{rel}","templated":true}]}}