{"id":46,"date":"2019-04-12T11:16:19","date_gmt":"2019-04-12T15:16:19","guid":{"rendered":"http:\/\/portfolio-pre.uqac.ca\/gabarit\/?page_id=46"},"modified":"2021-11-19T12:25:40","modified_gmt":"2021-11-19T17:25:40","slug":"recherche","status":"publish","type":"page","link":"https:\/\/portfolio.uqac.ca\/alisaeidi-en\/recherche\/","title":{"rendered":"Research"},"content":{"rendered":"<h2><strong style=\"color: #59740e;font-family: verdana\">Research Grant\u00a0\u00a0<\/strong><strong style=\"color: #59740e;font-family: verdana\">\u00a0 \u00a0 \u00a0 \u00a0 \u00a0 \u00a0<\/strong><\/h2>\n<h2><strong style=\"color: #59740e;font-family: verdana\">\u00a0\u00a0\u00a0\u00a0\u00a0\u00a0\u00a0\u00a0\u00a0\u00a0\u00a0\u00a0\u00a0\u00a0\u00a0\u00a0\u00a0\u00a0\u00a0\u00a0\u00a0\u00a0\u00a0\u00a0\u00a0\u00a0 Awarded<br \/>\n<\/strong><\/h2>\n<table style=\"undefined;width: 580px\">\n<colgroup>\n<col style=\"width: 245px\" \/>\n<col style=\"width: 210px\" \/>\n<col style=\"width: 130px\" \/>\n<col style=\"width: 125px\" \/> <\/colgroup>\n<tbody>\n<tr>\n<th><span style=\"font-weight: bold;color: #b31310;font-family: verdana\">Research subject<\/span><\/th>\n<th><span style=\"font-weight: bold;color: #b31310;font-family: verdana\">Funding sources<\/span><\/th>\n<th><span style=\"font-weight: bold;color: #b31310;font-family: verdana\">planning<\/span><\/th>\n<th><span style=\"font-weight: bold;color: #b31310;font-family: verdana\">position<\/span><\/th>\n<\/tr>\n<tr>\n<td><b class=\"\">Determination of the effects of rock mass parameters on the erosion of unlined dam spillways based on flume experiment and numerical modelling<\/b><\/td>\n<td><em>MITACS,\u00a0\u00a0UNIPER,\u00a0 Hydro-Quebec<\/em><\/td>\n<td>2021\u00a0&#8211;\u00a02024<\/td>\n<td style=\"text-align: center\"><strong>Principal Applicant<\/strong><\/td>\n<\/tr>\n<tr>\n<td><em><strong>Canada Research Chair in Prediction and Prevention of Risks Related to Hydro-geotechnical Hazards<\/strong><\/em><\/td>\n<td><em>CRC<\/em><\/td>\n<td>2020 &#8211; 2024<\/td>\n<td style=\"text-align: center\"><strong>Principal Applicant<\/strong><\/td>\n<\/tr>\n<tr>\n<td><em><strong>Studies of rock erosion mechanisms downstream of spillways by large-scale experimental (CRD)<\/strong><\/em><\/td>\n<td><em>Natural Sciences and Engineering Research Council of Canada (NSERC) + Hydro-Quebec<\/em><\/td>\n<td>2019 &#8211; 2024<\/td>\n<td style=\"text-align: center\"><strong>Principal Applicant<\/strong><\/td>\n<\/tr>\n<tr>\n<td><em><strong>Probabilistic assessment of the vulnerability of buildings in seismic regions<\/strong><\/em><\/td>\n<td><em>Natural Sciences and Engineering Research Council of Canada (NSERC)<\/em><\/td>\n<td>2019 &#8211; 2024<\/td>\n<td style=\"text-align: center\"><strong>Principal Applicant<\/strong><\/td>\n<\/tr>\n<tr>\n<td><strong><em>Rock erosion mechanisms of the dams spillways by large-scale experimental simulations<\/em><\/strong><\/td>\n<td><em>Hydroelectric Power \u2013 UNIPER-Sweden<\/em><\/td>\n<td>2019 &#8211; 2024<\/td>\n<td style=\"text-align: center\"><strong>Principal Applicant<\/strong><\/td>\n<\/tr>\n<tr>\n<td><strong><em>Assessment of the vulnerability of the hydroelectric equipment to seismic risks in the Saguenay\u2013Lac-Saint-Jean region<\/em><\/strong><\/td>\n<td><em>Natural Sciences and Engineering Research Council of Canada (NSERC)\u00a0 +\u00a0\u00a0Hydro-Qu\u00e9bec<\/em><\/td>\n<td>2019 &#8211; 2023<\/td>\n<td style=\"text-align: center\"><strong>Principal Applicant<\/strong><\/td>\n<\/tr>\n<tr>\n<td><strong><em>\u00a0Determining the effects of structural context, degree of metamorphism, and depth on the occurrence on rockburst phenomena in the Westwood Mine<\/em><\/strong><\/td>\n<td><em>\u00a0Natural Sciences and Engineering Research Council of Canada (NSERC)\u00a0 + Westwood mine<\/em><\/td>\n<td>\u00a02018 &#8211; 2021<\/td>\n<td style=\"text-align: center\">\u00a0<strong>Principal Applicant<\/strong><\/td>\n<\/tr>\n<tr>\n<td><em><strong>\u00a0Establishing stratigraphic sections for the Charlevoix region<\/strong><\/em><\/td>\n<td><em>\u00a0Geological Survey of Canada<\/em><\/td>\n<td>\u00a02018 &#8211; 2020<\/td>\n<td style=\"text-align: center\">\u00a0<strong>Principal Applicant<\/strong><\/td>\n<\/tr>\n<tr>\n<td><strong><em>Geotechnical and geomorphological analysis of landslide risks and the possibility of recognizing the Saint-Jean-Vianney site as a GeoSite\/GeomorphoSite<\/em><\/strong><\/td>\n<td>MITACS, Promotion Saguenay, FUQAC<\/td>\n<td>\u00a02018 &#8211; 2020<\/td>\n<td style=\"text-align: center\">\u00a0<strong>Principal Applicant<\/strong><\/td>\n<\/tr>\n<tr>\n<td><strong><em>\u00a0Rock mechanics tests for SNC-Lavalin<\/em><\/strong><\/td>\n<td><em>\u00a0SNC-Lavalin<\/em><\/td>\n<td>\u00a02017-2020<\/td>\n<td style=\"text-align: center\">\u00a0\u00a0<strong>Principal Applicant<\/strong><\/td>\n<\/tr>\n<tr>\n<td>\u00a0<strong><em>Determining the uncertainty associated with the parameters of sensitive clay for <\/em><\/strong><strong><em>geotechnical risk analysis<\/em><\/strong><\/td>\n<td>\u00a0<em>Natural Sciences and Engineering Research Council of Canada (NSERC) + SEP<\/em><\/td>\n<td>\u00a02019\/4 &#8211; 2019\/10<\/td>\n<td style=\"text-align: center\"><strong>\u00a0Principal Applicant<\/strong><\/td>\n<\/tr>\n<tr>\n<td><em><strong>\u00a0Evaluation of hydraulic erodibility in Hydro-Quebec spillways dams<\/strong><\/em><\/td>\n<td><em>\u00a0Mathematics of Information Technology and Complex Systems (MITACS) + Hydro-Qubebc<\/em><\/td>\n<td>\u00a02017 &#8211; 2019<\/td>\n<td style=\"text-align: center\">\u00a0<strong>Principal Applicant<\/strong><\/td>\n<\/tr>\n<tr>\n<td><strong><em>\u00a0Development of a damage simulator for the probabilistic assessment of building vulnerability in flood areas<\/em><\/strong><\/td>\n<td><em>Fondation de l&#8217;Universit\u00e9 du Qu\u00e9bec \u00e0 Chicoutimi\u00a0(FUQAC)<\/em><\/td>\n<td>\u00a02017 &#8211; 2019<\/td>\n<td style=\"text-align: center\">\u00a0\u00a0<strong>Principal Applicant<\/strong><\/td>\n<\/tr>\n<tr>\n<td>\u00a0<em><strong>Development of a damage simulator for the probabilistic assessment of building vulnerability in flood areas<\/strong><\/em><\/td>\n<td><em>\u00a0Natural Sciences and Engineering Research Council of Canada (NSERC)<\/em><\/td>\n<td>\u00a02017 &#8211; 2019<\/td>\n<td style=\"text-align: center\"><strong>\u00a0Principal Investigator<\/strong><\/td>\n<\/tr>\n<tr>\n<td><em><strong>Research group infrastructure grant: R2eau UQAC<\/strong><\/em><\/td>\n<td><em>Fondation de l&#8217;Universit\u00e9 du Qu\u00e9bec \u00e0 Chicoutimi\u00a0 (FUQAC)<\/em><\/td>\n<td>2013 &#8211; 2018<\/td>\n<td style=\"text-align: center\"><strong>Co-applicant<\/strong><\/td>\n<\/tr>\n<\/tbody>\n<\/table>\n<h2 style=\"text-align: center\"><strong style=\"color: #59740e;font-family: verdana\">\u00a0\u00a0\u00a0\u00a0\u00a0 Completed<br \/>\n<\/strong><\/h2>\n<table style=\"undefined;width: 580px\">\n<colgroup>\n<col style=\"width: 245px\" \/>\n<col style=\"width: 210px\" \/>\n<col style=\"width: 130px\" \/>\n<col style=\"width: 125px\" \/> <\/colgroup>\n<tbody>\n<tr>\n<th><span style=\"font-weight: bold;color: #b31310;font-family: verdana\">Research subject<\/span><\/th>\n<th><span style=\"font-weight: bold;color: #b31310;font-family: verdana\">Funding sources<\/span><\/th>\n<th><span style=\"font-weight: bold;color: #b31310;font-family: verdana\">planning<\/span><\/th>\n<th><span style=\"font-weight: bold;color: #b31310;font-family: verdana\">position<\/span><\/th>\n<\/tr>\n<tr>\n<td><strong><em>Back analysis of collapses to better assess the stability of future projects of an operating <\/em><\/strong><strong><em>mine<\/em><\/strong><\/td>\n<td><em>Natural Sciences and Engineering Research Council of Canada (NSERC)<br \/>\nCollaborative Research and Development Grants(Niobec Mine-NSERC)<\/em><\/td>\n<td>2017 &#8211; 2019<\/td>\n<td style=\"text-align: center\"><strong>Principal Investigator<\/strong><\/td>\n<\/tr>\n<tr>\n<td><strong><em>Seismic hazard zonation in the Saguenay region with consideration of site effects<\/em><\/strong><\/td>\n<td><em>Fondation de l&#8217;Universit\u00e9 du Qu\u00e9bec \u00e0 Chicoutimi (FUQAC)<\/em><\/td>\n<td>2016- 2017<\/td>\n<td style=\"text-align: center\"><strong>Principal Applicant<\/strong><\/td>\n<\/tr>\n<tr>\n<td><strong><em>Susceptibility to the erosion of the rock-excavated spillways<\/em><\/strong><\/td>\n<td><em>Natural Sciences and Engineering Research Council of Canada (NSERC)<\/em><\/td>\n<td>2016\/7 &#8211; 2016\/12<\/td>\n<td style=\"text-align: center\"><strong>Principal Applicant<\/strong><\/td>\n<\/tr>\n<tr>\n<td><strong><em>Assessment of seismic risks for the Saguenay region and evaluation of vulnerability of some public buildings<\/em><\/strong><\/td>\n<td><em>Natural Resources Canada + Ville de Saguenay<\/em><\/td>\n<td>2014 -2016<\/td>\n<td style=\"text-align: center\"><strong>Principal Investigator<\/strong><\/td>\n<\/tr>\n<tr>\n<td><em><strong>Hydraulic and geochemical consequences of hydrofracking on aquifers for shale gas extraction<\/strong><\/em><\/td>\n<td><em>Fondation de l&#8217;Universit\u00e9 du Qu\u00e9bec \u00e0 Chicoutimi (FUQAC)<\/em><\/td>\n<td>2013 &#8211; 2016<\/td>\n<td style=\"text-align: center\"><strong>Collaborator<\/strong><\/td>\n<\/tr>\n<tr>\n<td><strong><em>Evaluation of rock fall risk in the Saguenay region<\/em><\/strong><\/td>\n<td><em>Fondation de l&#8217;Universit\u00e9 du Qu\u00e9bec \u00e0 Chicoutimi (FUQAC)<\/em><\/td>\n<td>2012 &#8211; 2015<\/td>\n<td style=\"text-align: center\"><strong>Principal Investigator<\/strong><\/td>\n<\/tr>\n<tr>\n<td><strong><em>start-up grant<\/em><\/strong><\/td>\n<td><em>Fondation de l&#8217;Universit\u00e9 du Qu\u00e9bec \u00e0 Chicoutimi(FUQAC)<\/em><\/td>\n<td>2012\/4 &#8211; 2014\/3<\/td>\n<td style=\"text-align: center\"><strong>Principal Investigator<\/strong><\/td>\n<\/tr>\n<\/tbody>\n<\/table>\n<h2><strong style=\"color: #59740e;font-family: verdana\">Presentation on researches<\/strong><\/h2>\n<ul>\n<li class=\"notranslate slideshow-title-text\"><strong style=\"color: #000000;font-family: verdana\"><span class=\"j-title-breadcrumb\">Geotechnical analysis of landslide risks in anticipation of the planned development of the city of Saguenay at the Saint-Jean-Vianney site<\/span> <\/strong><\/li>\n<\/ul>\n<p><a href=\"https:\/\/www.slideshare.net\/secret\/dTMcLXiUWGJcyZ\" target=\"_blank\"><img loading=\"lazy\" decoding=\"async\" class=\"alignnone wp-image-434\" src=\"https:\/\/portfolio.uqac.ca\/alisaeidi-en\/files\/2019\/07\/Annotation-2019-07-23-104259-300x250.png\" alt=\"Analyse g\u00e9otechnique des risques de glissement de terrain en pr\u00e9vision du d\u00e9veloppement pr\u00e9vu de la ville de Saguenay du site de Saint-Jean-Vianney\" width=\"480\" height=\"400\" srcset=\"https:\/\/portfolio.uqac.ca\/alisaeidi-en\/files\/2019\/07\/Annotation-2019-07-23-104259-300x250.png 300w, https:\/\/portfolio.uqac.ca\/alisaeidi-en\/files\/2019\/07\/Annotation-2019-07-23-104259.png 632w\" sizes=\"(max-width: 480px) 100vw, 480px\" \/><\/a><\/p>\n<ul>\n<li><strong style=\"color: #000000;font-family: verdana\">Hydraulic Rock Erosion of Unlined Spillway \u2013 Review of Existing Evaluation Methods<br \/>\n<\/strong><\/li>\n<\/ul>\n<p><a href=\"https:\/\/www.slideshare.net\/secret\/ouNVZKxA7Q78Zu\" target=\"_blank\"><img loading=\"lazy\" decoding=\"async\" class=\"alignnone wp-image-448 size-full\" src=\"https:\/\/portfolio.uqac.ca\/alisaeidi-en\/files\/2019\/07\/Annotation-2019-07-24-101121.png\" width=\"631\" height=\"413\" srcset=\"https:\/\/portfolio.uqac.ca\/alisaeidi-en\/files\/2019\/07\/Annotation-2019-07-24-101121.png 631w, https:\/\/portfolio.uqac.ca\/alisaeidi-en\/files\/2019\/07\/Annotation-2019-07-24-101121-300x196.png 300w\" sizes=\"(max-width: 631px) 100vw, 631px\" \/><\/a><\/p>\n<ul>\n<li><strong style=\"color: #000000;font-family: verdana\">\u00a0Determining geomechanical parameters controlling rock hydraulic erodibility in unlined spillways<br \/>\n<\/strong><\/li>\n<\/ul>\n<p><a href=\"https:\/\/www.slideshare.net\/secret\/o1cBDoXzP3KItk\" target=\"_blank\"><img loading=\"lazy\" decoding=\"async\" class=\"alignnone wp-image-438\" src=\"https:\/\/portfolio.uqac.ca\/alisaeidi-en\/files\/2019\/07\/Annotation-2019-07-23-110734.png\" alt=\"D\u00e9termination des param\u00e8tres g\u00e9om\u00e9caniques contr\u00f4lant l'\u00e9rodibilit\u00e9 hydraulique des roches dans des d\u00e9versoirs sans rev\u00eatement\" width=\"480\" height=\"313\" srcset=\"https:\/\/portfolio.uqac.ca\/alisaeidi-en\/files\/2019\/07\/Annotation-2019-07-23-110734.png 632w, https:\/\/portfolio.uqac.ca\/alisaeidi-en\/files\/2019\/07\/Annotation-2019-07-23-110734-300x196.png 300w\" sizes=\"(max-width: 480px) 100vw, 480px\" \/><\/a><\/p>\n","protected":false},"excerpt":{"rendered":"<p>Research Grant\u00a0\u00a0\u00a0 \u00a0 \u00a0 \u00a0 \u00a0 \u00a0 \u00a0\u00a0\u00a0\u00a0\u00a0\u00a0\u00a0\u00a0\u00a0\u00a0\u00a0\u00a0\u00a0\u00a0\u00a0\u00a0\u00a0\u00a0\u00a0\u00a0\u00a0\u00a0\u00a0\u00a0\u00a0\u00a0 Awarded Research subject Funding sources planning position Determination of the effects of rock mass parameters on the erosion of unlined dam spillways based on flume experiment and numerical modelling MITACS,\u00a0\u00a0UNIPER,\u00a0 Hydro-Quebec 2021\u00a0&#8211;\u00a02024 Principal Applicant Canada Research Chair in Prediction and Prevention of Risks Related to Hydro-geotechnical Hazards &hellip; <a href=\"https:\/\/portfolio.uqac.ca\/alisaeidi-en\/recherche\/\" class=\"more-link\">Continue reading <span class=\"screen-reader-text\">Research<\/span> <span class=\"meta-nav\">&rarr;<\/span><\/a><\/p>\n","protected":false},"author":89,"featured_media":0,"parent":0,"menu_order":0,"comment_status":"closed","ping_status":"closed","template":"","meta":{"footnotes":""},"tags":[],"_links":{"self":[{"href":"https:\/\/portfolio.uqac.ca\/alisaeidi-en\/wp-json\/wp\/v2\/pages\/46"}],"collection":[{"href":"https:\/\/portfolio.uqac.ca\/alisaeidi-en\/wp-json\/wp\/v2\/pages"}],"about":[{"href":"https:\/\/portfolio.uqac.ca\/alisaeidi-en\/wp-json\/wp\/v2\/types\/page"}],"author":[{"embeddable":true,"href":"https:\/\/portfolio.uqac.ca\/alisaeidi-en\/wp-json\/wp\/v2\/users\/89"}],"replies":[{"embeddable":true,"href":"https:\/\/portfolio.uqac.ca\/alisaeidi-en\/wp-json\/wp\/v2\/comments?post=46"}],"version-history":[{"count":23,"href":"https:\/\/portfolio.uqac.ca\/alisaeidi-en\/wp-json\/wp\/v2\/pages\/46\/revisions"}],"predecessor-version":[{"id":575,"href":"https:\/\/portfolio.uqac.ca\/alisaeidi-en\/wp-json\/wp\/v2\/pages\/46\/revisions\/575"}],"wp:attachment":[{"href":"https:\/\/portfolio.uqac.ca\/alisaeidi-en\/wp-json\/wp\/v2\/media?parent=46"}],"wp:term":[{"taxonomy":"post_tag","embeddable":true,"href":"https:\/\/portfolio.uqac.ca\/alisaeidi-en\/wp-json\/wp\/v2\/tags?post=46"}],"curies":[{"name":"wp","href":"https:\/\/api.w.org\/{rel}","templated":true}]}}