{"id":27,"date":"2019-11-25T11:48:50","date_gmt":"2019-11-25T16:48:50","guid":{"rendered":"http:\/\/portfolio-pre.uqac.ca\/gabarit\/?page_id=27"},"modified":"2020-01-27T11:48:18","modified_gmt":"2020-01-27T16:48:18","slug":"curriculum-vitae","status":"publish","type":"page","link":"https:\/\/portfolio.uqac.ca\/anastasieambouleabath\/curriculum-vitae\/","title":{"rendered":"Curriculum vitae"},"content":{"rendered":"<h2><strong>Dipl\u00f4mes<\/strong><\/h2>\n<p>1999 &#8211; 2007 Doctorat, Ph. D, Administration scolaire, Universit\u00e9 Laval<\/p>\n<p>1994 &#8211; 1996 Ma\u00eetrise, \u00e9ducation, Universit\u00e9 Laval<\/p>\n<p><strong><br \/>\n<\/strong><\/p>\n","protected":false},"excerpt":{"rendered":"<p>Dipl\u00f4mes 1999 &#8211; 2007 Doctorat, Ph. D, Administration scolaire, Universit\u00e9 Laval 1994 &#8211; 1996 Ma\u00eetrise, \u00e9ducation, Universit\u00e9 Laval<\/p>\n","protected":false},"author":89,"featured_media":0,"parent":0,"menu_order":0,"comment_status":"closed","ping_status":"closed","template":"","meta":{"footnotes":""},"tags":[],"_links":{"self":[{"href":"https:\/\/portfolio.uqac.ca\/anastasieambouleabath\/wp-json\/wp\/v2\/pages\/27"}],"collection":[{"href":"https:\/\/portfolio.uqac.ca\/anastasieambouleabath\/wp-json\/wp\/v2\/pages"}],"about":[{"href":"https:\/\/portfolio.uqac.ca\/anastasieambouleabath\/wp-json\/wp\/v2\/types\/page"}],"author":[{"embeddable":true,"href":"https:\/\/portfolio.uqac.ca\/anastasieambouleabath\/wp-json\/wp\/v2\/users\/89"}],"replies":[{"embeddable":true,"href":"https:\/\/portfolio.uqac.ca\/anastasieambouleabath\/wp-json\/wp\/v2\/comments?post=27"}],"version-history":[{"count":6,"href":"https:\/\/portfolio.uqac.ca\/anastasieambouleabath\/wp-json\/wp\/v2\/pages\/27\/revisions"}],"predecessor-version":[{"id":186,"href":"https:\/\/portfolio.uqac.ca\/anastasieambouleabath\/wp-json\/wp\/v2\/pages\/27\/revisions\/186"}],"wp:attachment":[{"href":"https:\/\/portfolio.uqac.ca\/anastasieambouleabath\/wp-json\/wp\/v2\/media?parent=27"}],"wp:term":[{"taxonomy":"post_tag","embeddable":true,"href":"https:\/\/portfolio.uqac.ca\/anastasieambouleabath\/wp-json\/wp\/v2\/tags?post=27"}],"curies":[{"name":"wp","href":"https:\/\/api.w.org\/{rel}","templated":true}]}}