{"id":4,"date":"2019-11-25T11:48:50","date_gmt":"2019-11-25T16:48:50","guid":{"rendered":"http:\/\/portfolio-pre.uqac.ca\/gabarit\/?page_id=4"},"modified":"2020-01-27T11:46:20","modified_gmt":"2020-01-27T16:46:20","slug":"presentatio","status":"publish","type":"page","link":"https:\/\/portfolio.uqac.ca\/anastasieambouleabath\/","title":{"rendered":"Pr\u00e9sentation"},"content":{"rendered":"<h2>Anastasie Amboul\u00e9 Abath<\/h2>\n<p>Professeure au d\u00e9partement des sciences de l&#8217;\u00e9ducation<\/p>\n<p>Anastasie Amboul\u00e9 Abath est titulaire d\u2019un doctorat en administration et politiques scolaires de l\u2019Universit\u00e9 Laval et professeure au D\u00e9partement des sciences de l\u2019\u00e9ducation de l\u2019Universit\u00e9 du Qu\u00e9bec \u00e0 Chicoutimi (UQAC). Elle est chercheuse r\u00e9guli\u00e8re au Centre de recherche et d\u2019intervention sur la r\u00e9ussite scolaire (CRIRES) et membre r\u00e9guli\u00e8re du R\u00e9seau qu\u00e9b\u00e9cois en \u00e9tudes f\u00e9ministes (R\u00e9QEF).<\/p>\n<h2>Champs d\u2019int\u00e9r\u00eat<\/h2>\n<ul>\n<li>Administration scolaire<\/li>\n<li>Leadership en \u00e9ducation<\/li>\n<li>Gestion des ressources humaines en \u00e9ducation<\/li>\n<li>Planification en \u00e9ducation<\/li>\n<li>R\u00e9ussite et pers\u00e9v\u00e9rance scolaire<\/li>\n<li>Genre et \u00e9ducation<\/li>\n<li>\u00c9valuation des politiques \u00e9ducatives<\/li>\n<\/ul>\n<p>&nbsp;<\/p>\n","protected":false},"excerpt":{"rendered":"<p>Anastasie Amboul\u00e9 Abath Professeure au d\u00e9partement des sciences de l&#8217;\u00e9ducation Anastasie Amboul\u00e9 Abath est titulaire d\u2019un doctorat en administration et politiques scolaires de l\u2019Universit\u00e9 Laval et professeure au D\u00e9partement des sciences de l\u2019\u00e9ducation de l\u2019Universit\u00e9 du Qu\u00e9bec \u00e0 Chicoutimi (UQAC). Elle est chercheuse r\u00e9guli\u00e8re au Centre de recherche et d\u2019intervention sur la r\u00e9ussite scolaire (CRIRES) &hellip; <a href=\"https:\/\/portfolio.uqac.ca\/anastasieambouleabath\/\" class=\"more-link\">Continuer la lecture de <span class=\"screen-reader-text\">Pr\u00e9sentation<\/span>  <span class=\"meta-nav\">&rarr;<\/span><\/a><\/p>\n","protected":false},"author":89,"featured_media":0,"parent":0,"menu_order":0,"comment_status":"closed","ping_status":"closed","template":"","meta":{"footnotes":""},"tags":[],"_links":{"self":[{"href":"https:\/\/portfolio.uqac.ca\/anastasieambouleabath\/wp-json\/wp\/v2\/pages\/4"}],"collection":[{"href":"https:\/\/portfolio.uqac.ca\/anastasieambouleabath\/wp-json\/wp\/v2\/pages"}],"about":[{"href":"https:\/\/portfolio.uqac.ca\/anastasieambouleabath\/wp-json\/wp\/v2\/types\/page"}],"author":[{"embeddable":true,"href":"https:\/\/portfolio.uqac.ca\/anastasieambouleabath\/wp-json\/wp\/v2\/users\/89"}],"replies":[{"embeddable":true,"href":"https:\/\/portfolio.uqac.ca\/anastasieambouleabath\/wp-json\/wp\/v2\/comments?post=4"}],"version-history":[{"count":14,"href":"https:\/\/portfolio.uqac.ca\/anastasieambouleabath\/wp-json\/wp\/v2\/pages\/4\/revisions"}],"predecessor-version":[{"id":184,"href":"https:\/\/portfolio.uqac.ca\/anastasieambouleabath\/wp-json\/wp\/v2\/pages\/4\/revisions\/184"}],"wp:attachment":[{"href":"https:\/\/portfolio.uqac.ca\/anastasieambouleabath\/wp-json\/wp\/v2\/media?parent=4"}],"wp:term":[{"taxonomy":"post_tag","embeddable":true,"href":"https:\/\/portfolio.uqac.ca\/anastasieambouleabath\/wp-json\/wp\/v2\/tags?post=4"}],"curies":[{"name":"wp","href":"https:\/\/api.w.org\/{rel}","templated":true}]}}