{"id":46,"date":"2019-11-25T11:48:50","date_gmt":"2019-11-25T16:48:50","guid":{"rendered":"http:\/\/portfolio-pre.uqac.ca\/gabarit\/?page_id=46"},"modified":"2020-01-27T16:09:37","modified_gmt":"2020-01-27T21:09:37","slug":"recherche","status":"publish","type":"page","link":"https:\/\/portfolio.uqac.ca\/anastasieambouleabath\/recherche\/","title":{"rendered":"Recherche"},"content":{"rendered":"<p>(2019\/4-2020\/6) CRRE Pour un partenariat \u00c9cole-Famille-Communaut\u00e9 (P-\u00c9-F-C) au b\u00e9n\u00e9fice de la<br \/>\nr\u00e9ussite \u00e9ducative des jeunes au Bas-Saguenay Sud., Subvention, Fonctionnement<\/p>\n<p>(2014\/5-2015\/4) Mesure des effets de l&#8217;environnement socioscolaire sur la r\u00e9ussite et la pers\u00e9v\u00e9rance<br \/>\nscolaire des \u00e9l\u00e8ves au secondaire issus des minorit\u00e9s visibles.<\/p>\n<p>(2015\/6 &#8211; 2015\/12) Cartographie de la f\u00e9minisation des postes de direction d&#8217;\u00e9coles au Qu\u00e9bec<\/p>\n<p>(2013\/4 &#8211; 2015\/12) Consortium R\u00e9gional de Recherche en \u00e9ducation (CRRE)<\/p>\n","protected":false},"excerpt":{"rendered":"<p>(2019\/4-2020\/6) CRRE Pour un partenariat \u00c9cole-Famille-Communaut\u00e9 (P-\u00c9-F-C) au b\u00e9n\u00e9fice de la r\u00e9ussite \u00e9ducative des jeunes au Bas-Saguenay Sud., Subvention, Fonctionnement (2014\/5-2015\/4) Mesure des effets de l&#8217;environnement socioscolaire sur la r\u00e9ussite et la pers\u00e9v\u00e9rance scolaire des \u00e9l\u00e8ves au secondaire issus des minorit\u00e9s visibles. (2015\/6 &#8211; 2015\/12) Cartographie de la f\u00e9minisation des postes de direction d&#8217;\u00e9coles au &hellip; <a href=\"https:\/\/portfolio.uqac.ca\/anastasieambouleabath\/recherche\/\" class=\"more-link\">Continuer la lecture de <span class=\"screen-reader-text\">Recherche<\/span>  <span class=\"meta-nav\">&rarr;<\/span><\/a><\/p>\n","protected":false},"author":89,"featured_media":0,"parent":0,"menu_order":0,"comment_status":"closed","ping_status":"closed","template":"","meta":{"footnotes":""},"tags":[],"_links":{"self":[{"href":"https:\/\/portfolio.uqac.ca\/anastasieambouleabath\/wp-json\/wp\/v2\/pages\/46"}],"collection":[{"href":"https:\/\/portfolio.uqac.ca\/anastasieambouleabath\/wp-json\/wp\/v2\/pages"}],"about":[{"href":"https:\/\/portfolio.uqac.ca\/anastasieambouleabath\/wp-json\/wp\/v2\/types\/page"}],"author":[{"embeddable":true,"href":"https:\/\/portfolio.uqac.ca\/anastasieambouleabath\/wp-json\/wp\/v2\/users\/89"}],"replies":[{"embeddable":true,"href":"https:\/\/portfolio.uqac.ca\/anastasieambouleabath\/wp-json\/wp\/v2\/comments?post=46"}],"version-history":[{"count":4,"href":"https:\/\/portfolio.uqac.ca\/anastasieambouleabath\/wp-json\/wp\/v2\/pages\/46\/revisions"}],"predecessor-version":[{"id":189,"href":"https:\/\/portfolio.uqac.ca\/anastasieambouleabath\/wp-json\/wp\/v2\/pages\/46\/revisions\/189"}],"wp:attachment":[{"href":"https:\/\/portfolio.uqac.ca\/anastasieambouleabath\/wp-json\/wp\/v2\/media?parent=46"}],"wp:term":[{"taxonomy":"post_tag","embeddable":true,"href":"https:\/\/portfolio.uqac.ca\/anastasieambouleabath\/wp-json\/wp\/v2\/tags?post=46"}],"curies":[{"name":"wp","href":"https:\/\/api.w.org\/{rel}","templated":true}]}}