{"id":27,"date":"2012-07-24T12:57:18","date_gmt":"2012-07-24T12:57:18","guid":{"rendered":"http:\/\/portfolio-pre.uqac.ca\/gabarit\/?page_id=27"},"modified":"2014-10-08T11:59:42","modified_gmt":"2014-10-08T15:59:42","slug":"formationacademique","status":"publish","type":"page","link":"https:\/\/portfolio.uqac.ca\/anniedeslauriers\/formationacademique\/","title":{"rendered":"Formation acad\u00e9mique"},"content":{"rendered":"<ul>\n<li>\u00c9tudes postdoctorales (Universit\u00e0 degli Studi di Padova);<\/li>\n<\/ul>\n<ul>\n<li>Doctorat en sciences de l&#8217;environnement (UQAC);<\/li>\n<\/ul>\n<ul>\n<li>Ma\u00eetrise en ressources renouvelables (UQAC);<\/li>\n<\/ul>\n<ul>\n<li>Baccalaur\u00e9at en biologie (Universit\u00e9 Laval).<\/li>\n<\/ul>\n","protected":false},"excerpt":{"rendered":"<p>\u00c9tudes postdoctorales (Universit\u00e0 degli Studi di Padova); Doctorat en sciences de l&#8217;environnement (UQAC); Ma\u00eetrise en ressources renouvelables (UQAC); Baccalaur\u00e9at en biologie (Universit\u00e9 Laval).<\/p>\n","protected":false},"author":44,"featured_media":0,"parent":0,"menu_order":0,"comment_status":"closed","ping_status":"closed","template":"","meta":{"footnotes":""},"tags":[],"_links":{"self":[{"href":"https:\/\/portfolio.uqac.ca\/anniedeslauriers\/wp-json\/wp\/v2\/pages\/27"}],"collection":[{"href":"https:\/\/portfolio.uqac.ca\/anniedeslauriers\/wp-json\/wp\/v2\/pages"}],"about":[{"href":"https:\/\/portfolio.uqac.ca\/anniedeslauriers\/wp-json\/wp\/v2\/types\/page"}],"author":[{"embeddable":true,"href":"https:\/\/portfolio.uqac.ca\/anniedeslauriers\/wp-json\/wp\/v2\/users\/44"}],"replies":[{"embeddable":true,"href":"https:\/\/portfolio.uqac.ca\/anniedeslauriers\/wp-json\/wp\/v2\/comments?post=27"}],"version-history":[{"count":5,"href":"https:\/\/portfolio.uqac.ca\/anniedeslauriers\/wp-json\/wp\/v2\/pages\/27\/revisions"}],"predecessor-version":[{"id":90,"href":"https:\/\/portfolio.uqac.ca\/anniedeslauriers\/wp-json\/wp\/v2\/pages\/27\/revisions\/90"}],"wp:attachment":[{"href":"https:\/\/portfolio.uqac.ca\/anniedeslauriers\/wp-json\/wp\/v2\/media?parent=27"}],"wp:term":[{"taxonomy":"post_tag","embeddable":true,"href":"https:\/\/portfolio.uqac.ca\/anniedeslauriers\/wp-json\/wp\/v2\/tags?post=27"}],"curies":[{"name":"wp","href":"https:\/\/api.w.org\/{rel}","templated":true}]}}