{"id":4,"date":"2012-07-23T17:46:31","date_gmt":"2012-07-23T17:46:31","guid":{"rendered":"http:\/\/portfolio-pre.uqac.ca\/gabarit\/?page_id=4"},"modified":"2014-10-08T13:39:33","modified_gmt":"2014-10-08T17:39:33","slug":"presentatio","status":"publish","type":"page","link":"https:\/\/portfolio.uqac.ca\/anniedeslauriers\/","title":{"rendered":"Pr\u00e9sentation"},"content":{"rendered":"<h2>Annie Deslauriers<\/h2>\n<p>Professeure au d\u00e9partement des sciences fondamentales<\/p>\n<h2>Champs d&#8217;int\u00e9r\u00eat<\/h2>\n<p><span style=\"color: #000000;\">Anatomie et \u00e9cologie v\u00e9g\u00e9tale<\/span><\/p>\n","protected":false},"excerpt":{"rendered":"<p>Annie Deslauriers Professeure au d\u00e9partement des sciences fondamentales Champs d&#8217;int\u00e9r\u00eat Anatomie et \u00e9cologie v\u00e9g\u00e9tale<\/p>\n","protected":false},"author":44,"featured_media":0,"parent":0,"menu_order":0,"comment_status":"closed","ping_status":"closed","template":"","meta":{"footnotes":""},"tags":[],"_links":{"self":[{"href":"https:\/\/portfolio.uqac.ca\/anniedeslauriers\/wp-json\/wp\/v2\/pages\/4"}],"collection":[{"href":"https:\/\/portfolio.uqac.ca\/anniedeslauriers\/wp-json\/wp\/v2\/pages"}],"about":[{"href":"https:\/\/portfolio.uqac.ca\/anniedeslauriers\/wp-json\/wp\/v2\/types\/page"}],"author":[{"embeddable":true,"href":"https:\/\/portfolio.uqac.ca\/anniedeslauriers\/wp-json\/wp\/v2\/users\/44"}],"replies":[{"embeddable":true,"href":"https:\/\/portfolio.uqac.ca\/anniedeslauriers\/wp-json\/wp\/v2\/comments?post=4"}],"version-history":[{"count":13,"href":"https:\/\/portfolio.uqac.ca\/anniedeslauriers\/wp-json\/wp\/v2\/pages\/4\/revisions"}],"predecessor-version":[{"id":94,"href":"https:\/\/portfolio.uqac.ca\/anniedeslauriers\/wp-json\/wp\/v2\/pages\/4\/revisions\/94"}],"wp:attachment":[{"href":"https:\/\/portfolio.uqac.ca\/anniedeslauriers\/wp-json\/wp\/v2\/media?parent=4"}],"wp:term":[{"taxonomy":"post_tag","embeddable":true,"href":"https:\/\/portfolio.uqac.ca\/anniedeslauriers\/wp-json\/wp\/v2\/tags?post=4"}],"curies":[{"name":"wp","href":"https:\/\/api.w.org\/{rel}","templated":true}]}}