{"id":46,"date":"2012-07-24T14:17:13","date_gmt":"2012-07-24T14:17:13","guid":{"rendered":"http:\/\/portfolio-pre.uqac.ca\/gabarit\/?page_id=46"},"modified":"2014-10-08T13:38:28","modified_gmt":"2014-10-08T17:38:28","slug":"recherche","status":"publish","type":"page","link":"https:\/\/portfolio.uqac.ca\/anniedeslauriers\/recherche\/","title":{"rendered":"Th\u00e8mes de recherche"},"content":{"rendered":"<ul>\n<li>Physiologie et ph\u00e9nologie des arbres;<\/li>\n<\/ul>\n<ul>\n<li>Xylog\u00e9n\u00e8se du d\u00e9veloppement des cernes de croissance.<\/li>\n<\/ul>\n","protected":false},"excerpt":{"rendered":"<p>Physiologie et ph\u00e9nologie des arbres; Xylog\u00e9n\u00e8se du d\u00e9veloppement des cernes de croissance.<\/p>\n","protected":false},"author":44,"featured_media":0,"parent":0,"menu_order":0,"comment_status":"closed","ping_status":"closed","template":"","meta":{"footnotes":""},"tags":[6,7],"_links":{"self":[{"href":"https:\/\/portfolio.uqac.ca\/anniedeslauriers\/wp-json\/wp\/v2\/pages\/46"}],"collection":[{"href":"https:\/\/portfolio.uqac.ca\/anniedeslauriers\/wp-json\/wp\/v2\/pages"}],"about":[{"href":"https:\/\/portfolio.uqac.ca\/anniedeslauriers\/wp-json\/wp\/v2\/types\/page"}],"author":[{"embeddable":true,"href":"https:\/\/portfolio.uqac.ca\/anniedeslauriers\/wp-json\/wp\/v2\/users\/44"}],"replies":[{"embeddable":true,"href":"https:\/\/portfolio.uqac.ca\/anniedeslauriers\/wp-json\/wp\/v2\/comments?post=46"}],"version-history":[{"count":3,"href":"https:\/\/portfolio.uqac.ca\/anniedeslauriers\/wp-json\/wp\/v2\/pages\/46\/revisions"}],"predecessor-version":[{"id":92,"href":"https:\/\/portfolio.uqac.ca\/anniedeslauriers\/wp-json\/wp\/v2\/pages\/46\/revisions\/92"}],"wp:attachment":[{"href":"https:\/\/portfolio.uqac.ca\/anniedeslauriers\/wp-json\/wp\/v2\/media?parent=46"}],"wp:term":[{"taxonomy":"post_tag","embeddable":true,"href":"https:\/\/portfolio.uqac.ca\/anniedeslauriers\/wp-json\/wp\/v2\/tags?post=46"}],"curies":[{"name":"wp","href":"https:\/\/api.w.org\/{rel}","templated":true}]}}