{"id":18,"date":"2022-05-24T14:38:13","date_gmt":"2022-05-24T18:38:13","guid":{"rendered":"http:\/\/portfolio-pre.uqac.ca\/gabarit\/?page_id=18"},"modified":"2026-01-26T11:51:19","modified_gmt":"2026-01-26T16:51:19","slug":"enseignement","status":"publish","type":"page","link":"https:\/\/portfolio.uqac.ca\/anniedumont\/enseignement\/","title":{"rendered":"Enseignement"},"content":{"rendered":"<ul>\n<li><a href=\"https:\/\/cours.uqac.ca\/4SVS225\">4SVS225 : Intervention aupr\u00e8s des groupes en travail social<\/a><\/li>\n<li><a href=\"https:\/\/cours.uqac.ca\/4SVS313\"><span style=\"line-height: 1.5\">4SVS313 : Stage 1<\/span><\/a><\/li>\n<li><a href=\"https:\/\/programmes.uqac.ca\/4SVS315\">4SVS315: Stage 2<\/a><\/li>\n<li><a href=\"https:\/\/programmes.uqac.ca\/4SVS317\">4SVS317: Stage de prop\u00e9deutique<\/a><\/li>\n<li><a href=\"https:\/\/programmes.uqac.ca\/TSO6083\">TSO6083: Programmation et \u00e9valuation de l&#8217;intervention en travail social<\/a><\/li>\n<\/ul>\n","protected":false},"excerpt":{"rendered":"<p>4SVS225 : Intervention aupr\u00e8s des groupes en travail social 4SVS313 : Stage 1 4SVS315: Stage 2 4SVS317: Stage de prop\u00e9deutique TSO6083: Programmation et \u00e9valuation de l&#8217;intervention en travail social<\/p>\n","protected":false},"author":89,"featured_media":0,"parent":0,"menu_order":0,"comment_status":"closed","ping_status":"closed","template":"","meta":{"footnotes":""},"tags":[],"_links":{"self":[{"href":"https:\/\/portfolio.uqac.ca\/anniedumont\/wp-json\/wp\/v2\/pages\/18"}],"collection":[{"href":"https:\/\/portfolio.uqac.ca\/anniedumont\/wp-json\/wp\/v2\/pages"}],"about":[{"href":"https:\/\/portfolio.uqac.ca\/anniedumont\/wp-json\/wp\/v2\/types\/page"}],"author":[{"embeddable":true,"href":"https:\/\/portfolio.uqac.ca\/anniedumont\/wp-json\/wp\/v2\/users\/89"}],"replies":[{"embeddable":true,"href":"https:\/\/portfolio.uqac.ca\/anniedumont\/wp-json\/wp\/v2\/comments?post=18"}],"version-history":[{"count":9,"href":"https:\/\/portfolio.uqac.ca\/anniedumont\/wp-json\/wp\/v2\/pages\/18\/revisions"}],"predecessor-version":[{"id":271,"href":"https:\/\/portfolio.uqac.ca\/anniedumont\/wp-json\/wp\/v2\/pages\/18\/revisions\/271"}],"wp:attachment":[{"href":"https:\/\/portfolio.uqac.ca\/anniedumont\/wp-json\/wp\/v2\/media?parent=18"}],"wp:term":[{"taxonomy":"post_tag","embeddable":true,"href":"https:\/\/portfolio.uqac.ca\/anniedumont\/wp-json\/wp\/v2\/tags?post=18"}],"curies":[{"name":"wp","href":"https:\/\/api.w.org\/{rel}","templated":true}]}}