{"id":4,"date":"2022-05-24T14:38:13","date_gmt":"2022-05-24T18:38:13","guid":{"rendered":"http:\/\/portfolio-pre.uqac.ca\/gabarit\/?page_id=4"},"modified":"2024-05-16T12:05:50","modified_gmt":"2024-05-16T16:05:50","slug":"presentatio","status":"publish","type":"page","link":"https:\/\/portfolio.uqac.ca\/anniedumont\/","title":{"rendered":"Pr\u00e9sentation"},"content":{"rendered":"<h2>Annie Dumont<\/h2>\n<p style=\"text-align: left\">Professeure en travail social au D\u00e9partement des sciences humaines et sociales<\/p>\n<p style=\"text-align: left\">Professeure responsable de la formation pratique \u00e0 l&#8217;Unit\u00e9 d&#8217;enseignement en travail social<\/p>\n<p style=\"text-align: left\">Chercheure r\u00e9guli\u00e8re au <a href=\"https:\/\/www.crujef.ca\/a-propos\/a-propos-du-crujef\">Centre de recherche universitaire sur les jeunes et les familles (CRUJeF)<\/a><\/p>\n<p style=\"text-align: left\">Membre du <a href=\"https:\/\/globalintrac.com\/\">International Research Network on Transitions to Adulthood from Care<\/a>\u00a0et du R\u00e9seau canadien de recherches sur les transitions vers l&#8217;\u00e2ge adulte des jeunes pris en charge<\/p>\n<h2>Champs d&#8217;int\u00e9r\u00eat<\/h2>\n<ul>\n<li>Passages pr\u00e9cipit\u00e9s \u00e0 la vie adulte<\/li>\n<li>Jeunes adultes en situation de vuln\u00e9rabilit\u00e9<\/li>\n<li>Sortie de placement<\/li>\n<li>Agentivit\u00e9 balis\u00e9e<\/li>\n<li>Parcours de vie<\/li>\n<li>Exposition \u00e0 la violence conjugale<\/li>\n<li>M\u00e9thodes d&#8217;intervention en travail social<\/li>\n<li>Intervention sociale aupr\u00e8s des petits groupes<\/li>\n<\/ul>\n<p><a href=\"https:\/\/www.researchgate.net\/profile\/Annie-Dumont\">Profil ResearchGate<\/a><\/p>\n<p><a href=\"https:\/\/www.linkedin.com\/in\/annie-dumont-672a31165\/\">Profil LinkedIn<\/a><\/p>\n<p>&nbsp;<\/p>\n","protected":false},"excerpt":{"rendered":"<p>Annie Dumont Professeure en travail social au D\u00e9partement des sciences humaines et sociales Professeure responsable de la formation pratique \u00e0 l&#8217;Unit\u00e9 d&#8217;enseignement en travail social Chercheure r\u00e9guli\u00e8re au Centre de recherche universitaire sur les jeunes et les familles (CRUJeF) Membre du International Research Network on Transitions to Adulthood from Care\u00a0et du R\u00e9seau canadien de recherches &hellip; <a href=\"https:\/\/portfolio.uqac.ca\/anniedumont\/\" class=\"more-link\">Continuer la lecture de <span class=\"screen-reader-text\">Pr\u00e9sentation<\/span>  <span class=\"meta-nav\">&rarr;<\/span><\/a><\/p>\n","protected":false},"author":89,"featured_media":0,"parent":0,"menu_order":0,"comment_status":"closed","ping_status":"closed","template":"","meta":{"footnotes":""},"tags":[],"_links":{"self":[{"href":"https:\/\/portfolio.uqac.ca\/anniedumont\/wp-json\/wp\/v2\/pages\/4"}],"collection":[{"href":"https:\/\/portfolio.uqac.ca\/anniedumont\/wp-json\/wp\/v2\/pages"}],"about":[{"href":"https:\/\/portfolio.uqac.ca\/anniedumont\/wp-json\/wp\/v2\/types\/page"}],"author":[{"embeddable":true,"href":"https:\/\/portfolio.uqac.ca\/anniedumont\/wp-json\/wp\/v2\/users\/89"}],"replies":[{"embeddable":true,"href":"https:\/\/portfolio.uqac.ca\/anniedumont\/wp-json\/wp\/v2\/comments?post=4"}],"version-history":[{"count":25,"href":"https:\/\/portfolio.uqac.ca\/anniedumont\/wp-json\/wp\/v2\/pages\/4\/revisions"}],"predecessor-version":[{"id":250,"href":"https:\/\/portfolio.uqac.ca\/anniedumont\/wp-json\/wp\/v2\/pages\/4\/revisions\/250"}],"wp:attachment":[{"href":"https:\/\/portfolio.uqac.ca\/anniedumont\/wp-json\/wp\/v2\/media?parent=4"}],"wp:term":[{"taxonomy":"post_tag","embeddable":true,"href":"https:\/\/portfolio.uqac.ca\/anniedumont\/wp-json\/wp\/v2\/tags?post=4"}],"curies":[{"name":"wp","href":"https:\/\/api.w.org\/{rel}","templated":true}]}}