{"id":20,"date":"2023-07-27T11:51:11","date_gmt":"2023-07-27T15:51:11","guid":{"rendered":"http:\/\/portfolio-pre.uqac.ca\/gabarit\/?page_id=20"},"modified":"2023-08-04T11:23:30","modified_gmt":"2023-08-04T15:23:30","slug":"publications","status":"publish","type":"page","link":"https:\/\/portfolio.uqac.ca\/arnaudmontreuil\/publications\/","title":{"rendered":"Publications"},"content":{"rendered":"<h2>Publications choisies<\/h2>\n<p>PILOTE, Anne-Marie et Arnaud MONTREUIL. \u00ab L\u2019essai politique comme strat\u00e9gie de mise en sc\u00e8ne de soi des candidats aux \u00e9lections g\u00e9n\u00e9rales qu\u00e9b\u00e9coises de 2018 \u00bb. Dans <em>Les livres des politiques<\/em>, sous la direction Christian Le Bart et \u00c9ric Treille. Rennes, Presses universitaires de Rennes, 2023, p. 163-184.<\/p>\n<p>MONTREUIL, Arnaud. \u00ab <em>Qui pour armes servoient<\/em>: Service and Knighting in the Vernacular Courtly Literature of the 12th and 13th centuries France and England \u00bb. Dans <em>We are all Servants<\/em>, dirig\u00e9 par Isabelle Cochelin et Diane Wolfthal. Toronto, CRRS, 2022, p. 37-79.<\/p>\n<p>MONTREUIL, Arnaud. \u00ab \u00c9crire le corps du vilain : mises en sc\u00e8ne du corps et domination de l\u2019aristocratie la\u00efque dans la litt\u00e9rature courtoise de la France du Nord des XII<sup>e<\/sup> et XIII<sup>e<\/sup> si\u00e8cles \u00bb, dans le dossier th\u00e9matique \u00ab l\u2019Aveu des corps \u00bb. <em>Hypoth\u00e8ses 2019. Travaux de l\u2019\u00c9cole doctorale d\u2019histoire<\/em>. Volume 23 (2022), p. 241-250.<\/p>\n<p>SANFILIPPO, Matteo. <em>Le f\u00e9odalisme dans la vall\u00e9e du Saint-Laurent : un probl\u00e8me historiographique<\/em>. Traduit de l\u2019italien par Arnaud Montreuil, \u00e9dit\u00e9 par Arnaud Montreuil et d\u2019Olivier Guimond. Ottawa, Presses de l\u2019Universit\u00e9 d\u2019Ottawa, 2022.<\/p>\n<p>MONTREUIL, Arnaud. \u00ab L\u2019\u00c9tat qu\u00e9b\u00e9cois, la pr\u00e9servation et la mise en valeur des archives de la Nouvelle-France au XIXe si\u00e8cle \u00bb. <em>Bulletin d\u2019histoire politique<\/em>. Vol. 25, n<sup>o<\/sup> 2 (2017), p.\u00a0229-251.<\/p>\n<p>MONTREUIL, Arnaud. \u00ab Au miroir des anniversaires : la comm\u00e9moraison des morts dans le livre des fondations de la coll\u00e9giale Notre-Dame-du-Ch\u00e2tel d\u2019Autun (1468-1649) \u00bb. <em>Memini. Travaux et documents<\/em>. N<sup>o<\/sup> 21 (2017),\u00a0<a href=\"https:\/\/journals.openedition.org\/memini\/864\" target=\"_blank\">https:\/\/journals.openedition.org\/memini\/864<\/a><\/p>\n","protected":false},"excerpt":{"rendered":"<p>Publications choisies PILOTE, Anne-Marie et Arnaud MONTREUIL. \u00ab L\u2019essai politique comme strat\u00e9gie de mise en sc\u00e8ne de soi des candidats aux \u00e9lections g\u00e9n\u00e9rales qu\u00e9b\u00e9coises de 2018 \u00bb. Dans Les livres des politiques, sous la direction Christian Le Bart et \u00c9ric Treille. Rennes, Presses universitaires de Rennes, 2023, p. 163-184. MONTREUIL, Arnaud. \u00ab Qui pour armes &hellip; <a href=\"https:\/\/portfolio.uqac.ca\/arnaudmontreuil\/publications\/\" class=\"more-link\">Continuer la lecture de <span class=\"screen-reader-text\">Publications<\/span>  <span class=\"meta-nav\">&rarr;<\/span><\/a><\/p>\n","protected":false},"author":365,"featured_media":0,"parent":0,"menu_order":0,"comment_status":"closed","ping_status":"closed","template":"","meta":{"footnotes":""},"tags":[],"_links":{"self":[{"href":"https:\/\/portfolio.uqac.ca\/arnaudmontreuil\/wp-json\/wp\/v2\/pages\/20"}],"collection":[{"href":"https:\/\/portfolio.uqac.ca\/arnaudmontreuil\/wp-json\/wp\/v2\/pages"}],"about":[{"href":"https:\/\/portfolio.uqac.ca\/arnaudmontreuil\/wp-json\/wp\/v2\/types\/page"}],"author":[{"embeddable":true,"href":"https:\/\/portfolio.uqac.ca\/arnaudmontreuil\/wp-json\/wp\/v2\/users\/365"}],"replies":[{"embeddable":true,"href":"https:\/\/portfolio.uqac.ca\/arnaudmontreuil\/wp-json\/wp\/v2\/comments?post=20"}],"version-history":[{"count":31,"href":"https:\/\/portfolio.uqac.ca\/arnaudmontreuil\/wp-json\/wp\/v2\/pages\/20\/revisions"}],"predecessor-version":[{"id":186,"href":"https:\/\/portfolio.uqac.ca\/arnaudmontreuil\/wp-json\/wp\/v2\/pages\/20\/revisions\/186"}],"wp:attachment":[{"href":"https:\/\/portfolio.uqac.ca\/arnaudmontreuil\/wp-json\/wp\/v2\/media?parent=20"}],"wp:term":[{"taxonomy":"post_tag","embeddable":true,"href":"https:\/\/portfolio.uqac.ca\/arnaudmontreuil\/wp-json\/wp\/v2\/tags?post=20"}],"curies":[{"name":"wp","href":"https:\/\/api.w.org\/{rel}","templated":true}]}}