{"id":4,"date":"2023-07-27T11:51:11","date_gmt":"2023-07-27T15:51:11","guid":{"rendered":"http:\/\/portfolio-pre.uqac.ca\/gabarit\/?page_id=4"},"modified":"2023-08-04T11:42:26","modified_gmt":"2023-08-04T15:42:26","slug":"presentatio","status":"publish","type":"page","link":"https:\/\/portfolio.uqac.ca\/arnaudmontreuil\/","title":{"rendered":"Pr\u00e9sentation"},"content":{"rendered":"<h2>Arnaud Montreuil<\/h2>\n<p>Professeur au D\u00e9partement des sciences humaines et sociales<\/p>\n<p>Arnaud Montreuil est titulaire d\u2019un doctorat en histoire de Paris 1 Panth\u00e9on-Sorbonne et de l\u2019Universit\u00e9 d\u2019Ottawa. Ses recherches portent principalement sur la sociologie historique de la chevalerie et des groupes dominants dans l\u2019Europe m\u00e9di\u00e9vale. Il s\u2019int\u00e9resse aussi \u00e0 l\u2019histoire seigneuriale dans la longue dur\u00e9e, aux caract\u00e8res m\u00e9di\u00e9vaux des soci\u00e9t\u00e9s coloniales nord-am\u00e9ricaines, aux usages sociaux du pass\u00e9 m\u00e9di\u00e9val par les soci\u00e9t\u00e9s contemporaines (m\u00e9di\u00e9valisme), ainsi qu\u2019\u00e0 la communication politique qu\u00e9b\u00e9coise.<\/p>\n<p>Sa th\u00e8se, soutenue en septembre 2022 et intitul\u00e9e <em>\u00c9crire, d\u00e9crire et saisir l\u2019adoubement chevaleresque : une histoire de l\u2019hippotogen\u00e8se dans l\u2019Europe du Nord-Ouest, le Midi de la France et l\u2019Italie centro-septentrionale (v.1175 \u2013 v.1300)<\/em>, a \u00e9t\u00e9 r\u00e9compens\u00e9e du prix Boyle 2023 pour la meilleure th\u00e8se de la Soci\u00e9t\u00e9 canadienne des m\u00e9di\u00e9vistes.<\/p>\n<p>Il est \u00e9galement membre du comit\u00e9 directeur du fichier BALSAC, une infrastructure de recherche intersectorielle majeure situ\u00e9e \u00e0 l\u2019UQAC qui contribue au rayonnement scientifique du Qu\u00e9bec, et membre du comit\u00e9 de r\u00e9daction de la revue scientifique <em>Memini. Travaux et documents<\/em>.<\/p>\n<h3>Champs d&#8217;int\u00e9r\u00eat<\/h3>\n<ul>\n<li>Histoire m\u00e9di\u00e9vale et m\u00e9di\u00e9valisme<\/li>\n<li>Histoire seigneuriale nord-am\u00e9ricaine<\/li>\n<li>\u00c9pist\u00e9mologie de la science du social<\/li>\n<li>Lexicom\u00e9trie et humanit\u00e9s num\u00e9riques<\/li>\n<li>Sociologie de la communication politique (Qu\u00e9bec\/Canada)<\/li>\n<\/ul>\n","protected":false},"excerpt":{"rendered":"<p>Arnaud Montreuil Professeur au D\u00e9partement des sciences humaines et sociales Arnaud Montreuil est titulaire d\u2019un doctorat en histoire de Paris 1 Panth\u00e9on-Sorbonne et de l\u2019Universit\u00e9 d\u2019Ottawa. Ses recherches portent principalement sur la sociologie historique de la chevalerie et des groupes dominants dans l\u2019Europe m\u00e9di\u00e9vale. Il s\u2019int\u00e9resse aussi \u00e0 l\u2019histoire seigneuriale dans la longue dur\u00e9e, aux &hellip; <a href=\"https:\/\/portfolio.uqac.ca\/arnaudmontreuil\/\" class=\"more-link\">Continuer la lecture de <span class=\"screen-reader-text\">Pr\u00e9sentation<\/span>  <span class=\"meta-nav\">&rarr;<\/span><\/a><\/p>\n","protected":false},"author":365,"featured_media":0,"parent":0,"menu_order":0,"comment_status":"closed","ping_status":"closed","template":"","meta":{"footnotes":""},"tags":[9,7,10,8],"_links":{"self":[{"href":"https:\/\/portfolio.uqac.ca\/arnaudmontreuil\/wp-json\/wp\/v2\/pages\/4"}],"collection":[{"href":"https:\/\/portfolio.uqac.ca\/arnaudmontreuil\/wp-json\/wp\/v2\/pages"}],"about":[{"href":"https:\/\/portfolio.uqac.ca\/arnaudmontreuil\/wp-json\/wp\/v2\/types\/page"}],"author":[{"embeddable":true,"href":"https:\/\/portfolio.uqac.ca\/arnaudmontreuil\/wp-json\/wp\/v2\/users\/365"}],"replies":[{"embeddable":true,"href":"https:\/\/portfolio.uqac.ca\/arnaudmontreuil\/wp-json\/wp\/v2\/comments?post=4"}],"version-history":[{"count":14,"href":"https:\/\/portfolio.uqac.ca\/arnaudmontreuil\/wp-json\/wp\/v2\/pages\/4\/revisions"}],"predecessor-version":[{"id":190,"href":"https:\/\/portfolio.uqac.ca\/arnaudmontreuil\/wp-json\/wp\/v2\/pages\/4\/revisions\/190"}],"wp:attachment":[{"href":"https:\/\/portfolio.uqac.ca\/arnaudmontreuil\/wp-json\/wp\/v2\/media?parent=4"}],"wp:term":[{"taxonomy":"post_tag","embeddable":true,"href":"https:\/\/portfolio.uqac.ca\/arnaudmontreuil\/wp-json\/wp\/v2\/tags?post=4"}],"curies":[{"name":"wp","href":"https:\/\/api.w.org\/{rel}","templated":true}]}}