{"id":46,"date":"2023-07-27T11:51:11","date_gmt":"2023-07-27T15:51:11","guid":{"rendered":"http:\/\/portfolio-pre.uqac.ca\/gabarit\/?page_id=46"},"modified":"2023-08-04T11:41:17","modified_gmt":"2023-08-04T15:41:17","slug":"recherche","status":"publish","type":"page","link":"https:\/\/portfolio.uqac.ca\/arnaudmontreuil\/recherche\/","title":{"rendered":"Recherche"},"content":{"rendered":"<h2>Groupes de recherche<\/h2>\n<ul>\n<li>Chercheur associ\u00e9 au Laboratoire de m\u00e9di\u00e9vistique occidentale de Paris<\/li>\n<li>Membre du comit\u00e9 de r\u00e9daction de la revue <em> Travaux et documents<\/em>.<\/li>\n<li>Membre de la Soci\u00e9t\u00e9 des \u00e9tudes m\u00e9di\u00e9vales du Qu\u00e9bec<\/li>\n<li>Membre de la Canadian Society of Medievalists<\/li>\n<li>Membre de la Haskins Society<\/li>\n<\/ul>\n","protected":false},"excerpt":{"rendered":"<p>Groupes de recherche Chercheur associ\u00e9 au Laboratoire de m\u00e9di\u00e9vistique occidentale de Paris Membre du comit\u00e9 de r\u00e9daction de la revue Travaux et documents. Membre de la Soci\u00e9t\u00e9 des \u00e9tudes m\u00e9di\u00e9vales du Qu\u00e9bec Membre de la Canadian Society of Medievalists Membre de la Haskins Society<\/p>\n","protected":false},"author":365,"featured_media":0,"parent":0,"menu_order":0,"comment_status":"closed","ping_status":"closed","template":"","meta":{"footnotes":""},"tags":[],"_links":{"self":[{"href":"https:\/\/portfolio.uqac.ca\/arnaudmontreuil\/wp-json\/wp\/v2\/pages\/46"}],"collection":[{"href":"https:\/\/portfolio.uqac.ca\/arnaudmontreuil\/wp-json\/wp\/v2\/pages"}],"about":[{"href":"https:\/\/portfolio.uqac.ca\/arnaudmontreuil\/wp-json\/wp\/v2\/types\/page"}],"author":[{"embeddable":true,"href":"https:\/\/portfolio.uqac.ca\/arnaudmontreuil\/wp-json\/wp\/v2\/users\/365"}],"replies":[{"embeddable":true,"href":"https:\/\/portfolio.uqac.ca\/arnaudmontreuil\/wp-json\/wp\/v2\/comments?post=46"}],"version-history":[{"count":3,"href":"https:\/\/portfolio.uqac.ca\/arnaudmontreuil\/wp-json\/wp\/v2\/pages\/46\/revisions"}],"predecessor-version":[{"id":189,"href":"https:\/\/portfolio.uqac.ca\/arnaudmontreuil\/wp-json\/wp\/v2\/pages\/46\/revisions\/189"}],"wp:attachment":[{"href":"https:\/\/portfolio.uqac.ca\/arnaudmontreuil\/wp-json\/wp\/v2\/media?parent=46"}],"wp:term":[{"taxonomy":"post_tag","embeddable":true,"href":"https:\/\/portfolio.uqac.ca\/arnaudmontreuil\/wp-json\/wp\/v2\/tags?post=46"}],"curies":[{"name":"wp","href":"https:\/\/api.w.org\/{rel}","templated":true}]}}