{"id":311,"date":"2018-01-25T02:02:52","date_gmt":"2018-01-25T07:02:52","guid":{"rendered":"http:\/\/portfolio-pre.uqac.ca\/bobantoinejerrymenelas\/?page_id=311"},"modified":"2021-12-31T12:17:30","modified_gmt":"2021-12-31T17:17:30","slug":"publications","status":"publish","type":"page","link":"https:\/\/portfolio.uqac.ca\/bobantoinejerrymenelas\/publications\/","title":{"rendered":"Publications"},"content":{"rendered":"<ul>\n<li><span style=\"color: #808000\"><strong>Peer-Reviewed Journal Articles<\/strong><\/span>\n<ol>\n<li>Kamkuimo, S. A., Girard, B., &amp; Menelas, B. A. J. (2021). A narrative review of virtual reality applications for the treatment of post-traumatic stress disorder. <i>Applied Sciences<\/i>, <i>11<\/i>(15), 6683<\/li>\n<li>\n<div class=\"gs_citr\">Messaoudi, M. D., Menelas, B. A. J., &amp; Mcheick, H. (2020). Autonomous smart white cane navigation system for indoor usage. <i>Technologies<\/i>, <i>8<\/i>(3), 37.<\/div>\n<\/li>\n<li>\n<div class=\"gs_citr\">Chapwouo Tchakoute, L. D., &amp; Menelas, B. A. J. (2020). Perception of a haptic stimulus presented under the foot under workload. <i>Sensors<\/i>, <i>20<\/i>(8), 2421.<\/div>\n<\/li>\n<li>Kamkuimo, A. S., Fossaert, M., Girad, B., &amp; M\u00e9n\u00e9las, B. A. J. (2018). Action-Centered Exposure Therapy (ACET): A New Approach to the Use of Virtual Reality to the Care of People with Post-Traumatic Stress Disorder, accepted in Behavioral Sciences.<\/li>\n<li>Tchakout\u00e9, L. D. C., Tremblay, L., &amp; Menelas, B. A. J. (2018). <a href=\"https:\/\/www.ncbi.nlm.nih.gov\/pmc\/articles\/PMC6069424\/\">Response Time to a Vibrotactile Stimulus Presented on the Foot at Rest and During Walking on Different Surfaces<\/a>.\u00a0<i>Sensors (Basel, Switzerland)<\/i>,\u00a0<i>18<\/i>(7).<\/li>\n<li>Tchakout\u00e9, L. D. C., Gagnon, D., &amp; M\u00e9n\u00e9las, B. A. J. (2018). <a href=\"https:\/\/link.springer.com\/article\/10.1007\/s12193-018-0260-8\">Use of tactons to communicate a risk level through an enactive shoe<\/a>.\u00a0<i>Journal on Multimodal User Interfaces<\/i>,\u00a0<i>12<\/i>(1), 41-53.<\/li>\n<li>Ayena, J. C., Tremblay, L. E., Otis, M. J. D., &amp; M\u00e9n\u00e9las, B. A. J. (2017). <a href=\"https:\/\/www.tandfonline.com\/doi\/abs\/10.1080\/08990220.2017.1421157\">Comparing auditory, visual and vibrotactile cues in individuals with Parkinson\u2019s disease for reducing risk of falling over different types of soil<\/a>.\u00a0<i>Somatosensory &amp; motor research<\/i>,\u00a0<i>34<\/i>(4), 226-234.<\/li>\n<li>Menelas, B. A. J., Haidon, C., Ecrepont, A., &amp; Girard, B. (2018).\u00a0\u00a0<a class=\"gsc_vcd_title_link\" href=\"https:\/\/www.sciencedirect.com\/science\/article\/pii\/S1875952117300988\">Use of virtual reality technologies as an Action-Cue Exposure Therapy for truck drivers suffering from Post-Traumatic Stress Disorder<\/a>.\u00a0<i>Entertainment Computing<\/i>,\u00a0<i>24<\/i>, 1-9.<\/li>\n<li>Menelas, B. A. J., &amp; Benaoudia, R. S. (2017).\u00a0<a class=\"gsc_vcd_title_link\" href=\"https:\/\/www.mdpi.com\/2414-4088\/1\/4\/31\">Use of Haptics to Promote Learning Outcomes in Serious Games<\/a>.\u00a0<i>Multimodal Technologies and Interaction<\/i>,\u00a0<i>1<\/i>(4), 31. \u00a0Multimodal Technologies and Interaction, 2017<\/li>\n<li>Thullier, F., Bouchard, B., &amp; Menelas, B. A. J. (2017).\u00a0<a class=\"gsc_vcd_title_link\" href=\"https:\/\/www.mdpi.com\/2410-387X\/1\/3\/16\">A Text-Independent Speaker Authentication System for Mobile Devices<\/a>.\u00a0<i>Cryptography<\/i>,\u00a0<i>1<\/i>(3), 16..\u00a0<em>Cryptography\u00a0<\/em>1.3 (2017): 16.<\/li>\n<li>Otis, M. J. D., Ayena, J. C., Tremblay, L. E., Fortin, P. E., &amp; M\u00e9n\u00e9las, B. A. J. (2016).<a class=\"gsc_vcd_title_link\" href=\"https:\/\/journals.plos.org\/plosone\/article?id=10.1371\/journal.pone.0162107\">Use of an enactive insole for reducing the risk of falling on different types of soil using vibrotactile cueing for the elderly<\/a>.\u00a0<i>PloS one<\/i>,\u00a0<i>11<\/i>(9), e0162107.<\/li>\n<li>Lavoie, B. A. J. Menelas. (2016).\u00a0<a class=\"gsc_vcd_title_link\" href=\"https:\/\/link.springer.com\/article\/10.1007\/s40869-016-0024-1\">Design of a set of foot movements for a soccer game on a mobile phone<\/a>.\u00a0The Computer Games Journal,\u00a05 (3-4), 131-148.<\/li>\n<li>Ayena, J. C., Zaibi, H., Otis, M. J. D., &amp; M\u00e9n\u00e9las, B. A. J. (2016).\u00a0<a href=\"https:\/\/ieeexplore.ieee.org\/xpls\/abs_all.jsp?arnumber=7358156\">Home-based risk of falling assessment test using a closed-loop balance model<\/a>,\u00a0<i>IEEE transactions on neural systems and rehabilitation engineering<\/i>,\u00a0<i>24<\/i>(12), 1351-1362.<\/li>\n<li>Plantevin, V., &amp; Menelas, B. A. J. (2014).<a class=\"gsc_vcd_title_link\" href=\"https:\/\/www.researchgate.net\/profile\/Bob_Menelas\/publication\/286243636_Use_of_Ecological_Gestures_in_Soccer_Games_Running_on_Mobile_Devices\/links\/5679eebd08ae361c2f681456\/Use-of-Ecological-Gestures-in-Soccer-Games-Running-on-Mobile-Devices.pdf\">Use of Ecological Gestures in Soccer Games Running on Mobile Devices<\/a>. Int. Journal of Serious Games. 1 (4).<\/li>\n<li>Menelas, B. A. J., Picinali, L., Bourdot, P., &amp; Katz, B. F. (2014).\u00a0<a class=\"gsc_vcd_title_link\" href=\"https:\/\/link.springer.com\/article\/10.1007\/s12193-014-0148-1\">Non-visual identification, localization, and selection of entities of interest in a 3D environment<\/a>.\u00a0<i>Journal on Multimodal User Interfaces<\/i>,\u00a0<i>8<\/i>(3), 243-256.<\/li>\n<li>V\u00e9zien, J. M., M\u00e9n\u00e9las, B., Nelson, J., Picinali, L., Bourdot, P., Ammi, M., &#8230; &amp; Lusseyran, F. (2009).<a class=\"gsc_vcd_title_link\" href=\"https:\/\/link.springer.com\/article\/10.1007\/s10055-009-0134-1\">Multisensory VR exploration for computer fluid dynamics in the CoRSAIRe project<\/a>.\u00a0<i>Virtual Reality<\/i>,\u00a0<i>13<\/i>(4), 257.<\/li>\n<li>Menelas, B., Ammi, M., Bourdot, P., &amp; Richir, S. (2009).\u00a0<a class=\"gsc_vcd_title_link\" href=\"https:\/\/www.academia.edu\/download\/41368255\/download.pdf\">Survey on haptic rendering of data sets: Exploration of scalar and vector fields<\/a>.\u00a0<i>Journal of Virtual Reality and Broadcasting<\/i>,\u00a0<i>6<\/i>(9).<\/li>\n<\/ol>\n<\/li>\n<\/ul>\n<ul>\n<li><span style=\"color: #808000\"><strong>Patent<\/strong><\/span>\n<ol>\n<li>Otis, M. J. D., &amp; M\u00e9n\u00e9las, B. A. J. <a href=\"https:\/\/patents.google.com\/patent\/US10024660B2\/en\">Method to determine physical properties of the ground<\/a> (2018).\u00a0<i>U.S. Patent Application No. 10\/024,660<\/i>.<\/li>\n<\/ol>\n<\/li>\n<\/ul>\n<ul>\n<li><span style=\"color: #808000\"><strong>Peer-Reviewed Book Chapters<\/strong><\/span>\n<ol>\n<li>Haidon, C., Ecrepont, A., Girard, B., &amp; Menelas, B. A. J. (2017). A Driving Simulator Designed for the Care of Trucker Suffering from Post-Traumatic Stress Disorder. In\u00a0<i>Serious Games and Edutainment Applications<\/i>\u00a0(pp. 411-431). Springer International Publishing.<\/li>\n<li>Thullier, F., Bouchard, B., &amp; Menelas, B. A. J. (2016)\u00a0 Exploring mobile authentication mechanisms from PIN to Biometrics including the future trend. to appear In: (eds) Protecting Mobile Networks and Devices: Challenges and Solutions. CRC Press-Taylor &amp; Francis<\/li>\n<li>Menelas, B. A. J., &amp; Otis, M. J. (2014). Toward an automatic system for training balance control over different types of soil. In\u00a0<i>Virtual, Augmented Reality and Serious Games for Healthcare 1<\/i>(pp. 391-408). Springer Berlin Heidelberg.<\/li>\n<li>Menelas, B. A. J. (2014).<a class=\"gsc_vcd_title_link\" href=\"https:\/\/books.google.com\/books?hl=en&amp;lr=&amp;id=SNuWBQAAQBAJ&amp;oi=fnd&amp;pg=PA111&amp;dq=info:Xo-tsvokq-EJ:scholar.google.com&amp;ots=T6jvJWO3hP&amp;sig=mRYIwdHb-7fLj-43heDJFFjtQyc\">Virtual Reality Technologies (Visual, Haptics, and Audio) in Large Datasets Analysis<\/a>.\u00a0<i>Innovative Approaches of Data Visualization and Visual Analytics<\/i>, 111-132.<\/li>\n<\/ol>\n<\/li>\n<\/ul>\n<ul>\n<li><span style=\"color: #808000\"><strong>Peer-Reviewed Conference Proceedings<\/strong><\/span>\n<ol>\n<li>Ehret, F., Francillette, Y., Girard, B., &amp; Menelas, B. A. J. (2021, October). Action-Centered Exposure Therapy Using a Serious Game to Help Individuals with Alcohol Use Disorder. In <i>Joint International Conference on Serious Games<\/i> (pp. 167-181).<\/li>\n<li>Francillette, Y., Menelas, B. A., Bouchard, B., Bouchard, K., Gaboury, S., Kingsbury, C.,\u00a0 et al. &amp; Bernard, P. (2021, October). Development of a Mobile Exergame to Implement Brief Interventions to Increase Physical Activity for Adults with Schizophrenia. In <i>Joint International Conference on Serious Games<\/i> (pp. 185-199).<\/li>\n<li>Saint-Louis, H., &amp; M\u00e9n\u00e9las, B. A. J. (2021, July). User Perceptions of Security and Privacy Risks with Contact Tracing Apps. In <i>International Conference on Human-Computer Interaction<\/i> (pp. 125-139).<\/li>\n<li>Girard, B., &amp; Menelas, B. A. J. (2020, December). Dynamic Difficulty Adjustment Through Real-Time Physiological Feedback for a More Adapted Virtual Reality Exposure Therapy. In <i>International Conference on Games and Learning Alliance<\/i> (pp. 102-111).<\/li>\n<li>Kamkuimo, S. A. K., Girard, B., Lapointe, P., &amp; Menelas, B. A. J. (2020, November). Design and Implementation of a Serious Game to Make Construction Workers Aware of Exposure to Silica Dust in the Workplace. In <i>Joint International Conference on Serious Games<\/i> (pp. 85-98).<\/li>\n<li>Tchakout\u00e9, L. D. C., &amp; M\u00e9n\u00e9las, B. A. J. (2018). Impact of Auditory Distractions on Haptic Messages Presented Under the Foot. In\u00a0<i>VISIGRAPP (2: HUCAPP)<\/i>\u00a0(pp. 55-63).<\/li>\n<li>Tchakout\u00e9, L. D. C., &amp; M\u00e9n\u00e9las, B. A. J. (2018). Reaction Time to Vibrotactile Messages on Different Types of Soil. In\u00a0<i>VISIGRAPP (2: HUCAPP)<\/i>\u00a0(pp. 155-161).<\/li>\n<li>Yahyaoui, H., &amp; Menelas, B. A. J. (2017, April). Towards the development of a serious game that targets psychological stressors of the workplace. In\u00a0<i>Serious Games and Applications for Health (SeGAH), 2017 IEEE 5th International Conference on<\/i>(pp. 1-6). IEEE.<\/li>\n<li>Boukhris, S., &amp; Menelas, B. A. J. (2017, July). Towards the Use of a Serious Game to Learn to Identify the Location of a 3D Sound in the Virtual Environment. In\u00a0<i>International Conference on Human-Computer Interaction<\/i>\u00a0(pp. 35-44). Springer, Cham.<\/li>\n<li>Ecrepont, A., Haidon, C., Girard, B., &amp; Menelas, B. A. J. (2016, May). A fully customizable truck-driving simulator for the care of people suffering from Post-Traumatic Stress Disorder. In\u00a0<i>Serious Games and Applications for Health (SeGAH), 2016 IEEE International Conference on<\/i>\u00a0(pp. 1-8). IEEE.<\/li>\n<li>Haidon, C., Ecrepont, A., Girard, B., &amp; Menelas, B. A. J. (2015, December). Gamification of a truck-driving simulator for the care of people suffering from post-traumatic stress disorder. In\u00a0<i>International Conference on Games and Learning Alliance<\/i>\u00a0(pp. 312-322). Springer International Publishing.<\/li>\n<li>Brahem, M. B., Ayena, J. C., Otis, M. J., &amp; M\u00e9n\u00e9las, B. A. J. (2015, October). Risk of falling assessment on different types of ground using the instrumented TUG. In\u00a0<i>Systems, Man, and Cybernetics (SMC), 2015 IEEE International Conference on<\/i>\u00a0(pp. 2372-2377). IEEE.<\/li>\n<li>Ayena, J. C., Chapwouo T., Landry D., Otis, M. J., &amp; Menelas, B. A. (2015, May). An efficient home-based risk of falling assessment test based on Smartphone and instrumented insole. In\u00a0<i>Medical Measurements and Applications (MeMeA), 2015 IEEE International Symposium on<\/i>\u00a0(pp. 416-421). IEEE.<\/li>\n<li>Bourgault, N., Bouchard, B., &amp; Menelas, B. A. J. (2014, October). Effect of ecological gestures on the immersion of the player in a serious game. In\u00a0<i>International Conference on Serious Games Development and Applications<\/i>\u00a0(pp. 21-33). Springer.<\/li>\n<li>Gagnon, D., Otis, M. J. D., &amp; Menelas, B. A. J. (2013, September). A serious game for the learning of vibrotactile feedbacks presented under the foot: How many and how fast?. In\u00a0<i>International Conference on Serious Games Development and Applications<\/i>\u00a0(pp. 288-298). Springer, Berlin, Heidelberg.<\/li>\n<li>Vandewynckel, J., Otis, M. J., Bouchard, B., &amp; Menelas, B. A. J. (2013, September). Training adapted to alzheimer patients for reducing daily activities errors and cognitive decline. In\u00a0<i>International Conference on Serious Games Development and Applications<\/i>\u00a0(pp. 28-36). Springer, Berlin, Heidelberg.<\/li>\n<li>Menelas, B. A. J., &amp; Otis, M. J. D. (2013, October). Use of foot for direct interactions with entities of a virtual environment displayed on a mobile device. In\u00a0<i>Systems, Man, and Cybernetics (SMC), 2013 IEEE International Conference on<\/i>\u00a0(pp. 3745-3750). IEEE.<\/li>\n<li>Gagnon, D., Menelas, B. A. J., &amp; Otis, M. J. (2013, October). Qualitative risk of falling assessment based on gait abnormalities. In\u00a0<i>Systems, Man, and Cybernetics (SMC), 2013 IEEE International Conference on<\/i>\u00a0(pp. 3966-3971). IEEE.<\/li>\n<li>Ben Brahem, M., M\u00e9n\u00e9las, B. A. J., &amp; Otis, M. J. D. (2013). Use of a 3DOF accelerometer for foot tracking and gesture recognition in mobile HCI.\u00a0<i>Procedia Computer Science<\/i>,\u00a0<i>19<\/i>, 453-460.<\/li>\n<li>Vandewynckel, J., Otis, M., Bouchard, B., &amp; Bouzouane, A. (2013). Towards a real-time error detection within a smart home by using activity recognition with a shoe-mounted accelerometer.\u00a0<i>Procedia Computer Science<\/i>,\u00a0<i>19<\/i>, 516-523.<\/li>\n<li>Brassard, S., Otis, M. J. D., Poirier, A., &amp; Menelas, B. A. J. (2012, November). Towards an automatic version of the berg balance scale test through a serious game. In\u00a0<i>Proceedings of the Second ACM Workshop on Mobile Systems, Applications, and Services for Healthcare<\/i>\u00a0(p. 5). ACM.<\/li>\n<li>Otis, M. J. D., &amp; Menelas, B. A. J. (2012, October). Toward an augmented shoe for preventing falls related to physical conditions of the soil. In\u00a0<i>Systems, Man, and Cybernetics (SMC), 2012 IEEE International Conference on<\/i>\u00a0(pp. 3281-3285). IEEE.<\/li>\n<li>Menelas, B. A. J., &amp; Otis, M. J. D. (2012, October). Design of a serious game for learning vibrotactile messages. In\u00a0<i>Haptic Audio Visual Environments and Games (HAVE), 2012 IEEE International Workshop on<\/i>\u00a0(pp. 124-129). IEEE.<\/li>\n<li>Menelas, B. A., &amp; Otis, M. (2012). A serious game for training balance control over different types of soil.\u00a0<i>Serious Games Development and Applications<\/i>, 31-42.<\/li>\n<li>Bouchard, B., Imbeault, F., Bouzouane, A., &amp; Menelas, B. A. J. (2012, September). Developing serious games specifically adapted to people suffering from Alzheimer. In\u00a0<i>International Conference on Serious Games Development and Applications<\/i>(pp. 243-254). Springer, Berlin, Heidelberg.<\/li>\n<li>Menelas, B. A. J. (2013, March). Interactive analysis of cavity-flows in a virtual environment. In\u00a0<i>Proceedings of the 28th Spring Conference on Computer Graphics<\/i>\u00a0(pp. 31-37). ACM.<\/li>\n<li>Menelas, B., Hu, Y., Lahamy, H., &amp; Lichti, D. (2011, October). Haptic and gesture-based interactions for manipulating geological datasets. In\u00a0<i>Systems, Man, and Cybernetics (SMC), 2011 IEEE International Conference on<\/i>\u00a0(pp. 2051-2055). IEEE.<\/li>\n<li>Menelas, B., Picinalli, L., Katz, B. F., &amp; Bourdot, P. (2010, March). Audio haptic feedbacks for an acquisition task in a multi-target context. In\u00a0<i>3D User Interfaces (3DUI), 2010 IEEE Symposium on<\/i>\u00a0(pp. 51-54). IEEE.<\/li>\n<li>M\u00e9n\u00e9las, B., Picinali, L., Katz, B. F., Bourdot, P., &amp; Ammi, M. (2009). Haptic audio guidance for target selection in a virtual environment. In\u00a0<i>Proc. 4th International Haptic and Auditory Interaction Design Workshop (HAID\u201909)<\/i>\u00a0(Vol. 2).<\/li>\n<li>Picinali, L., Menelas, B., Katz, B. F., &amp; Bourdot, P. (2010, May). Evaluation of a haptic\/audio system for 3-d targeting tasks. In\u00a0<i>Audio Engineering Society Convention 128<\/i>. Audio Engineering Society.<\/li>\n<li>Menelas, B., Ammi, M., Pastur, L., &amp; Bourdot, P. (2009, March). Haptical exploration of an unsteady flow. In\u00a0<i>EuroHaptics conference, 2009 and Symposium on Haptic Interfaces for Virtual Environment and Teleoperator Systems. World Haptics 2009. Third Joint<\/i>\u00a0(pp. 232-237). IEEE.<\/li>\n<li>Menelas, B., Ammi, M., &amp; Bourdot, P. (2008). A flexible method for haptic rendering of isosurface from volumetric data.\u00a0<i>Haptics: Perception, Devices and Scenarios<\/i>, 687-693.<\/li>\n<li>Menelas, B., Fauvet, N., Ammi, M., &amp; Bourdot, P. (2008, February). Direct haptic rendering for large data sets with high gradients. In\u00a0<i>Proceedings of the 2008 Ambi-Sys workshop on Haptic user interfaces in ambient media systems<\/i>\u00a0(p. 2). ICST (Institute for Computer Sciences, Social-Informatics and Telecommunications Engineering).<\/li>\n<li>M\u00e9n\u00e9las, B., Ammi, M., Bourdot, P., &amp; Richir, S. (2008, April). A survey on haptic interaction techniques in the exploration of large and scientific data sets. In\u00a0<i>Proceedings of Virtual Reality International Conference, Laval, France<\/i>\u00a0(pp. 31-38).<\/li>\n<\/ol>\n<\/li>\n<\/ul>\n","protected":false},"excerpt":{"rendered":"<p>Peer-Reviewed Journal Articles Kamkuimo, S. A., Girard, B., &amp; Menelas, B. A. J. (2021). A narrative review of virtual reality applications for the treatment of post-traumatic stress disorder. Applied Sciences, 11(15), 6683 Messaoudi, M. D., Menelas, B. A. J., &amp; Mcheick, H. (2020). Autonomous smart white cane navigation system for indoor usage. Technologies, 8(3), 37. &hellip; <a href=\"https:\/\/portfolio.uqac.ca\/bobantoinejerrymenelas\/publications\/\" class=\"more-link\">Continuer la lecture de <span class=\"screen-reader-text\">Publications<\/span>  <span class=\"meta-nav\">&rarr;<\/span><\/a><\/p>\n","protected":false},"author":98,"featured_media":0,"parent":0,"menu_order":3,"comment_status":"closed","ping_status":"closed","template":"","meta":{"footnotes":""},"tags":[],"_links":{"self":[{"href":"https:\/\/portfolio.uqac.ca\/bobantoinejerrymenelas\/wp-json\/wp\/v2\/pages\/311"}],"collection":[{"href":"https:\/\/portfolio.uqac.ca\/bobantoinejerrymenelas\/wp-json\/wp\/v2\/pages"}],"about":[{"href":"https:\/\/portfolio.uqac.ca\/bobantoinejerrymenelas\/wp-json\/wp\/v2\/types\/page"}],"author":[{"embeddable":true,"href":"https:\/\/portfolio.uqac.ca\/bobantoinejerrymenelas\/wp-json\/wp\/v2\/users\/98"}],"replies":[{"embeddable":true,"href":"https:\/\/portfolio.uqac.ca\/bobantoinejerrymenelas\/wp-json\/wp\/v2\/comments?post=311"}],"version-history":[{"count":20,"href":"https:\/\/portfolio.uqac.ca\/bobantoinejerrymenelas\/wp-json\/wp\/v2\/pages\/311\/revisions"}],"predecessor-version":[{"id":395,"href":"https:\/\/portfolio.uqac.ca\/bobantoinejerrymenelas\/wp-json\/wp\/v2\/pages\/311\/revisions\/395"}],"wp:attachment":[{"href":"https:\/\/portfolio.uqac.ca\/bobantoinejerrymenelas\/wp-json\/wp\/v2\/media?parent=311"}],"wp:term":[{"taxonomy":"post_tag","embeddable":true,"href":"https:\/\/portfolio.uqac.ca\/bobantoinejerrymenelas\/wp-json\/wp\/v2\/tags?post=311"}],"curies":[{"name":"wp","href":"https:\/\/api.w.org\/{rel}","templated":true}]}}