{"id":18,"date":"2018-05-10T10:22:05","date_gmt":"2018-05-10T14:22:05","guid":{"rendered":"http:\/\/portfolio-pre.uqac.ca\/gabarit\/?page_id=18"},"modified":"2018-05-17T09:11:10","modified_gmt":"2018-05-17T13:11:10","slug":"enseignement","status":"publish","type":"page","link":"https:\/\/portfolio.uqac.ca\/brunobouchard\/enseignement\/","title":{"rendered":"Enseignement"},"content":{"rendered":"<p><strong>Actuellement<\/strong><\/p>\n<ul>\n<li>8INF847\u00a0: Gestion de projets en informatique<\/li>\n<li><span style=\"line-height: 1.5\">8INF955 :\u00a0Principe de conception et de d\u00e9v. de jeux vid\u00e9o<\/span><\/li>\n<li><span style=\"line-height: 1.5\">8INF913 :\u00a0Laboratoire de d\u00e9veloppement de jeux vid\u00e9o<\/span><\/li>\n<li><span style=\"line-height: 1.5\">8GIF180 : R\u00e9alisation d&#8217;un jeu vid\u00e9o<\/span><\/li>\n<li><span style=\"line-height: 1.5\">8INF859 : Stage en ma\u00eetrise<\/span><\/li>\n<\/ul>\n<p><strong>Dans le pass\u00e9&#8230;<\/strong><\/p>\n<ul>\n<li>8INF150\u00a0: Conception de jeux vid\u00e9o<\/li>\n<li><span style=\"line-height: 1.5\">8FIG103 :\u00a0Mobilit\u00e9 et agents intelligents<\/span><\/li>\n<li><span style=\"line-height: 1.5\">8IFG110 :\u00a0Technologies de l&#8217;information et affaires \u00e9lectronique<\/span><\/li>\n<li><span style=\"line-height: 1.5\">8INF224 : Base de donn\u00e9es personnelles<\/span><\/li>\n<li>8INF232\u00a0: Internet et t\u00e9l\u00e9matique<\/li>\n<li><span style=\"line-height: 1.5\">8INF341 :\u00a0Syst\u00e8me d&#8217;exploitation<\/span><\/li>\n<li><span style=\"line-height: 1.5\"><span style=\"line-height: 1.5\">8INF829 :\u00a0S\u00e9minaire en intelligence ambiante<\/span><\/span><\/li>\n<li><span style=\"line-height: 1.5\">8INF844 : Syst\u00e8mes multi-agents<\/span><\/li>\n<li>6GEN690\u00a0: G\u00e9nie logiciel &#8211; Internet et r\u00e9seaux<\/li>\n<li><span style=\"line-height: 1.5\"><span style=\"line-height: 1.5\">8PRO109\u00a0:\u00a0Programmation client-serveur<\/span><\/span><\/li>\n<li><span style=\"line-height: 1.5\">IFT232\u00a0: M\u00e9thodes de conception orient\u00e9e objet (U. Sherbrooke)<\/span><\/li>\n<li><span style=\"line-height: 1.5\">IFT439\u00a0: Concepts\u00a0langages de programmation (U. Sherbrooke)<\/span><\/li>\n<\/ul>\n","protected":false},"excerpt":{"rendered":"<p>Actuellement 8INF847\u00a0: Gestion de projets en informatique 8INF955 :\u00a0Principe de conception et de d\u00e9v. de jeux vid\u00e9o 8INF913 :\u00a0Laboratoire de d\u00e9veloppement de jeux vid\u00e9o 8GIF180 : R\u00e9alisation d&#8217;un jeu vid\u00e9o 8INF859 : Stage en ma\u00eetrise Dans le pass\u00e9&#8230; 8INF150\u00a0: Conception de jeux vid\u00e9o 8FIG103 :\u00a0Mobilit\u00e9 et agents intelligents 8IFG110 :\u00a0Technologies de l&#8217;information et affaires \u00e9lectronique &hellip; <a href=\"https:\/\/portfolio.uqac.ca\/brunobouchard\/enseignement\/\" class=\"more-link\">Continuer la lecture de <span class=\"screen-reader-text\">Enseignement<\/span>  <span class=\"meta-nav\">&rarr;<\/span><\/a><\/p>\n","protected":false},"author":89,"featured_media":0,"parent":0,"menu_order":0,"comment_status":"closed","ping_status":"closed","template":"","meta":{"footnotes":""},"tags":[],"_links":{"self":[{"href":"https:\/\/portfolio.uqac.ca\/brunobouchard\/wp-json\/wp\/v2\/pages\/18"}],"collection":[{"href":"https:\/\/portfolio.uqac.ca\/brunobouchard\/wp-json\/wp\/v2\/pages"}],"about":[{"href":"https:\/\/portfolio.uqac.ca\/brunobouchard\/wp-json\/wp\/v2\/types\/page"}],"author":[{"embeddable":true,"href":"https:\/\/portfolio.uqac.ca\/brunobouchard\/wp-json\/wp\/v2\/users\/89"}],"replies":[{"embeddable":true,"href":"https:\/\/portfolio.uqac.ca\/brunobouchard\/wp-json\/wp\/v2\/comments?post=18"}],"version-history":[{"count":6,"href":"https:\/\/portfolio.uqac.ca\/brunobouchard\/wp-json\/wp\/v2\/pages\/18\/revisions"}],"predecessor-version":[{"id":153,"href":"https:\/\/portfolio.uqac.ca\/brunobouchard\/wp-json\/wp\/v2\/pages\/18\/revisions\/153"}],"wp:attachment":[{"href":"https:\/\/portfolio.uqac.ca\/brunobouchard\/wp-json\/wp\/v2\/media?parent=18"}],"wp:term":[{"taxonomy":"post_tag","embeddable":true,"href":"https:\/\/portfolio.uqac.ca\/brunobouchard\/wp-json\/wp\/v2\/tags?post=18"}],"curies":[{"name":"wp","href":"https:\/\/api.w.org\/{rel}","templated":true}]}}