{"id":4,"date":"2018-05-10T10:22:05","date_gmt":"2018-05-10T14:22:05","guid":{"rendered":"http:\/\/portfolio-pre.uqac.ca\/gabarit\/?page_id=4"},"modified":"2018-05-10T13:23:36","modified_gmt":"2018-05-10T17:23:36","slug":"presentatio","status":"publish","type":"page","link":"https:\/\/portfolio.uqac.ca\/brunobouchard\/","title":{"rendered":"Pr\u00e9sentation"},"content":{"rendered":"<h2>Bruno Bouchard, Ph.D.<\/h2>\n<p>Professeur au d\u00e9partement\u00a0d&#8217;informatique et de math\u00e9matique<br \/>\nChercheur au laboratoire LIARA (<a href=\"https:\/\/liara.uqac.ca\">liara.uqac.ca<\/a>)<\/p>\n<p><strong>Post-doctorat en informatique\u00a0\u00a0\u00a0\u00a0\u00a0\u00a0 \u00a0\u00a0 \u00a0\u00a0\u00a0\u00a0\u00a0\u00a0\u00a0 <a href=\"https:\/\/portfolio.uqac.ca\/brunobouchard\/files\/2018\/05\/University-of-Toronto.png\"><img loading=\"lazy\" decoding=\"async\" class=\"alignnone wp-image-144\" src=\"https:\/\/portfolio.uqac.ca\/brunobouchard\/files\/2018\/05\/University-of-Toronto-300x106.png\" alt=\"\" width=\"175\" height=\"62\" srcset=\"https:\/\/portfolio.uqac.ca\/brunobouchard\/files\/2018\/05\/University-of-Toronto-300x106.png 300w, https:\/\/portfolio.uqac.ca\/brunobouchard\/files\/2018\/05\/University-of-Toronto.png 620w\" sizes=\"(max-width: 175px) 100vw, 175px\" \/><\/a><\/strong><\/p>\n<p><strong>Doctorat en informatique\u00a0(Ph.D.)<\/strong>\u00a0\u00a0\u00a0\u00a0\u00a0\u00a0\u00a0\u00a0\u00a0\u00a0\u00a0\u00a0 <a href=\"https:\/\/portfolio.uqac.ca\/brunobouchard\/files\/2018\/05\/usherbrooke.png\"><img loading=\"lazy\" decoding=\"async\" class=\"alignnone wp-image-142\" src=\"https:\/\/portfolio.uqac.ca\/brunobouchard\/files\/2018\/05\/usherbrooke-300x48.png\" alt=\"\" width=\"200\" height=\"32\" srcset=\"https:\/\/portfolio.uqac.ca\/brunobouchard\/files\/2018\/05\/usherbrooke-300x48.png 300w, https:\/\/portfolio.uqac.ca\/brunobouchard\/files\/2018\/05\/usherbrooke.png 562w\" sizes=\"(max-width: 200px) 100vw, 200px\" \/><\/a><\/p>\n<p><strong>Ma\u00eetrise en informatique\u00a0(M.Sc.)\u00a0<\/strong>\u00a0\u00a0 \u00a0\u00a0\u00a0 \u00a0\u00a0\u00a0\u00a0\u00a0\u00a0 <a href=\"https:\/\/portfolio.uqac.ca\/brunobouchard\/files\/2018\/05\/uqam-logo2.png\"><img loading=\"lazy\" decoding=\"async\" class=\"alignnone wp-image-146\" src=\"https:\/\/portfolio.uqac.ca\/brunobouchard\/files\/2018\/05\/uqam-logo2-300x134.png\" alt=\"\" width=\"119\" height=\"53\" srcset=\"https:\/\/portfolio.uqac.ca\/brunobouchard\/files\/2018\/05\/uqam-logo2-300x134.png 300w, https:\/\/portfolio.uqac.ca\/brunobouchard\/files\/2018\/05\/uqam-logo2.png 656w\" sizes=\"(max-width: 119px) 100vw, 119px\" \/><\/a><\/p>\n<p><strong>Baccalaur\u00e9at en informatique (B.Sc.)\u00a0\u00a0\u00a0\u00a0<a href=\"https:\/\/portfolio.uqac.ca\/brunobouchard\/files\/2018\/05\/uqac2.png\"><img loading=\"lazy\" decoding=\"async\" class=\"alignnone wp-image-145\" src=\"https:\/\/portfolio.uqac.ca\/brunobouchard\/files\/2018\/05\/uqac2-300x157.png\" alt=\"\" width=\"121\" height=\"63\" srcset=\"https:\/\/portfolio.uqac.ca\/brunobouchard\/files\/2018\/05\/uqac2-300x157.png 300w, https:\/\/portfolio.uqac.ca\/brunobouchard\/files\/2018\/05\/uqac2.png 382w\" sizes=\"(max-width: 121px) 100vw, 121px\" \/><\/a><\/strong><\/p>\n<h3>Champs d&#8217;int\u00e9r\u00eat en recherche<\/h3>\n<p>Intelligence artificielle, reconnaissance d&#8217;activit\u00e9s humaines, apprentissage automatis\u00e9, guidance, technologies d&#8217;assistance, habitats intelligents \u00e9quip\u00e9s de capteurs ubiquitaires<\/p>\n","protected":false},"excerpt":{"rendered":"<p>Bruno Bouchard, Ph.D. Professeur au d\u00e9partement\u00a0d&#8217;informatique et de math\u00e9matique Chercheur au laboratoire LIARA (liara.uqac.ca) Post-doctorat en informatique\u00a0\u00a0\u00a0\u00a0\u00a0\u00a0 \u00a0\u00a0 \u00a0\u00a0\u00a0\u00a0\u00a0\u00a0\u00a0 Doctorat en informatique\u00a0(Ph.D.)\u00a0\u00a0\u00a0\u00a0\u00a0\u00a0\u00a0\u00a0\u00a0\u00a0\u00a0\u00a0 Ma\u00eetrise en informatique\u00a0(M.Sc.)\u00a0\u00a0\u00a0 \u00a0\u00a0\u00a0 \u00a0\u00a0\u00a0\u00a0\u00a0\u00a0 Baccalaur\u00e9at en informatique (B.Sc.)\u00a0\u00a0\u00a0\u00a0 Champs d&#8217;int\u00e9r\u00eat en recherche Intelligence artificielle, reconnaissance d&#8217;activit\u00e9s humaines, apprentissage automatis\u00e9, guidance, technologies d&#8217;assistance, habitats intelligents \u00e9quip\u00e9s de capteurs ubiquitaires<\/p>\n","protected":false},"author":89,"featured_media":0,"parent":0,"menu_order":0,"comment_status":"closed","ping_status":"closed","template":"","meta":{"footnotes":""},"tags":[],"_links":{"self":[{"href":"https:\/\/portfolio.uqac.ca\/brunobouchard\/wp-json\/wp\/v2\/pages\/4"}],"collection":[{"href":"https:\/\/portfolio.uqac.ca\/brunobouchard\/wp-json\/wp\/v2\/pages"}],"about":[{"href":"https:\/\/portfolio.uqac.ca\/brunobouchard\/wp-json\/wp\/v2\/types\/page"}],"author":[{"embeddable":true,"href":"https:\/\/portfolio.uqac.ca\/brunobouchard\/wp-json\/wp\/v2\/users\/89"}],"replies":[{"embeddable":true,"href":"https:\/\/portfolio.uqac.ca\/brunobouchard\/wp-json\/wp\/v2\/comments?post=4"}],"version-history":[{"count":18,"href":"https:\/\/portfolio.uqac.ca\/brunobouchard\/wp-json\/wp\/v2\/pages\/4\/revisions"}],"predecessor-version":[{"id":149,"href":"https:\/\/portfolio.uqac.ca\/brunobouchard\/wp-json\/wp\/v2\/pages\/4\/revisions\/149"}],"wp:attachment":[{"href":"https:\/\/portfolio.uqac.ca\/brunobouchard\/wp-json\/wp\/v2\/media?parent=4"}],"wp:term":[{"taxonomy":"post_tag","embeddable":true,"href":"https:\/\/portfolio.uqac.ca\/brunobouchard\/wp-json\/wp\/v2\/tags?post=4"}],"curies":[{"name":"wp","href":"https:\/\/api.w.org\/{rel}","templated":true}]}}