{"id":46,"date":"2018-05-10T10:22:05","date_gmt":"2018-05-10T14:22:05","guid":{"rendered":"http:\/\/portfolio-pre.uqac.ca\/gabarit\/?page_id=46"},"modified":"2018-05-17T11:28:58","modified_gmt":"2018-05-17T15:28:58","slug":"recherche","status":"publish","type":"page","link":"https:\/\/portfolio.uqac.ca\/brunobouchard\/recherche\/","title":{"rendered":"Recherche"},"content":{"rendered":"<p><strong>Projets et activit\u00e9s de recherche<\/strong><\/p>\n<ul>\n<li>Reconnaissance d&#8217;activit\u00e9s humaines dans un habitat intelligent.<\/li>\n<li>Apprentissage des &#8220;patterns&#8221; comportementaux des usagers \u00e0 partir de donn\u00e9es capteurs.<\/li>\n<li>Assistance-guidance pas \u00e0 pas d&#8217;un usager \u00e0 l&#8217;aide d&#8217;effecteurs.<\/li>\n<li>Jeux s\u00e9rieux dans le domaine de le domaine de la sant\u00e9.<\/li>\n<li>Technologies d&#8217;assistance pour le maintien \u00e0 domicile<\/li>\n<li>Intelligence artificielle appliqu\u00e9e pour l&#8217;aide \u00e0 la d\u00e9cision dans les entreprises.<\/li>\n<\/ul>\n","protected":false},"excerpt":{"rendered":"<p>Projets et activit\u00e9s de recherche Reconnaissance d&#8217;activit\u00e9s humaines dans un habitat intelligent. Apprentissage des &#8220;patterns&#8221; comportementaux des usagers \u00e0 partir de donn\u00e9es capteurs. Assistance-guidance pas \u00e0 pas d&#8217;un usager \u00e0 l&#8217;aide d&#8217;effecteurs. Jeux s\u00e9rieux dans le domaine de le domaine de la sant\u00e9. Technologies d&#8217;assistance pour le maintien \u00e0 domicile Intelligence artificielle appliqu\u00e9e pour l&#8217;aide &hellip; <a href=\"https:\/\/portfolio.uqac.ca\/brunobouchard\/recherche\/\" class=\"more-link\">Continuer la lecture de <span class=\"screen-reader-text\">Recherche<\/span>  <span class=\"meta-nav\">&rarr;<\/span><\/a><\/p>\n","protected":false},"author":89,"featured_media":0,"parent":0,"menu_order":0,"comment_status":"closed","ping_status":"closed","template":"","meta":{"footnotes":""},"tags":[],"_links":{"self":[{"href":"https:\/\/portfolio.uqac.ca\/brunobouchard\/wp-json\/wp\/v2\/pages\/46"}],"collection":[{"href":"https:\/\/portfolio.uqac.ca\/brunobouchard\/wp-json\/wp\/v2\/pages"}],"about":[{"href":"https:\/\/portfolio.uqac.ca\/brunobouchard\/wp-json\/wp\/v2\/types\/page"}],"author":[{"embeddable":true,"href":"https:\/\/portfolio.uqac.ca\/brunobouchard\/wp-json\/wp\/v2\/users\/89"}],"replies":[{"embeddable":true,"href":"https:\/\/portfolio.uqac.ca\/brunobouchard\/wp-json\/wp\/v2\/comments?post=46"}],"version-history":[{"count":4,"href":"https:\/\/portfolio.uqac.ca\/brunobouchard\/wp-json\/wp\/v2\/pages\/46\/revisions"}],"predecessor-version":[{"id":167,"href":"https:\/\/portfolio.uqac.ca\/brunobouchard\/wp-json\/wp\/v2\/pages\/46\/revisions\/167"}],"wp:attachment":[{"href":"https:\/\/portfolio.uqac.ca\/brunobouchard\/wp-json\/wp\/v2\/media?parent=46"}],"wp:term":[{"taxonomy":"post_tag","embeddable":true,"href":"https:\/\/portfolio.uqac.ca\/brunobouchard\/wp-json\/wp\/v2\/tags?post=46"}],"curies":[{"name":"wp","href":"https:\/\/api.w.org\/{rel}","templated":true}]}}