{"id":17,"date":"2024-11-11T20:12:20","date_gmt":"2024-11-11T19:12:20","guid":{"rendered":"https:\/\/portfolio-temp.uqac.ca\/camillejutrasdupont\/?page_id=17"},"modified":"2024-11-11T20:12:20","modified_gmt":"2024-11-11T19:12:20","slug":"enseignement","status":"publish","type":"page","link":"https:\/\/portfolio.uqac.ca\/camillejutras\/enseignement\/","title":{"rendered":"Enseignement"},"content":{"rendered":"<ul>\n<li><a href=\"https:\/\/programmes.uqac.ca\/3ppg150\" target=\"_blank\" rel=\"noopener\">3PPG150 : Fondements de l\u2019apprentissage scolaire<\/a><\/li>\n<li><a href=\"https:\/\/programmes.uqac.ca\/fep0005\" target=\"_blank\" rel=\"noopener\">FEP0005 : Gestion du goupe-classe en formation professionnelle<\/a><\/li>\n<li><a href=\"https:\/\/programmes.uqac.ca\/3eei230\" target=\"_blank\" rel=\"noopener\">3EEI230 : L\u2019h\u00e9t\u00e9rog\u00e9n\u00e9it\u00e9 dans la classe<\/a><\/li>\n<li><a href=\"https:\/\/programmes.uqac.ca\/3ais203\" target=\"_blank\" rel=\"noopener\">3AIS203\u00a0: Enseignement adapt\u00e9 au secondaire et aux jeunes adultes en difficult\u00e9<\/a><\/li>\n<li><a href=\"https:\/\/programmes.uqac.ca\/3eei221\" target=\"_blank\" rel=\"noopener\">3EEI221\u00a0: Difficult\u00e9 d\u2019apprentissage et d\u2019adaptation en formation professionnelle<\/a><\/li>\n<\/ul>\n","protected":false},"excerpt":{"rendered":"<p>3PPG150 : Fondements de l\u2019apprentissage scolaire FEP0005 : Gestion du goupe-classe en formation professionnelle 3EEI230 : L\u2019h\u00e9t\u00e9rog\u00e9n\u00e9it\u00e9 dans la classe 3AIS203\u00a0: Enseignement adapt\u00e9 au secondaire et aux jeunes adultes en difficult\u00e9 3EEI221\u00a0: Difficult\u00e9 d\u2019apprentissage et d\u2019adaptation en formation professionnelle<\/p>\n","protected":false},"author":89,"featured_media":0,"parent":0,"menu_order":0,"comment_status":"closed","ping_status":"closed","template":"","meta":{"footnotes":""},"tags":[],"_links":{"self":[{"href":"https:\/\/portfolio.uqac.ca\/camillejutras\/wp-json\/wp\/v2\/pages\/17"}],"collection":[{"href":"https:\/\/portfolio.uqac.ca\/camillejutras\/wp-json\/wp\/v2\/pages"}],"about":[{"href":"https:\/\/portfolio.uqac.ca\/camillejutras\/wp-json\/wp\/v2\/types\/page"}],"author":[{"embeddable":true,"href":"https:\/\/portfolio.uqac.ca\/camillejutras\/wp-json\/wp\/v2\/users\/89"}],"replies":[{"embeddable":true,"href":"https:\/\/portfolio.uqac.ca\/camillejutras\/wp-json\/wp\/v2\/comments?post=17"}],"version-history":[{"count":1,"href":"https:\/\/portfolio.uqac.ca\/camillejutras\/wp-json\/wp\/v2\/pages\/17\/revisions"}],"predecessor-version":[{"id":18,"href":"https:\/\/portfolio.uqac.ca\/camillejutras\/wp-json\/wp\/v2\/pages\/17\/revisions\/18"}],"wp:attachment":[{"href":"https:\/\/portfolio.uqac.ca\/camillejutras\/wp-json\/wp\/v2\/media?parent=17"}],"wp:term":[{"taxonomy":"post_tag","embeddable":true,"href":"https:\/\/portfolio.uqac.ca\/camillejutras\/wp-json\/wp\/v2\/tags?post=17"}],"curies":[{"name":"wp","href":"https:\/\/api.w.org\/{rel}","templated":true}]}}