{"id":18,"date":"2012-07-23T20:05:15","date_gmt":"2012-07-23T20:05:15","guid":{"rendered":"http:\/\/portfolio-pre.uqac.ca\/gabarit\/?page_id=18"},"modified":"2014-08-28T11:15:49","modified_gmt":"2014-08-28T15:15:49","slug":"enseignement","status":"publish","type":"page","link":"https:\/\/portfolio.uqac.ca\/carolinegagne\/enseignement\/","title":{"rendered":"Enseignement"},"content":{"rendered":"<ul>\n<li><a title=\"8INF808 \u2013 Informatique appliqu\u00e9e et optimisation\" href=\"https:\/\/portfolio.uqac.ca\/carolinegagne\/enseignement\/8inf808-informatique-appliquee-et-optimisation\/\"><strong>8INF808<\/strong> &#8211; Informatique appliqu\u00e9e et optimisation<\/a><\/li>\n<li><a title=\"8ROP515 \u2013 Recherche op\u00e9rationnelle\" href=\"https:\/\/portfolio.uqac.ca\/carolinegagne\/enseignement\/8rop515-recherche-operationnelle\/\"><strong>8ROP515<\/strong> &#8211; Recherche op\u00e9rationnelle<\/a><\/li>\n<li><a title=\"8PRO107 \u2013 \u00c9l\u00e9ments de programmation\" href=\"https:\/\/portfolio.uqac.ca\/carolinegagne\/enseignement\/8pro107-elements-de-programmation\/\"><strong>8PRO107<\/strong> &#8211; \u00c9l\u00e9ments de programmation<\/a><\/li>\n<li><strong>8INF852<\/strong> &#8211; M\u00e9taheuristiques\u00a0en optimisation<\/li>\n<li><strong>2GPO100<\/strong> &#8211; Gestion des op\u00e9rations en milieu de travail<\/li>\n<li><strong>8PRO103<\/strong> &#8211; Programmation<\/li>\n<li><strong>8PRO310<\/strong> &#8211; Informatique industrielle<\/li>\n<li><strong>8MQG410<\/strong> &#8211; Mod\u00e9lisation et d\u00e9cision<\/li>\n<li><strong>8INF607<\/strong> &#8211; Projet<\/li>\n<\/ul>\n","protected":false},"excerpt":{"rendered":"<p>8INF808 &#8211; Informatique appliqu\u00e9e et optimisation 8ROP515 &#8211; Recherche op\u00e9rationnelle 8PRO107 &#8211; \u00c9l\u00e9ments de programmation 8INF852 &#8211; M\u00e9taheuristiques\u00a0en optimisation 2GPO100 &#8211; Gestion des op\u00e9rations en milieu de travail 8PRO103 &#8211; Programmation 8PRO310 &#8211; Informatique industrielle 8MQG410 &#8211; Mod\u00e9lisation et d\u00e9cision 8INF607 &#8211; Projet<\/p>\n","protected":false},"author":22,"featured_media":0,"parent":0,"menu_order":0,"comment_status":"closed","ping_status":"closed","template":"","meta":{"footnotes":""},"tags":[],"_links":{"self":[{"href":"https:\/\/portfolio.uqac.ca\/carolinegagne\/wp-json\/wp\/v2\/pages\/18"}],"collection":[{"href":"https:\/\/portfolio.uqac.ca\/carolinegagne\/wp-json\/wp\/v2\/pages"}],"about":[{"href":"https:\/\/portfolio.uqac.ca\/carolinegagne\/wp-json\/wp\/v2\/types\/page"}],"author":[{"embeddable":true,"href":"https:\/\/portfolio.uqac.ca\/carolinegagne\/wp-json\/wp\/v2\/users\/22"}],"replies":[{"embeddable":true,"href":"https:\/\/portfolio.uqac.ca\/carolinegagne\/wp-json\/wp\/v2\/comments?post=18"}],"version-history":[{"count":12,"href":"https:\/\/portfolio.uqac.ca\/carolinegagne\/wp-json\/wp\/v2\/pages\/18\/revisions"}],"predecessor-version":[{"id":203,"href":"https:\/\/portfolio.uqac.ca\/carolinegagne\/wp-json\/wp\/v2\/pages\/18\/revisions\/203"}],"wp:attachment":[{"href":"https:\/\/portfolio.uqac.ca\/carolinegagne\/wp-json\/wp\/v2\/media?parent=18"}],"wp:term":[{"taxonomy":"post_tag","embeddable":true,"href":"https:\/\/portfolio.uqac.ca\/carolinegagne\/wp-json\/wp\/v2\/tags?post=18"}],"curies":[{"name":"wp","href":"https:\/\/api.w.org\/{rel}","templated":true}]}}