{"id":209,"date":"2014-11-26T10:19:43","date_gmt":"2014-11-26T15:19:43","guid":{"rendered":"http:\/\/portfolio-pre.uqac.ca\/carolinegagne\/?page_id=209"},"modified":"2017-05-01T15:30:34","modified_gmt":"2017-05-01T19:30:34","slug":"ordonnancement-dun-atelier-flowshop-hybride-et-flexible","status":"publish","type":"page","link":"https:\/\/portfolio.uqac.ca\/carolinegagne\/recherche\/ordonnancement-dun-atelier-flowshop-hybride-et-flexible\/","title":{"rendered":"Ordonnancement d&#8217;un atelier Flowshop hybride et flexible"},"content":{"rendered":"<h2>Ordonnancement d&#8217;un atelier s\u00e9riel hybride et flexible\u00a0 (<em>Scheduling hybrid flexible flowshop problem<\/em>)<\/h2>\n<p><b>Avec r\u00e9glages d\u00e9pendants de la s\u00e9quence des travaux (<em>with Sequence Dependent Setup Times<\/em>)<br \/>\n<\/b><\/p>\n<p><b>Objectif: Minimisation du retard total (<em>minimizing total tardiness<\/em>)<br \/>\n<\/b><\/p>\n<h2><b>Instances:<\/b><\/h2>\n<ul>\n<li><a href=\"https:\/\/portfolio.uqac.ca\/carolinegagne\/files\/2014\/11\/Readme.pdf\">Description des instances<\/a>\u00a0(.pdf)<\/li>\n<li><a href=\"https:\/\/portfolio.uqac.ca\/carolinegagne\/files\/2014\/11\/Instances.zip\">ProblemDataSet<\/a>\u00a0(.zip)<\/li>\n<\/ul>\n<h2>Paper:<\/h2>\n<ul>\n<li>Sioud, A., Gagn\u00e9 C., Gravel M.,<a href=\"https:\/\/portfolio.uqac.ca\/carolinegagne\/files\/2014\/11\/infocomp2014-14mai2014.pdf\"> Minimizing Total Tardiness in a Hybrid Flexible Flowshop with Sequence Dependent Setup Times<\/a>, The Fourth International Conference on Advanced Communications and Computation (INFOCOMP 2014), Paris, France, July 20-24 2014.<\/li>\n<\/ul>\n","protected":false},"excerpt":{"rendered":"<p>Ordonnancement d&#8217;un atelier s\u00e9riel hybride et flexible\u00a0 (Scheduling hybrid flexible flowshop problem) Avec r\u00e9glages d\u00e9pendants de la s\u00e9quence des travaux (with Sequence Dependent Setup Times) Objectif: Minimisation du retard total (minimizing total tardiness) Instances: Description des instances\u00a0(.pdf) ProblemDataSet\u00a0(.zip) Paper: Sioud, A., Gagn\u00e9 C., Gravel M., Minimizing Total Tardiness in a Hybrid Flexible Flowshop with Sequence &hellip; <a href=\"https:\/\/portfolio.uqac.ca\/carolinegagne\/recherche\/ordonnancement-dun-atelier-flowshop-hybride-et-flexible\/\" class=\"more-link\">Continuer la lecture de <span class=\"screen-reader-text\">Ordonnancement d&#8217;un atelier Flowshop hybride et flexible<\/span>  <span class=\"meta-nav\">&rarr;<\/span><\/a><\/p>\n","protected":false},"author":22,"featured_media":0,"parent":46,"menu_order":0,"comment_status":"closed","ping_status":"open","template":"","meta":{"footnotes":""},"tags":[6],"_links":{"self":[{"href":"https:\/\/portfolio.uqac.ca\/carolinegagne\/wp-json\/wp\/v2\/pages\/209"}],"collection":[{"href":"https:\/\/portfolio.uqac.ca\/carolinegagne\/wp-json\/wp\/v2\/pages"}],"about":[{"href":"https:\/\/portfolio.uqac.ca\/carolinegagne\/wp-json\/wp\/v2\/types\/page"}],"author":[{"embeddable":true,"href":"https:\/\/portfolio.uqac.ca\/carolinegagne\/wp-json\/wp\/v2\/users\/22"}],"replies":[{"embeddable":true,"href":"https:\/\/portfolio.uqac.ca\/carolinegagne\/wp-json\/wp\/v2\/comments?post=209"}],"version-history":[{"count":7,"href":"https:\/\/portfolio.uqac.ca\/carolinegagne\/wp-json\/wp\/v2\/pages\/209\/revisions"}],"predecessor-version":[{"id":255,"href":"https:\/\/portfolio.uqac.ca\/carolinegagne\/wp-json\/wp\/v2\/pages\/209\/revisions\/255"}],"up":[{"embeddable":true,"href":"https:\/\/portfolio.uqac.ca\/carolinegagne\/wp-json\/wp\/v2\/pages\/46"}],"wp:attachment":[{"href":"https:\/\/portfolio.uqac.ca\/carolinegagne\/wp-json\/wp\/v2\/media?parent=209"}],"wp:term":[{"taxonomy":"post_tag","embeddable":true,"href":"https:\/\/portfolio.uqac.ca\/carolinegagne\/wp-json\/wp\/v2\/tags?post=209"}],"curies":[{"name":"wp","href":"https:\/\/api.w.org\/{rel}","templated":true}]}}