{"id":4,"date":"2012-07-23T17:46:31","date_gmt":"2012-07-23T17:46:31","guid":{"rendered":"http:\/\/portfolio-pre.uqac.ca\/gabarit\/?page_id=4"},"modified":"2014-04-30T16:52:52","modified_gmt":"2014-04-30T20:52:52","slug":"presentatio","status":"publish","type":"page","link":"https:\/\/portfolio.uqac.ca\/carolinegagne\/","title":{"rendered":"Pr\u00e9sentation"},"content":{"rendered":"<h2>Caroline Gagn\u00e9<\/h2>\n<p>Professeure au d\u00e9partement d&#8217;informatique et de math\u00e9matique<\/p>\n","protected":false},"excerpt":{"rendered":"<p>Caroline Gagn\u00e9 Professeure au d\u00e9partement d&#8217;informatique et de math\u00e9matique<\/p>\n","protected":false},"author":22,"featured_media":0,"parent":0,"menu_order":0,"comment_status":"closed","ping_status":"closed","template":"","meta":{"footnotes":""},"tags":[],"_links":{"self":[{"href":"https:\/\/portfolio.uqac.ca\/carolinegagne\/wp-json\/wp\/v2\/pages\/4"}],"collection":[{"href":"https:\/\/portfolio.uqac.ca\/carolinegagne\/wp-json\/wp\/v2\/pages"}],"about":[{"href":"https:\/\/portfolio.uqac.ca\/carolinegagne\/wp-json\/wp\/v2\/types\/page"}],"author":[{"embeddable":true,"href":"https:\/\/portfolio.uqac.ca\/carolinegagne\/wp-json\/wp\/v2\/users\/22"}],"replies":[{"embeddable":true,"href":"https:\/\/portfolio.uqac.ca\/carolinegagne\/wp-json\/wp\/v2\/comments?post=4"}],"version-history":[{"count":14,"href":"https:\/\/portfolio.uqac.ca\/carolinegagne\/wp-json\/wp\/v2\/pages\/4\/revisions"}],"predecessor-version":[{"id":153,"href":"https:\/\/portfolio.uqac.ca\/carolinegagne\/wp-json\/wp\/v2\/pages\/4\/revisions\/153"}],"wp:attachment":[{"href":"https:\/\/portfolio.uqac.ca\/carolinegagne\/wp-json\/wp\/v2\/media?parent=4"}],"wp:term":[{"taxonomy":"post_tag","embeddable":true,"href":"https:\/\/portfolio.uqac.ca\/carolinegagne\/wp-json\/wp\/v2\/tags?post=4"}],"curies":[{"name":"wp","href":"https:\/\/api.w.org\/{rel}","templated":true}]}}