{"id":46,"date":"2012-07-24T14:17:13","date_gmt":"2012-07-24T14:17:13","guid":{"rendered":"http:\/\/portfolio-pre.uqac.ca\/gabarit\/?page_id=46"},"modified":"2017-05-01T15:35:05","modified_gmt":"2017-05-01T19:35:05","slug":"recherche","status":"publish","type":"page","link":"https:\/\/portfolio.uqac.ca\/carolinegagne\/recherche\/","title":{"rendered":"Recherche"},"content":{"rendered":"<ul>\n<li><a href=\"https:\/\/portfolio.uqac.ca\/carolinegagne\/recherche\/ordonnancement_n_travaux\/\">Ordonnancement de\u00a0<i>n<\/i>\u00a0travaux sur une machine unique avec r\u00e9glages d\u00e9pendant de la s\u00e9quence. Objectif: minimisation du retard total (<em>Scheduling single machine total tardiness with sequence-dependent setup times<\/em> )<\/a><\/li>\n<li><a href=\"https:\/\/portfolio.uqac.ca\/carolinegagne\/recherche\/ordonnancementassemblageautomobile\/\">Ordonnancement d&#8217;une cha\u00eene d&#8217;assemblage automobile (C<i>ar sequencing problem<\/i>)<\/a><\/li>\n<li><a title=\"Ordonnancement d\u2019un atelier Flowshop hybride et flexible\" href=\"https:\/\/portfolio.uqac.ca\/carolinegagne\/recherche\/ordonnancement-dun-atelier-flowshop-hybride-et-flexible\/\">Ordonnancement d\u2019un atelier s\u00e9riel hybride et flexible\u00a0 (<em>Scheduling hybrid flexible flowshop problem<\/em>)<\/a><\/li>\n<li><a href=\"https:\/\/portfolio.uqac.ca\/carolinegagne\/recherche\/scheduling-permutation-flowshop-problem\/\">Ordonnancement d\u2019un atelier s\u00e9riel\u00a0avec r\u00e9glages d\u00e9pendants de la s\u00e9quence des travaux (<em>Scheduling\u00a0permutation flowshop problem <\/em><em>with Sequence Dependent Setup Times<\/em>)<\/a><b><br \/>\n<\/b><\/li>\n<\/ul>\n","protected":false},"excerpt":{"rendered":"<p>Ordonnancement de\u00a0n\u00a0travaux sur une machine unique avec r\u00e9glages d\u00e9pendant de la s\u00e9quence. Objectif: minimisation du retard total (Scheduling single machine total tardiness with sequence-dependent setup times ) Ordonnancement d&#8217;une cha\u00eene d&#8217;assemblage automobile (Car sequencing problem) Ordonnancement d\u2019un atelier s\u00e9riel hybride et flexible\u00a0 (Scheduling hybrid flexible flowshop problem) Ordonnancement d\u2019un atelier s\u00e9riel\u00a0avec r\u00e9glages d\u00e9pendants de la &hellip; <a href=\"https:\/\/portfolio.uqac.ca\/carolinegagne\/recherche\/\" class=\"more-link\">Continuer la lecture de <span class=\"screen-reader-text\">Recherche<\/span>  <span class=\"meta-nav\">&rarr;<\/span><\/a><\/p>\n","protected":false},"author":22,"featured_media":0,"parent":0,"menu_order":0,"comment_status":"closed","ping_status":"closed","template":"","meta":{"footnotes":""},"tags":[],"_links":{"self":[{"href":"https:\/\/portfolio.uqac.ca\/carolinegagne\/wp-json\/wp\/v2\/pages\/46"}],"collection":[{"href":"https:\/\/portfolio.uqac.ca\/carolinegagne\/wp-json\/wp\/v2\/pages"}],"about":[{"href":"https:\/\/portfolio.uqac.ca\/carolinegagne\/wp-json\/wp\/v2\/types\/page"}],"author":[{"embeddable":true,"href":"https:\/\/portfolio.uqac.ca\/carolinegagne\/wp-json\/wp\/v2\/users\/22"}],"replies":[{"embeddable":true,"href":"https:\/\/portfolio.uqac.ca\/carolinegagne\/wp-json\/wp\/v2\/comments?post=46"}],"version-history":[{"count":10,"href":"https:\/\/portfolio.uqac.ca\/carolinegagne\/wp-json\/wp\/v2\/pages\/46\/revisions"}],"predecessor-version":[{"id":257,"href":"https:\/\/portfolio.uqac.ca\/carolinegagne\/wp-json\/wp\/v2\/pages\/46\/revisions\/257"}],"wp:attachment":[{"href":"https:\/\/portfolio.uqac.ca\/carolinegagne\/wp-json\/wp\/v2\/media?parent=46"}],"wp:term":[{"taxonomy":"post_tag","embeddable":true,"href":"https:\/\/portfolio.uqac.ca\/carolinegagne\/wp-json\/wp\/v2\/tags?post=46"}],"curies":[{"name":"wp","href":"https:\/\/api.w.org\/{rel}","templated":true}]}}