{"id":162,"date":"2019-03-27T15:45:50","date_gmt":"2019-03-27T19:45:50","guid":{"rendered":"http:\/\/portfolio-pre.uqac.ca\/gabarit\/?page_id=162"},"modified":"2020-07-17T08:56:39","modified_gmt":"2020-07-17T12:56:39","slug":"articles","status":"publish","type":"page","link":"https:\/\/portfolio.uqac.ca\/catherineflynn\/articles\/","title":{"rendered":"Articles"},"content":{"rendered":"<p><strong>ARTICLES \u00c9VALU\u00c9S PAR UN COMIT\u00c9 DE PAIRS<\/strong><\/p>\n<p>Johnson, H. et <strong>Flynn, C.<\/strong> (accept\u00e9) \u00ab\u00a0Collaboration for improving social work practice : The promise of feminist participatory action research\u00bb\u00a0<em>Affilia : Journal of women and social work.<\/em><\/p>\n<p><strong>Flynn, C., <\/strong>Maheu. J., Couturier, P., Lafortune, L., Mathieu, K., Lessard, G. Hamelin-Braband, l., Gagnon, C., Cousineau, M.M. (2020) \u00ab\u00a0Partager la production des connaissances en violence conjugale- Analyse critique d\u2019un processus de recherche\u00a0exp\u00e9riment\u00e9 dans le cadre de TRAJETVI\u00a0\u00bb\u00a0<em>Nouvelles pratiques sociales,\u00a031<\/em>\u00a0(1)<em>,\u00a0<\/em>239-258<\/p>\n<p>Disponible au https:\/\/www.erudit.org\/en\/journals\/nps\/2020-v31-n1-nps05335\/1069925ar\/<\/p>\n<p><strong>Flynn, C.,<\/strong>Bigaouette, M., Lavoie, I.A., Cribb, M., Cyr, C. et Gilbert, M. (2019). \u00abL\u2019intervention f\u00e9ministe intersectionnelle en maison d\u2019h\u00e9bergement pour femmes \u2013 Une approche ax\u00e9es sur l\u2019inclusion et le savoir-\u00eatre\u00bb, <em>Cahiers de la LCD. 11 <\/em>(1), 147-163<\/p>\n<p>Disponible au\u00a0https:\/\/www.cairn.info\/revue-cahiers-de-la-lcd-lutte-contre-les-discriminations-2019-3-page-145.htm<\/p>\n<p><span class=\"authors\">Fortier, K., Parent, S.,<strong>\u00a0Flynn, C<\/strong>.<\/span>\u00a0<span class=\"date\">(2020)\u00a0\u00ab\u00a0<\/span>\u00a0<a href=\"https:\/\/doi.org\/10.1080\/16138171.2020.1737422\">\u201cYou have 60\u2009minutes to do what you can\u2019t do in real life. You can be violent\u201d: young athletes\u2019 perceptions of violence in sport<\/a>\u00a0\u00bb<span class=\"art_title\">,<\/span>\u00a0<span class=\"serial_title\"><em>European Journal for Sport and Society<\/em>. 1-15<\/span><\/p>\n<p>Disponible au\u00a0https:\/\/www.tandfonline.com\/doi\/abs\/10.1080\/16138171.2020.1737422<\/p>\n<p><strong>Flynn, C.,<\/strong> Damant, D, Lapierre, S., Lessard, G, Gagnon, C., Couturier, V. Couturier, P. (2018) \u00ab When Structural Violences Create a Context that Facilitates Sexual Assault and Intimate Partner Violence against street-involved young women\u00bb, <em>Women\u2019s studies international forum, 68, <\/em>94-103<\/p>\n<p>Disponible au\u00a0https:\/\/www.sciencedirect.com\/science\/article\/abs\/pii\/S027753951630348X<\/p>\n<p><strong>Flynn, C., <\/strong>Couturier, P., Gagnon, C., Fedida, G., Lafortune, L., Maheu. J., Monastesse, Cousineau, M.M. (2018) \u00ab Violence conjugale et intervention f\u00e9ministe au Qu\u00e9bec &#8211; Les d\u00e9fis d&#8217;une pratique subversive en contexte de politiques n\u00e9olib\u00e9rales\u00a0\u00bb.\u00a0<em> Nouvelles questions f\u00e9ministes, 37 <\/em>(2), 27-63.<\/p>\n<p>Disponible au\u00a0https:\/\/www.cairn.info\/journal-nouvelles-questions-feministes-2018-2-page-47.htm<\/p>\n<p><strong>Flynn, C., <\/strong>Cribb, M., Damant, D (2018) \u00ab Jeunes femmes de la rue et f\u00e9minit\u00e9s marginalis\u00e9es \u2013Que nous r\u00e9v\u00e8lent les r\u00e9cits des principales int\u00e9ress\u00e9es\u00a0? \u00bb <em>Revue Jeunes et soci\u00e9t\u00e9,<\/em> <em>3<\/em>(1), 98-113<em>.<\/em><\/p>\n<p>Disponible au\u00a0https:\/\/rjs.inrs.ca\/index.php\/rjs\/article\/view\/133<\/p>\n<p>Caron, R., Damant, D.\u00a0 et <strong>Flynn, C<\/strong>., (2018) \u00abRefuser d\u2019\u00eatre d\u00e9sign\u00e9es. Des identit\u00e9s<br \/>\nimpos\u00e9es, n\u00e9goci\u00e9es et revendiqu\u00e9es\u00a0\u00bb <em>Refuge\u00a0: revue canadienne sur les r\u00e9fugi\u00e9s, 34<\/em>(2), 124-134.<\/p>\n<p>C\u00f4t\u00e9, P.-B., <strong>Flynn, C<\/strong>., Blais, M., Manseau, H., Fournier, \u00c9. (2018) \u00ab\u00a0La situation de rue comme vecteur de reproduction des rapports de genre in\u00e9galitaires: une analyse diff\u00e9renci\u00e9e selon les sexes des relations intimes chez les jeunes.\u00a0\u00bb <em>Service social, 63, <\/em>85-98<\/p>\n<p><strong>Flynn, C.,<\/strong> Lapierre, S., Couturier, P., et Brousseau, M.O. (2017) \u00abAgir avec les jeunes femmes de la rue pour une praxis de l\u2019intersectionnalit\u00e9\u2013 R\u00e9flexion autour du projet PARVIS\u00bb <em>Reflets, Revue d\u2019intervention sociale et communautaire, 24(1), 109-140<\/em><\/p>\n<p>Disponible au\u00a0https:\/\/www.erudit.org\/en\/journals\/ref\/1900-v1-n1-ref03430\/1043304ar\/abstract\/<\/p>\n<p>Caron, R., Damant, D. et\u00a0 <strong>Flynn, C<\/strong>., (2017) \u00ab\u00a0Des r\u00e9cits de r\u00e9fugi\u00e9es palestiniennes \u00e0 travers la grille de l\u2019intersetionnalit\u00e9\u00bb<em> Recherches f\u00e9ministes, 30 (1), <\/em>183-199<\/p>\n<p>Caron, R., Damant, D. <strong>Flynn, C<\/strong>., (2017) \u00ab\u00a0Ajnabiyy\u00e9 bi Bourj el Barajneh ou une \u00e9trang\u00e8re parmi des exil\u00e9es palestiniennes\u00bb<em> Recherche qualitative , 36 (1), <\/em>1-23<\/p>\n<p>Diotte, S et <strong>Flynn, C<\/strong> (2016) \u00ab\u00a0La pr\u00e9carit\u00e9 des femmes francophones en contexte minoritaire ontarien &#8211; La pertinence d\u2019une analyse \u00e0 travers le prisme de la violence structurelle\u00a0\u00bb <em>Reflets, Revue d\u2019intervention sociale et communautaire<\/em>, 22(2),123-146<\/p>\n<p><strong>Flynn, C<\/strong>., Damant, D. Lessard, G., Bernard, J. (2016) \u00abEntre th\u00e9orie de la paix et continuum de la violence: r\u00e9flexion autour du concept de la violence structurelle\u00bb, <em>Canadian Social Work Review\/Revue canadienne de service social,<\/em> <em>33<\/em>(1), 45-64.<\/p>\n<p>Disponible au https:\/\/www.erudit.org\/en\/journals\/cswr\/1900-v1-n1-cswr02598\/1037089ar\/abstract\/<\/p>\n<p><strong>Flynn, C<\/strong>., Damant, D. Lessard, G (2015) \u00abProjet Dauphine: Laisser la parole aux jeunes femmes de la rue et agir ensemble pour lutter contre la violence structurelle par le biais de la recherche-action participative\u00bb, <em>Recherches f\u00e9ministes, 28 <\/em>(2), 53-80.<\/p>\n<p>Disponible au\u00a0https:\/\/www.erudit.org\/en\/journals\/rf\/1900-v1-n1-rf02280\/1034175ar\/abstract\/<\/p>\n<p>Damant, D., Bernard, J., Chbat, M., <strong>Flynn., C<\/strong> (2015) \u00abAnalyse intersectionnelle de l\u2019oppression linguistique de m\u00e8res racis\u00e9es victimes de violence conjugale en contexte montr\u00e9alais\u00bb, <em>Reflets,<\/em> <em>Revue d\u2019intervention sociale et <\/em><em>communautaire,<\/em><em> 21<\/em>(1), 137-160.<\/p>\n<p>Lessard G., Montminy, L., Lessieux, E., <strong>Flynn, C<\/strong>., Fortin, A., Gauthier, S., et Roy, V., (2015) \u00abLes violences conjugales, familiales et structurelles: vers une perspective int\u00e9grative des savoirs\u00bb, <em>Enfance, famille, g\u00e9n\u00e9rations<\/em>. <em>22, <\/em>1-26.<\/p>\n<p><strong>Flynn, C<\/strong>. et Damant, D. Bernard, J (2014) <a name=\"_Toc353183435\"><\/a>\u00abAnalyser la violence structurelle faite aux femmes \u00e0 partir d\u2019une perspective f\u00e9ministe intersectionnelle\u00bb, <em>Nouvelles pratiques sociales, 26,<\/em> (2). 28-43.<\/p>\n<p>Disponible au\u00a0https:\/\/www.erudit.org\/en\/journals\/nps\/1900-v1-n1-nps01770\/1029260ar\/abstract\/<\/p>\n<p>Chbat, M., Damant, F., <strong>Flynn, C<\/strong> (2014) \u00abAnalyse intersectionnelle de l&#8217;oppression des m\u00e8res racis\u00e9es en contexte de violence conjugale: mise en application de la matrice de pouvoir\u00bb,<em> Nouvelles pratiques sociales<\/em>.<em> 26<\/em>(2), 97-110.<\/p>\n<p><strong>Flynn, C<\/strong>., Lessard, G., Montminy, L., Brassard, R. (2014) \u00abSortir la violence de sa vie sans sortir de l\u2019autochtonie: L\u2019importance de mieux comprendre les besoins des femmes autochtones en milieux urbains\u00bb, <em>Alterstice \u2013 Revue internationale de la recherche interculturelle. 3, <\/em>(2). 51-66.<\/p>\n<p>Disponible au\u00a0https:\/\/www.journal.psy.ulaval.ca\/ojs\/index.php\/ARIRI\/article\/view\/Flynn_Alterstice3(2)<\/p>\n<p>Lessard, G., <strong>Flynn, C<\/strong>., Turcotte, P., Juneau, L., Delisle, R., Meunier, V., Godin, M.-F. (2012) \u00abViolence conjugale, maltraitance et garde des enfants: une d\u00e9marche de recherche-action favorisant la r\u00e9solution des controverses entre les acteurs et l&#8217;\u00e9mergence d&#8217;une pratique novatrice concert\u00e9e\u00bb, <em>Recherche qualitative, 31, <\/em>25-51<em>.<\/em><\/p>\n<p>Lessard, G., <strong>Flynn, C<\/strong>., Turcotte, P., Damant, D., V\u00e9zina, J.-F., Godin, M.-F., Paradis, F., Delisle, R., Alcedo, Y., Juneau, L., Rock, L. et Rondeau-Cantin, S. (2010). \u00abChild custody issues and co-occurrence of intimate partner violence and child maltreatment: controversies and points of agreement amongst practitioners\u00bb, <em>Child and Family Social Work, 15<\/em>, 492-500.<\/p>\n<p>Lessard, G., Deslisle, R. et <strong>Flynn, C<\/strong>. (2007) \u00abL\u2019importance des pratiques de collaboration pour traiter des enjeux li\u00e9s \u00e0 la garde des enfants \u00e0 la maltrait\u00e9s et expos\u00e9s \u00e0 la violence conjugale\u00bb, <em>Intervention, 127,<\/em> 29-38.<\/p>\n<h2><em>\u00a0<\/em><\/h2>\n","protected":false},"excerpt":{"rendered":"<p>ARTICLES \u00c9VALU\u00c9S PAR UN COMIT\u00c9 DE PAIRS Johnson, H. et Flynn, C. (accept\u00e9) \u00ab\u00a0Collaboration for improving social work practice : The promise of feminist participatory action research\u00bb\u00a0Affilia : Journal of women and social work. Flynn, C., Maheu. J., Couturier, P., Lafortune, L., Mathieu, K., Lessard, G. Hamelin-Braband, l., Gagnon, C., Cousineau, M.M. (2020) \u00ab\u00a0Partager la &hellip; <a href=\"https:\/\/portfolio.uqac.ca\/catherineflynn\/articles\/\" class=\"more-link\">Continuer la lecture de <span class=\"screen-reader-text\">Articles<\/span>  <span class=\"meta-nav\">&rarr;<\/span><\/a><\/p>\n","protected":false},"author":89,"featured_media":0,"parent":0,"menu_order":0,"comment_status":"closed","ping_status":"closed","template":"","meta":{"footnotes":""},"tags":[],"_links":{"self":[{"href":"https:\/\/portfolio.uqac.ca\/catherineflynn\/wp-json\/wp\/v2\/pages\/162"}],"collection":[{"href":"https:\/\/portfolio.uqac.ca\/catherineflynn\/wp-json\/wp\/v2\/pages"}],"about":[{"href":"https:\/\/portfolio.uqac.ca\/catherineflynn\/wp-json\/wp\/v2\/types\/page"}],"author":[{"embeddable":true,"href":"https:\/\/portfolio.uqac.ca\/catherineflynn\/wp-json\/wp\/v2\/users\/89"}],"replies":[{"embeddable":true,"href":"https:\/\/portfolio.uqac.ca\/catherineflynn\/wp-json\/wp\/v2\/comments?post=162"}],"version-history":[{"count":17,"href":"https:\/\/portfolio.uqac.ca\/catherineflynn\/wp-json\/wp\/v2\/pages\/162\/revisions"}],"predecessor-version":[{"id":289,"href":"https:\/\/portfolio.uqac.ca\/catherineflynn\/wp-json\/wp\/v2\/pages\/162\/revisions\/289"}],"wp:attachment":[{"href":"https:\/\/portfolio.uqac.ca\/catherineflynn\/wp-json\/wp\/v2\/media?parent=162"}],"wp:term":[{"taxonomy":"post_tag","embeddable":true,"href":"https:\/\/portfolio.uqac.ca\/catherineflynn\/wp-json\/wp\/v2\/tags?post=162"}],"curies":[{"name":"wp","href":"https:\/\/api.w.org\/{rel}","templated":true}]}}