{"id":167,"date":"2019-03-27T15:45:50","date_gmt":"2019-03-27T19:45:50","guid":{"rendered":"http:\/\/portfolio-pre.uqac.ca\/gabarit\/?page_id=167"},"modified":"2020-07-14T18:50:30","modified_gmt":"2020-07-14T22:50:30","slug":"autres-publications","status":"publish","type":"page","link":"https:\/\/portfolio.uqac.ca\/catherineflynn\/autres-publications\/","title":{"rendered":"Autres publications"},"content":{"rendered":"<h2><\/h2>\n<h2>Autres publications scientifiques \u00e9crites<\/h2>\n<p>Bigaouette, M., <strong>Flynn, C.,<\/strong> Lavoie, I.A.\u00a0 (2018) \u00ab\u00a0L\u2019intervention f\u00e9ministe intersectionnelle\u00a0: r\u00e9flexions et analyses pour des pratiques \u00e9galitaires et inclusives. <em>Guide \u00e0 l\u2019intention des partenaires. <\/em>F\u00e9d\u00e9ration des maisons d\u2019h\u00e9bergement pour femmes.<\/p>\n<p><strong>Flynn, C<\/strong>., Lessard, G., Montminy, L., Rinfret-Raynor et Gervais, L. (2015) \u00ab\u00c9tudier la violence conjugale en contexte interdisciplinaire et en partenariat: enjeux et perspectives\u00bb, <em>Collection r\u00e9flexion<\/em>. CRI-VIFF.<\/p>\n<p><strong>Flynn, C., <\/strong>(2015) \u00abProjet Dauphine: Laisser la parole aux jeunes femmes de la rue agir ensemble pour lutter contre la violence structurelle par le biais de la recherche-action participative\u00bb, Th\u00e8se dirig\u00e9e par Dominique Damant et d\u00e9pos\u00e9e \u00e0 la Facult\u00e9 des \u00e9tudes sup\u00e9rieures et postdoctorales, \u00c9cole de service social, Universit\u00e9 de Montr\u00e9al.<\/p>\n<p><strong>Flynn, C<\/strong>. (2012) Compte rendu \u00abL\u2019intervention f\u00e9ministe d\u2019hier \u00e0 aujourd\u2019hui: portrait d\u2019une pratique sociale diversifi\u00e9e (dir.) Corbeil, C. et I. Marchand (2011)\u00bb<em>, Nouvelles pratiques sociales, 24<\/em> (1).<\/p>\n<p><strong>Flynn, C<\/strong>. (2010) \u00abFemmes autochtones en milieu urbain et violence conjugale: De l\u2019expression \u00e0 l\u2019analyse des besoins en mati\u00e8re d\u2019aide \u00e0 partir du point de vue d\u2019hommes et de femmes autochtones concern\u00e9s par cette probl\u00e9matique\u00bb,\u00a0M\u00e9moire de ma\u00eetrise dirig\u00e9 par Genevi\u00e8ve Lessard (Ph.D) et codirig\u00e9 par Ren\u00e9e Brassard (Ph.D.). \u00c9cole de Service social. Facult\u00e9 des \u00e9tudes sup\u00e9rieures, Universit\u00e9 Laval.<\/p>\n<p><strong>Flynn, C<\/strong>., Gu\u00e9nette-Robert, M., Crevier, M., Castro Zavala, S., Gauthier, M. P. et Lamboley, M. (2010). <em>4<sup>e<\/sup> Colloque \u00e9tudiant du Centre de recherche interdisciplinaire sur la violence familiale et la violence faite aux femmes (CRI-VIFF)<\/em>. Actes du colloque tenu \u00e0 Qu\u00e9bec le 10 juin 2010. CRI-VIFF.<\/p>\n<p><strong>Flynn, C<\/strong>. et Adam, C. (2009) \u00abLa polyvictimisation des jeunes Qu\u00e9b\u00e9cois: implications et enjeux sur le plan clinique\u00bb, <em>Fiche synth\u00e8se du CRI-VIFF.<\/em><\/p>\n<p><strong>Flynn, C<\/strong>. (2008) \u00abLes enfants vivant dans un contexte de violence conjugale: \u00e9laboration de strat\u00e9gies d&#8217;action gagnantes pour faciliter la collaboration entre les diff\u00e9rentes ressources d&#8217;aide psychosociales\u00bb, <em>Fiche Synth\u00e8se du CRI-VIF.<\/em><\/p>\n","protected":false},"excerpt":{"rendered":"<p>Autres publications scientifiques \u00e9crites Bigaouette, M., Flynn, C., Lavoie, I.A.\u00a0 (2018) \u00ab\u00a0L\u2019intervention f\u00e9ministe intersectionnelle\u00a0: r\u00e9flexions et analyses pour des pratiques \u00e9galitaires et inclusives. Guide \u00e0 l\u2019intention des partenaires. F\u00e9d\u00e9ration des maisons d\u2019h\u00e9bergement pour femmes. Flynn, C., Lessard, G., Montminy, L., Rinfret-Raynor et Gervais, L. (2015) \u00ab\u00c9tudier la violence conjugale en contexte interdisciplinaire et en partenariat: &hellip; <a href=\"https:\/\/portfolio.uqac.ca\/catherineflynn\/autres-publications\/\" class=\"more-link\">Continuer la lecture de <span class=\"screen-reader-text\">Autres publications<\/span>  <span class=\"meta-nav\">&rarr;<\/span><\/a><\/p>\n","protected":false},"author":89,"featured_media":0,"parent":0,"menu_order":0,"comment_status":"closed","ping_status":"closed","template":"","meta":{"footnotes":""},"tags":[],"_links":{"self":[{"href":"https:\/\/portfolio.uqac.ca\/catherineflynn\/wp-json\/wp\/v2\/pages\/167"}],"collection":[{"href":"https:\/\/portfolio.uqac.ca\/catherineflynn\/wp-json\/wp\/v2\/pages"}],"about":[{"href":"https:\/\/portfolio.uqac.ca\/catherineflynn\/wp-json\/wp\/v2\/types\/page"}],"author":[{"embeddable":true,"href":"https:\/\/portfolio.uqac.ca\/catherineflynn\/wp-json\/wp\/v2\/users\/89"}],"replies":[{"embeddable":true,"href":"https:\/\/portfolio.uqac.ca\/catherineflynn\/wp-json\/wp\/v2\/comments?post=167"}],"version-history":[{"count":6,"href":"https:\/\/portfolio.uqac.ca\/catherineflynn\/wp-json\/wp\/v2\/pages\/167\/revisions"}],"predecessor-version":[{"id":278,"href":"https:\/\/portfolio.uqac.ca\/catherineflynn\/wp-json\/wp\/v2\/pages\/167\/revisions\/278"}],"wp:attachment":[{"href":"https:\/\/portfolio.uqac.ca\/catherineflynn\/wp-json\/wp\/v2\/media?parent=167"}],"wp:term":[{"taxonomy":"post_tag","embeddable":true,"href":"https:\/\/portfolio.uqac.ca\/catherineflynn\/wp-json\/wp\/v2\/tags?post=167"}],"curies":[{"name":"wp","href":"https:\/\/api.w.org\/{rel}","templated":true}]}}