{"id":185,"date":"2019-09-04T15:26:46","date_gmt":"2019-09-04T19:26:46","guid":{"rendered":"http:\/\/portfolio-pre.uqac.ca\/catherineflynn\/?page_id=185"},"modified":"2020-07-17T09:29:17","modified_gmt":"2020-07-17T13:29:17","slug":"encadrement-supervision","status":"publish","type":"page","link":"https:\/\/portfolio.uqac.ca\/catherineflynn\/encadrement-supervision\/","title":{"rendered":"Encadrement \/ Supervision"},"content":{"rendered":"<h2>\u00a0Chercheur.es-\u00e9tudiant.es encadr\u00e9.es<\/h2>\n<p>\u00c9milie Fortin &#8211; Ma\u00eetrise en travail social , UQAC &#8211;\u00a0<em>Codirection avec Marc Jean<\/em><\/p>\n<p>Lucie Tremblay &#8211;\u00a0Ma\u00eetrise en travail social , UQAC &#8211;\u00a0<em>Codirection avec\u00a0Eve Pouliot<\/em><\/p>\n<p>Maude Dessureault\u00a0&#8211;\u00a0Ma\u00eetrise en travail social , UQAC &#8211;\u00a0<em>Codirection avec\u00a0Eve Pouliot<\/em><\/p>\n<p>Andr\u00e9anne Tremblay &#8211;\u00a0Ma\u00eetrise en travail social , UQAC &#8211;\u00a0<em>Codirection avec Eve Pouliot<\/em><\/p>\n<p>Julien-Alexandre Savard &#8211;\u00a0Ma\u00eetrise en travail social , UQAC &#8211;\u00a0<em>Codirection avec\u00a0Mathieu Cook\u00a0<\/em><\/p>\n<p>Patricia Laurence &#8211; Ma\u00eetrise en travail social , UQAC &#8211;\u00a0<em>Codirection avec\u00a0Sandra Juneau<\/em><\/p>\n<p>Anick Desrosiers, \u00c9tudiante au Doctorat en travail social, Universit\u00e9 McGill &#8211; <em>Membre du jury d&#8217;examen synth\u00e8se\u00a0<\/em><\/p>\n<p>Kim Dub\u00e9,\u00a0\u00c9tudiante au Doctorat en service\u00a0social, Universit\u00e9 d&#8217;Ottawa\u00a0&#8211; <em>Membre du jury\u00a0<\/em><\/p>\n<p>V\u00e9ronique Gauthier, \u00c9tudiante au Doctorat en travail social, Universit\u00e9 Laval &#8211; <em>Membre du comit\u00e9 d&#8217;encadrement<\/em><\/p>\n<h2>Chercheur.es-\u00e9tudiant.es\u00a0assistant.es de recherche<\/h2>\n<p>Julie Godin, \u00c9tudiante au Baccalaur\u00e9at en travail social, UQAC<\/p>\n<p>Marilyn Gilbert, \u00c9tudiante au Baccalaur\u00e9at en travail social, UQAC<\/p>\n<p>Anne-Sophie Bouchard,\u00a0\u00c9tudiante au Baccalaur\u00e9at en travail social, UQAC<\/p>\n<p>Constance Chevrette, \u00c9tudiante au Baccalaur\u00e9at en travail social, UQAC<\/p>\n<p>\u00c9lie Fortin-Otis, \u00c9tudiant au Baccalaur\u00e9at en travail social, UQAC<\/p>\n<p>Christophe L\u00e9vesque, \u00c9tudiant \u00e0 la Prop\u00e9deutique \u00e0 la Ma\u00eetrise en travail social, UQAC<\/p>\n<p>Gabrielle Petrucci, \u00c9tudiante \u00e0 la Ma\u00eetrise en sexologie, UQAM<\/p>\n<p>M\u00e9lissa Cribb, \u00c9tudiante \u00e0 la Ma\u00eetrise en travail social, Universit\u00e9 Laval<\/p>\n<p>P\u00e9n\u00e9lope Couturier, \u00c9tudiante \u00e0 la Ma\u00eetrise en service social, Universit\u00e9 d&#8217;Ottawa<\/p>\n<h2>Chercheur.es-\u00e9tudiant.es gradu\u00e9.es<\/h2>\n<p>Mich\u00e8le Frenette &#8211; Ma\u00eetrise en service social, Universit\u00e9 d&#8217;Ottawa, 2017<\/p>\n<p>M\u00e9lissa D\u00e9cady &#8211; Ma\u00eetrise en service social, Universit\u00e9 d&#8217;Ottawa, 2016<\/p>\n<p>Sabrina Diotte\u00a0&#8211; Ma\u00eetrise en service social, Universit\u00e9 d&#8217;Ottawa, 2016<\/p>\n<p>Charlotte Gagnon\u00a0&#8211; Ma\u00eetrise en service social, Universit\u00e9 d&#8217;Ottawa, 2016<\/p>\n","protected":false},"excerpt":{"rendered":"<p>\u00a0Chercheur.es-\u00e9tudiant.es encadr\u00e9.es \u00c9milie Fortin &#8211; Ma\u00eetrise en travail social , UQAC &#8211;\u00a0Codirection avec Marc Jean Lucie Tremblay &#8211;\u00a0Ma\u00eetrise en travail social , UQAC &#8211;\u00a0Codirection avec\u00a0Eve Pouliot Maude Dessureault\u00a0&#8211;\u00a0Ma\u00eetrise en travail social , UQAC &#8211;\u00a0Codirection avec\u00a0Eve Pouliot Andr\u00e9anne Tremblay &#8211;\u00a0Ma\u00eetrise en travail social , UQAC &#8211;\u00a0Codirection avec Eve Pouliot Julien-Alexandre Savard &#8211;\u00a0Ma\u00eetrise en travail social , &hellip; <a href=\"https:\/\/portfolio.uqac.ca\/catherineflynn\/encadrement-supervision\/\" class=\"more-link\">Continuer la lecture de <span class=\"screen-reader-text\">Encadrement \/ Supervision<\/span>  <span class=\"meta-nav\">&rarr;<\/span><\/a><\/p>\n","protected":false},"author":282,"featured_media":0,"parent":0,"menu_order":0,"comment_status":"closed","ping_status":"closed","template":"","meta":{"footnotes":""},"tags":[],"_links":{"self":[{"href":"https:\/\/portfolio.uqac.ca\/catherineflynn\/wp-json\/wp\/v2\/pages\/185"}],"collection":[{"href":"https:\/\/portfolio.uqac.ca\/catherineflynn\/wp-json\/wp\/v2\/pages"}],"about":[{"href":"https:\/\/portfolio.uqac.ca\/catherineflynn\/wp-json\/wp\/v2\/types\/page"}],"author":[{"embeddable":true,"href":"https:\/\/portfolio.uqac.ca\/catherineflynn\/wp-json\/wp\/v2\/users\/282"}],"replies":[{"embeddable":true,"href":"https:\/\/portfolio.uqac.ca\/catherineflynn\/wp-json\/wp\/v2\/comments?post=185"}],"version-history":[{"count":8,"href":"https:\/\/portfolio.uqac.ca\/catherineflynn\/wp-json\/wp\/v2\/pages\/185\/revisions"}],"predecessor-version":[{"id":290,"href":"https:\/\/portfolio.uqac.ca\/catherineflynn\/wp-json\/wp\/v2\/pages\/185\/revisions\/290"}],"wp:attachment":[{"href":"https:\/\/portfolio.uqac.ca\/catherineflynn\/wp-json\/wp\/v2\/media?parent=185"}],"wp:term":[{"taxonomy":"post_tag","embeddable":true,"href":"https:\/\/portfolio.uqac.ca\/catherineflynn\/wp-json\/wp\/v2\/tags?post=185"}],"curies":[{"name":"wp","href":"https:\/\/api.w.org\/{rel}","templated":true}]}}