{"id":27,"date":"2019-03-27T15:45:50","date_gmt":"2019-03-27T19:45:50","guid":{"rendered":"http:\/\/portfolio-pre.uqac.ca\/gabarit\/?page_id=27"},"modified":"2020-02-28T14:04:14","modified_gmt":"2020-02-28T19:04:14","slug":"curriculum-vitae","status":"publish","type":"page","link":"https:\/\/portfolio.uqac.ca\/catherineflynn\/curriculum-vitae\/","title":{"rendered":"Curriculum vitae"},"content":{"rendered":"<h2><strong>Formation acad\u00e9mique<\/strong><\/h2>\n<table width=\"494\">\n<tbody>\n<tr>\n<td width=\"80\">2016<\/td>\n<td width=\"414\">\u00c9cole de service social, Universit\u00e9 d\u2019Ottawa \u2013 Stage postdoctoral<\/td>\n<\/tr>\n<tr>\n<td width=\"80\"><\/td>\n<td width=\"414\">PARVIS\u00a0: Projet d\u2019actions et de recherche contre les violences structurelles.<\/td>\n<\/tr>\n<tr>\n<td width=\"80\"><\/td>\n<td width=\"414\">Directeur\u00a0: Simon Lapierre, Ph. D.<\/td>\n<\/tr>\n<tr>\n<td width=\"80\">2015<\/td>\n<td width=\"414\">\u00c9cole de service social, Universit\u00e9 de Montr\u00e9al \u2013 Doctorat (Ph.D)<\/td>\n<\/tr>\n<tr>\n<td width=\"80\"><\/td>\n<td width=\"414\">Projet Dauphine : Laisser la parole aux jeunes femmes de la rue et agir ensemble contre la violence structurelle par le biais de la recherche-action participative.<\/td>\n<\/tr>\n<tr>\n<td width=\"80\"><\/td>\n<td width=\"414\">Directrice : Dominique Damant, Ph. D.<\/td>\n<\/tr>\n<tr>\n<td width=\"80\">2010<\/td>\n<td width=\"414\">\u00c9cole de service social, Universit\u00e9 Laval \u2013 Ma\u00eetrise (M. serv. soc.)<\/td>\n<\/tr>\n<tr>\n<td width=\"80\"><\/td>\n<td width=\"414\">Femmes autochtones en milieu urbain et violence conjugale\u00a0: de l\u2019expression \u00e0 l\u2019analyse des besoins en mati\u00e8re d\u2019aide \u00e0 partir du point de vue d\u2019hommes et de femmes autochtones concern\u00e9s par cette probl\u00e9matique.<\/td>\n<\/tr>\n<tr>\n<td width=\"80\">2006<\/td>\n<td width=\"414\">\u00c9cole de psychologie, Universit\u00e9 Laval \u2013 Baccalaur\u00e9at (B.A.)<\/td>\n<\/tr>\n<tr>\n<td width=\"80\"><\/td>\n<td width=\"414\">Concentration recherche<\/td>\n<\/tr>\n<\/tbody>\n<\/table>\n<h2><strong>Postes acad\u00e9miques<\/strong><\/h2>\n<table width=\"464\">\n<tbody>\n<tr>\n<td width=\"80\">2019-<\/td>\n<td width=\"384\">Professeure \u2013 Universit\u00e9 du Qu\u00e9bec \u00e0 Chicoutimi<\/td>\n<\/tr>\n<tr>\n<td width=\"80\"><\/td>\n<td width=\"384\">D\u00e9partement des sciences humaines et sociales<\/td>\n<\/tr>\n<tr>\n<td width=\"80\">2018-2019<\/td>\n<td width=\"384\">Professeure substitut \u2013 Universit\u00e9 du Qu\u00e9bec \u00e0 Chicoutimi<\/td>\n<\/tr>\n<tr>\n<td width=\"80\"><\/td>\n<td width=\"384\">D\u00e9partements des sciences humaines et sociales<\/td>\n<\/tr>\n<tr>\n<td width=\"80\">2017-2021<\/td>\n<td width=\"384\">Professeure associ\u00e9e \u2013 Universit\u00e9 du Qu\u00e9bec \u00e0 Rimouski<\/td>\n<\/tr>\n<tr>\n<td width=\"80\"><\/td>\n<td width=\"384\">D\u00e9partements de psychologie et de travail social<\/td>\n<\/tr>\n<tr>\n<td width=\"80\"><\/td>\n<td width=\"384\">Professeure substitut \u2013 Universit\u00e9 du Qu\u00e9bec \u00e0 Rimouski<\/td>\n<\/tr>\n<tr>\n<td width=\"80\">2016-2017<\/td>\n<td width=\"384\">D\u00e9partements de psychologie et de travail social<\/td>\n<\/tr>\n<tr>\n<td width=\"80\"><\/td>\n<td width=\"384\">Professeure rempla\u00e7ante \u2013 Universit\u00e9 d\u2019Ottawa<\/td>\n<\/tr>\n<tr>\n<td width=\"80\">2015-2016<\/td>\n<td width=\"384\">\u00c9cole de service social<\/td>\n<\/tr>\n<\/tbody>\n<\/table>\n<h2><strong>Emplois &#8211; Professionnelle de recherche<\/strong><\/h2>\n<table width=\"582\">\n<tbody>\n<tr>\n<td width=\"80\">2015 -2016<\/td>\n<td width=\"502\">Trajetvi \u2013 Trajectoires de vie, de violence et de recours aux services des femmes victimes de violence conjugale en contextes de vuln\u00e9rabilit\u00e9\u00a0: D\u00e9crire et comprendre pour mieux pr\u00e9venir et agir<\/td>\n<\/tr>\n<tr>\n<td width=\"80\"><\/td>\n<td width=\"502\">Universit\u00e9 de Montr\u00e9al<\/td>\n<\/tr>\n<tr>\n<td width=\"80\"><\/td>\n<td width=\"502\">Chercheure principale : Marie-Marthe Cousineau<\/td>\n<\/tr>\n<tr>\n<td width=\"80\"><\/td>\n<td width=\"502\">\u00c9valuation participative du programme mieux intervenir aupr\u00e8s des femmes qui exercent de la violence<\/td>\n<\/tr>\n<tr>\n<td width=\"80\">2015 -2016<\/td>\n<td width=\"502\">Universit\u00e9 Laval<\/td>\n<\/tr>\n<tr>\n<td width=\"80\"><\/td>\n<td width=\"502\">Chercheure principale : Holly Johnson<\/td>\n<\/tr>\n<tr>\n<td width=\"80\"><\/td>\n<td width=\"502\">2015 \u00e0 2017<\/td>\n<\/tr>\n<tr>\n<td width=\"80\"><\/td>\n<td width=\"502\">\u00c9valuation et validation d\u2019un questionnaire portant sur la violence chez les jeunes en contexte sportif<\/td>\n<\/tr>\n<tr>\n<td width=\"80\">2015 -2016<\/td>\n<td width=\"502\">Universit\u00e9 Laval<\/td>\n<\/tr>\n<tr>\n<td width=\"80\"><\/td>\n<td width=\"502\">Chercheure principale : Sylvie Parent<\/td>\n<\/tr>\n<tr>\n<td width=\"80\"><\/td>\n<td width=\"502\">2015 \u00e0 2016<\/td>\n<\/tr>\n<\/tbody>\n<\/table>\n<h2><strong><br \/>\nDistinctions et bourses<br \/>\n<\/strong><\/h2>\n<table width=\"506\">\n<tbody>\n<tr>\n<td width=\"101\">2016<\/td>\n<td width=\"405\">Bourse pour participation \u00e0 un colloque international<\/td>\n<\/tr>\n<tr>\n<td width=\"101\"><\/td>\n<td width=\"405\">TRAJETVI \u2013 Universit\u00e9 de Montr\u00e9al<\/td>\n<\/tr>\n<tr>\n<td width=\"101\"><\/td>\n<td width=\"405\">2 000 $<\/td>\n<\/tr>\n<tr>\n<td width=\"101\">2015 &#8211; 2016<\/td>\n<td width=\"405\">Bourse postdoctorale<\/td>\n<\/tr>\n<tr>\n<td><\/td>\n<td width=\"405\">Voices Against Violence (IRSC)<\/td>\n<\/tr>\n<tr>\n<td width=\"101\"><\/td>\n<td width=\"405\">36\u00a0600$<\/td>\n<\/tr>\n<tr>\n<td width=\"101\">2015<\/td>\n<td width=\"405\">Bourse pour participation \u00e0 un colloque international<\/td>\n<\/tr>\n<tr>\n<td><\/td>\n<td width=\"405\">\u00c9cole de service social \u2013 Universit\u00e9 de Montr\u00e9al<\/td>\n<\/tr>\n<tr>\n<td width=\"101\"><\/td>\n<td width=\"405\">1 500 $<\/td>\n<\/tr>\n<tr>\n<td width=\"101\">2014<\/td>\n<td width=\"405\">Bourse de fins d\u2019\u00e9tudes<\/td>\n<\/tr>\n<tr>\n<td><\/td>\n<td width=\"405\">Facult\u00e9 des \u00e9tudes sup\u00e9rieures et postdoctorales \u2013 Universit\u00e9 de Montr\u00e9al<\/td>\n<\/tr>\n<tr>\n<td width=\"101\"><\/td>\n<td width=\"405\">9\u00a0000$<\/td>\n<\/tr>\n<tr>\n<td width=\"101\">2014<\/td>\n<td width=\"405\">Bourse d\u2019excellence au doctorat<\/td>\n<\/tr>\n<tr>\n<td><\/td>\n<td width=\"405\">Centre de recherche interdisciplinaire sur la violence familiale et la violence faite aux femmes<\/td>\n<\/tr>\n<tr>\n<td width=\"101\"><\/td>\n<td width=\"405\">5 000 $<\/td>\n<\/tr>\n<tr>\n<td width=\"101\">2013<\/td>\n<td width=\"405\">Finaliste \u2013 Prix Impact \u2013 Programme talent du CRSH<\/td>\n<\/tr>\n<tr>\n<td width=\"101\"><\/td>\n<td width=\"405\">Conseil de recherche en sciences humaines du Canada<\/td>\n<\/tr>\n<tr>\n<td width=\"101\"><\/td>\n<td width=\"405\">Facult\u00e9 des \u00e9tudes sup\u00e9rieures et postdoctorales \u2013 Universit\u00e9 de Montr\u00e9al<\/td>\n<\/tr>\n<tr>\n<td><\/td>\n<td width=\"405\"><\/td>\n<\/tr>\n<tr>\n<td width=\"101\">2012<\/td>\n<td width=\"405\">Bourse pour stage \u00e0 l\u2019international<\/td>\n<\/tr>\n<tr>\n<td width=\"101\"><\/td>\n<td width=\"405\">Fonds qu\u00e9b\u00e9cois de recherche sur la soci\u00e9t\u00e9 et la culture<\/td>\n<\/tr>\n<tr>\n<td><\/td>\n<td width=\"405\">10\u00a0000$<\/td>\n<\/tr>\n<tr>\n<td width=\"101\">2010-2013<\/td>\n<td width=\"405\">Bourse d\u2019\u00e9tudes sup\u00e9rieures du Canada Vanier<\/td>\n<\/tr>\n<tr>\n<td width=\"101\"><\/td>\n<td width=\"405\">Conseil de recherche en sciences humaines du Canada<\/td>\n<\/tr>\n<tr>\n<td width=\"101\"><\/td>\n<td width=\"405\">150\u00a0000$<\/td>\n<\/tr>\n<tr>\n<td width=\"101\"><\/td>\n<td width=\"405\"><\/td>\n<\/tr>\n<tr>\n<td width=\"101\">2008-2009<\/td>\n<td width=\"405\">Bourse d\u2019excellence \u00e0 la ma\u00eetrise<\/td>\n<\/tr>\n<tr>\n<td width=\"101\"><\/td>\n<td width=\"405\">Centre de recherche interdisciplinaire sur la violence familiale et la violence faite aux femmes<\/td>\n<\/tr>\n<tr>\n<td width=\"101\"><\/td>\n<td width=\"405\">2 000 $<\/td>\n<\/tr>\n<\/tbody>\n<\/table>\n","protected":false},"excerpt":{"rendered":"<p>Formation acad\u00e9mique 2016 \u00c9cole de service social, Universit\u00e9 d\u2019Ottawa \u2013 Stage postdoctoral PARVIS\u00a0: Projet d\u2019actions et de recherche contre les violences structurelles. Directeur\u00a0: Simon Lapierre, Ph. D. 2015 \u00c9cole de service social, Universit\u00e9 de Montr\u00e9al \u2013 Doctorat (Ph.D) Projet Dauphine : Laisser la parole aux jeunes femmes de la rue et agir ensemble contre la &hellip; <a href=\"https:\/\/portfolio.uqac.ca\/catherineflynn\/curriculum-vitae\/\" class=\"more-link\">Continuer la lecture de <span class=\"screen-reader-text\">Curriculum vitae<\/span>  <span class=\"meta-nav\">&rarr;<\/span><\/a><\/p>\n","protected":false},"author":89,"featured_media":0,"parent":0,"menu_order":0,"comment_status":"closed","ping_status":"closed","template":"","meta":{"footnotes":""},"tags":[],"_links":{"self":[{"href":"https:\/\/portfolio.uqac.ca\/catherineflynn\/wp-json\/wp\/v2\/pages\/27"}],"collection":[{"href":"https:\/\/portfolio.uqac.ca\/catherineflynn\/wp-json\/wp\/v2\/pages"}],"about":[{"href":"https:\/\/portfolio.uqac.ca\/catherineflynn\/wp-json\/wp\/v2\/types\/page"}],"author":[{"embeddable":true,"href":"https:\/\/portfolio.uqac.ca\/catherineflynn\/wp-json\/wp\/v2\/users\/89"}],"replies":[{"embeddable":true,"href":"https:\/\/portfolio.uqac.ca\/catherineflynn\/wp-json\/wp\/v2\/comments?post=27"}],"version-history":[{"count":13,"href":"https:\/\/portfolio.uqac.ca\/catherineflynn\/wp-json\/wp\/v2\/pages\/27\/revisions"}],"predecessor-version":[{"id":231,"href":"https:\/\/portfolio.uqac.ca\/catherineflynn\/wp-json\/wp\/v2\/pages\/27\/revisions\/231"}],"wp:attachment":[{"href":"https:\/\/portfolio.uqac.ca\/catherineflynn\/wp-json\/wp\/v2\/media?parent=27"}],"wp:term":[{"taxonomy":"post_tag","embeddable":true,"href":"https:\/\/portfolio.uqac.ca\/catherineflynn\/wp-json\/wp\/v2\/tags?post=27"}],"curies":[{"name":"wp","href":"https:\/\/api.w.org\/{rel}","templated":true}]}}