{"id":4,"date":"2019-03-27T15:45:50","date_gmt":"2019-03-27T19:45:50","guid":{"rendered":"http:\/\/portfolio-pre.uqac.ca\/gabarit\/?page_id=4"},"modified":"2023-11-22T18:25:21","modified_gmt":"2023-11-22T23:25:21","slug":"presentatio","status":"publish","type":"page","link":"https:\/\/portfolio.uqac.ca\/catherineflynn\/","title":{"rendered":"Pr\u00e9sentation"},"content":{"rendered":"<p><!--more--><\/p>\n<p><!--more--><\/p>\n<h2>Catherine Flynn<\/h2>\n<ul>\n<li>Professeure \u00e0 l&#8217;Unit\u00e9 d&#8217;enseignement en travail social, D\u00e9partement des sciences humaines et sociales<\/li>\n<li>Co-responsable du P\u00f4le violence du R\u00e9seau qu\u00e9b\u00e9cois en \u00e9tudes f\u00e9ministes (ReQEF)<\/li>\n<li>Chercheure au Centre intersectoriel en sant\u00e9 durable (CISD)<\/li>\n<li>Animatrice scientifique du Groupe de recherche et d&#8217;intervention r\u00e9gionales (GRIR)<\/li>\n<\/ul>\n<h2>Champs d&#8217;int\u00e9r\u00eat<\/h2>\n<ul>\n<li>Violence faite aux femmes<\/li>\n<li>Itin\u00e9rance<\/li>\n<li>Intervention f\u00e9ministe<\/li>\n<li>Intersectionnalit\u00e9<\/li>\n<li>Pauvret\u00e9 et exclusion sociale<\/li>\n<\/ul>\n<p>&nbsp;<\/p>\n","protected":false},"excerpt":{"rendered":"","protected":false},"author":89,"featured_media":0,"parent":0,"menu_order":0,"comment_status":"closed","ping_status":"closed","template":"","meta":{"footnotes":""},"tags":[],"_links":{"self":[{"href":"https:\/\/portfolio.uqac.ca\/catherineflynn\/wp-json\/wp\/v2\/pages\/4"}],"collection":[{"href":"https:\/\/portfolio.uqac.ca\/catherineflynn\/wp-json\/wp\/v2\/pages"}],"about":[{"href":"https:\/\/portfolio.uqac.ca\/catherineflynn\/wp-json\/wp\/v2\/types\/page"}],"author":[{"embeddable":true,"href":"https:\/\/portfolio.uqac.ca\/catherineflynn\/wp-json\/wp\/v2\/users\/89"}],"replies":[{"embeddable":true,"href":"https:\/\/portfolio.uqac.ca\/catherineflynn\/wp-json\/wp\/v2\/comments?post=4"}],"version-history":[{"count":22,"href":"https:\/\/portfolio.uqac.ca\/catherineflynn\/wp-json\/wp\/v2\/pages\/4\/revisions"}],"predecessor-version":[{"id":302,"href":"https:\/\/portfolio.uqac.ca\/catherineflynn\/wp-json\/wp\/v2\/pages\/4\/revisions\/302"}],"wp:attachment":[{"href":"https:\/\/portfolio.uqac.ca\/catherineflynn\/wp-json\/wp\/v2\/media?parent=4"}],"wp:term":[{"taxonomy":"post_tag","embeddable":true,"href":"https:\/\/portfolio.uqac.ca\/catherineflynn\/wp-json\/wp\/v2\/tags?post=4"}],"curies":[{"name":"wp","href":"https:\/\/api.w.org\/{rel}","templated":true}]}}