{"id":46,"date":"2019-03-27T15:45:50","date_gmt":"2019-03-27T19:45:50","guid":{"rendered":"http:\/\/portfolio-pre.uqac.ca\/gabarit\/?page_id=46"},"modified":"2020-07-14T18:29:01","modified_gmt":"2020-07-14T22:29:01","slug":"recherche","status":"publish","type":"page","link":"https:\/\/portfolio.uqac.ca\/catherineflynn\/recherche\/","title":{"rendered":"Projets financ\u00e9s en cours"},"content":{"rendered":"<h2><strong>Comme chercheure principale :\u00a0<\/strong><\/h2>\n<p><em><strong>Effets des mesures pr\u00e9ventives de distanciation physique contre la COVID-19 sur la sant\u00e9 et le bien-\u00eatre des\u00a0<\/strong><\/em><a href=\"https:\/\/xn--tudiant-9xa.es\/\"><em><strong>\u00e9tudiant.es<\/strong><\/em><\/a><em><strong>\u00a0du r\u00e9seau de l\u2019Universit\u00e9 du Qu\u00e9bec \u2013 lorsque les in\u00e9galit\u00e9s sociales se r\u00e9v\u00e8lent ou s\u2019exacerbent\u00a0<\/strong><\/em>(CISD; \u00a08000$, Facult\u00e9 de science politique et de droit, UQAM; 5000$; RISUQ, 7000$)<\/p>\n<p>Co-chercheures : Marie-Christine Brault, Jacinthe Dion, \u00a0Marie-Soleil Cloutier, Isabel C\u00f4t\u00e9, Diane Gagn\u00e9, Isabelle Marchand Genevi\u00e8ve Pag\u00e9, Linda Paquette, Anne-Martine Parent, Eve Pouliot, Jeanne-Marie Rugira<\/p>\n<p><strong><em>Violence faites aux femmes de la part de partenaires intimes et itin\u00e9rance\u00a0: mieux comprendre pour intervenir de fa\u00e7on concert\u00e9e.<\/em> <\/strong>(FRQSC &#8211; Action concert\u00e9e, 2017-2020; 170 925 $\u00a0)<\/p>\n<p>Co-chercheur.es\u00a0: Roxane Caron, Philippe-Beno\u00eet C\u00f4t\u00e9, Dominique Damant et Myl\u00e8ne Fernet, Isabelle Marchand<\/p>\n<p>Collaborateur.ices\u00a0: Lucie G\u00e9lineau et Simon Lapierre<\/p>\n<p>Partenaires\u00a0: Relais-femmes, F\u00e9d\u00e9ration des maisons d\u2019h\u00e9bergement pour femmes, R\u00e9seau des tables de concertation r\u00e9gionales des groupes de femmes du Qu\u00e9bec, R\u00e9seau solidarit\u00e9 itin\u00e9rance du Qu\u00e9bec.<\/p>\n<p><strong><em>Violences faites aux femmes du Bas-Saint-Laurent et de la Gasp\u00e9sie-\u00celes-de-la-Madeleine\u00a0: Mieux comprendre les besoins pour pr\u00e9venir l\u2019itin\u00e9rance et en faciliter la sortie\u00a0<\/em><\/strong>(CRSH -D\u00e9veloppement Savoir, 2017-2019;\u00a071 208 $)<\/p>\n<p>Co-chercheur.es\u00a0: Marie-Marthe Cousineau, Philippe-Beno\u00eet C\u00f4t\u00e9 et Simon Lapierre<\/p>\n<p>Collaboratrices\u00a0: Dominique Damant et Lucie G\u00e9lineau<\/p>\n<p>Partenaires\u00a0: Table des groupes de femmes de la Gasp\u00e9sie-\u00celes-de-la-Madeleine, Table des groupes de femmes du Bas-Saint-Laurent, Alliance Gasp\u00e9sienne des maisons d\u2019h\u00e9bergement pour femmes, Centre \u00c9milie Gamelin, le Transit.<\/p>\n<h2><strong>Comme co-chercheure\u00a0<\/strong><\/h2>\n<p><strong><em>\u00c9quipe SAS-Femmes (sant\u00e9, autonomie, s\u00e9curit\u00e9 ) &#8211; Regard interdisciplinaire, intersectoriel et intersectionnel sur les violences faites aux femmes et aux filles\u00a0<\/em><\/strong>(FRQSC &#8211; Soutien aux \u00e9quipe de recherche, 2020-2024 ; 300 000$)<\/p>\n<p>Chercheure principale : Marie-Marthe Cousineau<\/p>\n<p><strong><em>Trajetvi \u2013 Trajectoires de vie, de violence et de recours aux services des femmes victimes de violence conjugale en contextes de vuln\u00e9rabilit\u00e9\u00a0: D\u00e9crire et comprendre pour mieux pr\u00e9venir et agir.<\/em> <\/strong>(CRSH &#8211; Partenariat, 2013-2020; \u00a02 000 000$)<\/p>\n<p>Chercheure principale : Marie-Marthe Cousineau<\/p>\n<p><a href=\"https:\/\/trajetvi.ca\/categorie\/membres\/chercheurs\">Pour la liste compl\u00e8te des chercheur.es voir le https:\/\/trajetvi.ca\/categorie\/membres\/chercheurs<\/a><\/p>\n<p><strong><em><span lang=\"FR-CA\">Le portrait de la consommation d\u2019opio\u00efdes et de ses impacts sociaux: points de vue des consommateurs et des diff\u00e9rents acteurs \u00e0 Saguenay.<\/span><span lang=\"FR-CA\">\u00a0<\/span><\/em><\/strong><span lang=\"FR-CA\">(FUQAC, 2020-2021; 10 000$)<\/span><\/p>\n<p>Chercheure principale : Sandra Juneau<\/p>\n<h2><strong>Comme partenaire<\/strong><\/h2>\n<p><em><strong>Mettre fin \u00e0 la revictimisation des femmes violent\u00e9es<\/strong><\/em> (Secr\u00e9tariat \u00e0 la condition f\u00e9minine, 2019 \u2013 2022; 126 349$)<\/p>\n<p>Demandeure principale\u00a0: F\u00e9d\u00e9ration des maisons d\u2019h\u00e9bergement pour femmes du Qu\u00e9bec<\/p>\n<p>Partenaires\u00a0: Catherine Flynn, Isabelle-Anne Lavoie et C\u00e9line Cyr.<\/p>\n<p>&nbsp;<\/p>\n<h2><\/h2>\n<h2><\/h2>\n","protected":false},"excerpt":{"rendered":"<p>Comme chercheure principale :\u00a0 Effets des mesures pr\u00e9ventives de distanciation physique contre la COVID-19 sur la sant\u00e9 et le bien-\u00eatre des\u00a0\u00e9tudiant.es\u00a0du r\u00e9seau de l\u2019Universit\u00e9 du Qu\u00e9bec \u2013 lorsque les in\u00e9galit\u00e9s sociales se r\u00e9v\u00e8lent ou s\u2019exacerbent\u00a0(CISD; \u00a08000$, Facult\u00e9 de science politique et de droit, UQAM; 5000$; RISUQ, 7000$) Co-chercheures : Marie-Christine Brault, Jacinthe Dion, \u00a0Marie-Soleil Cloutier, &hellip; <a href=\"https:\/\/portfolio.uqac.ca\/catherineflynn\/recherche\/\" class=\"more-link\">Continuer la lecture de <span class=\"screen-reader-text\">Projets financ\u00e9s en cours<\/span>  <span class=\"meta-nav\">&rarr;<\/span><\/a><\/p>\n","protected":false},"author":89,"featured_media":0,"parent":0,"menu_order":0,"comment_status":"closed","ping_status":"closed","template":"","meta":{"footnotes":""},"tags":[],"_links":{"self":[{"href":"https:\/\/portfolio.uqac.ca\/catherineflynn\/wp-json\/wp\/v2\/pages\/46"}],"collection":[{"href":"https:\/\/portfolio.uqac.ca\/catherineflynn\/wp-json\/wp\/v2\/pages"}],"about":[{"href":"https:\/\/portfolio.uqac.ca\/catherineflynn\/wp-json\/wp\/v2\/types\/page"}],"author":[{"embeddable":true,"href":"https:\/\/portfolio.uqac.ca\/catherineflynn\/wp-json\/wp\/v2\/users\/89"}],"replies":[{"embeddable":true,"href":"https:\/\/portfolio.uqac.ca\/catherineflynn\/wp-json\/wp\/v2\/comments?post=46"}],"version-history":[{"count":16,"href":"https:\/\/portfolio.uqac.ca\/catherineflynn\/wp-json\/wp\/v2\/pages\/46\/revisions"}],"predecessor-version":[{"id":274,"href":"https:\/\/portfolio.uqac.ca\/catherineflynn\/wp-json\/wp\/v2\/pages\/46\/revisions\/274"}],"wp:attachment":[{"href":"https:\/\/portfolio.uqac.ca\/catherineflynn\/wp-json\/wp\/v2\/media?parent=46"}],"wp:term":[{"taxonomy":"post_tag","embeddable":true,"href":"https:\/\/portfolio.uqac.ca\/catherineflynn\/wp-json\/wp\/v2\/tags?post=46"}],"curies":[{"name":"wp","href":"https:\/\/api.w.org\/{rel}","templated":true}]}}