{"id":4,"date":"2012-07-23T17:46:31","date_gmt":"2012-07-23T17:46:31","guid":{"rendered":"http:\/\/portfolio-pre.uqac.ca\/gabarit\/?page_id=4"},"modified":"2024-01-24T10:25:02","modified_gmt":"2024-01-24T15:25:02","slug":"presentatio","status":"publish","type":"page","link":"https:\/\/portfolio.uqac.ca\/catherinelaprise\/","title":{"rendered":"Pr\u00e9sentation"},"content":{"rendered":"<h2>Catherine Laprise<\/h2>\n<ul>\n<li>Professeure au d\u00e9partement des sciences fondamentales<\/li>\n<li>Titulaire de la<a href=\"https:\/\/recherche.uqac.ca\/chaire-de-recherche-du-canada-en-environnement-et-genetique-des-troubles-respiratoires-et-de-lallergie\" target=\"_blank\"> Chaire de recherche en sant\u00e9 du Canada sur l&#8217;\u00e9tude des d\u00e9terminants g\u00e9n\u00e9tiques de l&#8217;asthme<\/a><\/li>\n<\/ul>\n<h2>Champs d&#8217;int\u00e9r\u00eat<\/h2>\n<ul>\n<li>G\u00e9nomique<\/li>\n<li>G\u00e9n\u00e9tique humaine<\/li>\n<li>Asthme<\/li>\n<li>Allergie<\/li>\n<\/ul>\n","protected":false},"excerpt":{"rendered":"<p>Catherine Laprise Professeure au d\u00e9partement des sciences fondamentales Titulaire de la Chaire de recherche en sant\u00e9 du Canada sur l&#8217;\u00e9tude des d\u00e9terminants g\u00e9n\u00e9tiques de l&#8217;asthme Champs d&#8217;int\u00e9r\u00eat G\u00e9nomique G\u00e9n\u00e9tique humaine Asthme Allergie<\/p>\n","protected":false},"author":49,"featured_media":0,"parent":0,"menu_order":0,"comment_status":"closed","ping_status":"closed","template":"","meta":{"footnotes":""},"tags":[7,6],"_links":{"self":[{"href":"https:\/\/portfolio.uqac.ca\/catherinelaprise\/wp-json\/wp\/v2\/pages\/4"}],"collection":[{"href":"https:\/\/portfolio.uqac.ca\/catherinelaprise\/wp-json\/wp\/v2\/pages"}],"about":[{"href":"https:\/\/portfolio.uqac.ca\/catherinelaprise\/wp-json\/wp\/v2\/types\/page"}],"author":[{"embeddable":true,"href":"https:\/\/portfolio.uqac.ca\/catherinelaprise\/wp-json\/wp\/v2\/users\/49"}],"replies":[{"embeddable":true,"href":"https:\/\/portfolio.uqac.ca\/catherinelaprise\/wp-json\/wp\/v2\/comments?post=4"}],"version-history":[{"count":16,"href":"https:\/\/portfolio.uqac.ca\/catherinelaprise\/wp-json\/wp\/v2\/pages\/4\/revisions"}],"predecessor-version":[{"id":102,"href":"https:\/\/portfolio.uqac.ca\/catherinelaprise\/wp-json\/wp\/v2\/pages\/4\/revisions\/102"}],"wp:attachment":[{"href":"https:\/\/portfolio.uqac.ca\/catherinelaprise\/wp-json\/wp\/v2\/media?parent=4"}],"wp:term":[{"taxonomy":"post_tag","embeddable":true,"href":"https:\/\/portfolio.uqac.ca\/catherinelaprise\/wp-json\/wp\/v2\/tags?post=4"}],"curies":[{"name":"wp","href":"https:\/\/api.w.org\/{rel}","templated":true}]}}