{"id":165,"date":"2021-06-25T08:30:48","date_gmt":"2021-06-25T12:30:48","guid":{"rendered":"http:\/\/portfolio-pre.uqac.ca\/gabarit\/?page_id=165"},"modified":"2021-11-26T20:39:16","modified_gmt":"2021-11-27T01:39:16","slug":"communications-2","status":"publish","type":"page","link":"https:\/\/portfolio.uqac.ca\/catherinemorency\/communications-2\/","title":{"rendered":"Communications"},"content":{"rendered":"<p>2021\u00a0\u00a0\u00a0 Pr\u00e9sentation de la communication \u00ab Enseigner la cr\u00e9ation\u00a0: donner forme \u00e0 l\u2019insondable\u00a0\u00bb, Midis du DALL, UQAC, 7 octobre.<\/p>\n<p>2017\u00a0\u00a0\u00a0 Pr\u00e9sentation de la conf\u00e9rence \u00ab\u00a0\u00c9crire sur l\u2019art aujourd\u2019hui : un geste qui a du (ou des) sens ?\u00a0\u00bb, <em>\u00c9crire sur l\u2019art<\/em> (conf\u00e9rences en histoire de l\u2019art), Universit\u00e9\u00a0Laval, 27 septembre.<\/p>\n<p>2016\u00a0\u00a0\u00a0 Pr\u00e9sentation d\u2019une conf\u00e9rence sur le m\u00e9tier d\u2019\u00e9ditrice mus\u00e9ale, Mus\u00e9e national des beaux-arts du Qu\u00e9bec, octobre.<\/p>\n<p>2016 Participation au colloque \u00ab Habiter les ruines de l\u2019universit\u00e9 : Bill Readings, 20 ans plus tard \u00bb, Universit\u00e9 du Qu\u00e9bec \u00e0 Montr\u00e9al (84e congr\u00e8s de l\u2019ACFAS), 13 mai 2016.<br \/>\n2015 Pr\u00e9sentation d\u2019une communication portant sur la m\u00e9diation de l\u2019avortement dans la litt\u00e9rature moderne et contemporaine, colloque \u00ab \u00c9crire, penser, vivre, enseigner \u00bb,<br \/>\nUniversit\u00e9 du Qu\u00e9bec \u00e0 Rimouski (83e congr\u00e8s de l\u2019ACFAS), 25 avril 2015.<br \/>\n2012 Pr\u00e9sentation d\u2019une communication portant sur la part autofictionnelle du po\u00e8me contemporain, colloque \u00ab Penser l&#8217;autofiction dans les litt\u00e9ratures francophones \u00bb,<br \/>\nUniversit\u00e9 Concordia, 27 et 28 avril 2012.<br \/>\n2012 Pr\u00e9sentation d\u2019une communication sur la pr\u00e9figuration de la mort dans les premiers manuscrits de Sylvia Plath, colloque sur le pi\u00e9destal, Universit\u00e9 de Montr\u00e9al, D\u00e9partement<br \/>\nde litt\u00e9rature compar\u00e9e, f\u00e9vrier 2012.<br \/>\n2011 Pr\u00e9sentation d\u2019une communication sur le travail de Marie Chouinard, colloque sur l\u2019emportement, Montr\u00e9al, Maison Ludger-Duvernay, 13 avril 2011.<br \/>\n2010 Pr\u00e9sentation d\u2019une communication intitul\u00e9e \u00ab Les premiers \u00e9crits de Miron, Lefran\u00e7ois,Gauvreau, Gigu\u00e8re et H\u00e9bert : Po\u00e9tique de l\u2019\u00e9mergence et des commencements \u00bb,<br \/>\ncolloque \u00ab G\u00e9n\u00e9ration de 1950 \u00bb, Instituto Superior da Maia, Porto, novembre 2010.<br \/>\n2008 Participation, \u00e0 titre de conf\u00e9renci\u00e8re, \u00e0 la journ\u00e9e d\u2019\u00e9tude \u00ab La vengeance divine \u00bb organis\u00e9e pat Claire Caland, UQAM, 23 mai 2008.<br \/>\n2006 Pr\u00e9sentation d\u2019une communication intitul\u00e9e \u00ab Figures et incarnation du visionnaire chez Claude Gauvreau et Roland Gigu\u00e8re \u00bb, colloque \u00ab Lignes convergentes \u00bb, 74e Congr\u00e8s de<br \/>\nl\u2019ACFAS, Universit\u00e9 McGill, mai 2006.<br \/>\n2006 Pr\u00e9sentation d\u2019une communication intitul\u00e9e \u00ab Expulsion, projection, \u00e9lection : petite m\u00e9thode pour devenir un po\u00e8te de race \u00bb, colloque \u00ab Claude Gauvreau 2006 \u00bb, Universit\u00e9<br \/>\nde Montr\u00e9al, avril 2006.<br \/>\n2005 Pr\u00e9sentation d\u2019une communication intitul\u00e9e \u00ab Les promesses de l\u2019oeuvre mironienne : un avenir \u00e0 d\u00e9sentraver \u00bb, colloque \u00ab L\u2019universel Miron \u00bb, Universit\u00e9 de Li\u00e8ge, avril 2005.<br \/>\n2004 Pr\u00e9sentation d\u2019une communication portant sur l\u2019\u00e9cho dans l\u2019oeuvre de Roland Gigu\u00e8re, colloque \u00ab \u00c9chos et r\u00e9sonances : fondation et refondation du corpus litt\u00e9raire qu\u00e9b\u00e9cois \u00bb,<br \/>\nUQAM, mai 2004.<\/p>\n","protected":false},"excerpt":{"rendered":"<p>2021\u00a0\u00a0\u00a0 Pr\u00e9sentation de la communication \u00ab Enseigner la cr\u00e9ation\u00a0: donner forme \u00e0 l\u2019insondable\u00a0\u00bb, Midis du DALL, UQAC, 7 octobre. 2017\u00a0\u00a0\u00a0 Pr\u00e9sentation de la conf\u00e9rence \u00ab\u00a0\u00c9crire sur l\u2019art aujourd\u2019hui : un geste qui a du (ou des) sens ?\u00a0\u00bb, \u00c9crire sur l\u2019art (conf\u00e9rences en histoire de l\u2019art), Universit\u00e9\u00a0Laval, 27 septembre. 2016\u00a0\u00a0\u00a0 Pr\u00e9sentation d\u2019une conf\u00e9rence sur le &hellip; <a href=\"https:\/\/portfolio.uqac.ca\/catherinemorency\/communications-2\/\" class=\"more-link\">Continuer la lecture de <span class=\"screen-reader-text\">Communications<\/span>  <span class=\"meta-nav\">&rarr;<\/span><\/a><\/p>\n","protected":false},"author":282,"featured_media":0,"parent":0,"menu_order":0,"comment_status":"closed","ping_status":"closed","template":"","meta":{"footnotes":""},"tags":[],"_links":{"self":[{"href":"https:\/\/portfolio.uqac.ca\/catherinemorency\/wp-json\/wp\/v2\/pages\/165"}],"collection":[{"href":"https:\/\/portfolio.uqac.ca\/catherinemorency\/wp-json\/wp\/v2\/pages"}],"about":[{"href":"https:\/\/portfolio.uqac.ca\/catherinemorency\/wp-json\/wp\/v2\/types\/page"}],"author":[{"embeddable":true,"href":"https:\/\/portfolio.uqac.ca\/catherinemorency\/wp-json\/wp\/v2\/users\/282"}],"replies":[{"embeddable":true,"href":"https:\/\/portfolio.uqac.ca\/catherinemorency\/wp-json\/wp\/v2\/comments?post=165"}],"version-history":[{"count":3,"href":"https:\/\/portfolio.uqac.ca\/catherinemorency\/wp-json\/wp\/v2\/pages\/165\/revisions"}],"predecessor-version":[{"id":202,"href":"https:\/\/portfolio.uqac.ca\/catherinemorency\/wp-json\/wp\/v2\/pages\/165\/revisions\/202"}],"wp:attachment":[{"href":"https:\/\/portfolio.uqac.ca\/catherinemorency\/wp-json\/wp\/v2\/media?parent=165"}],"wp:term":[{"taxonomy":"post_tag","embeddable":true,"href":"https:\/\/portfolio.uqac.ca\/catherinemorency\/wp-json\/wp\/v2\/tags?post=165"}],"curies":[{"name":"wp","href":"https:\/\/api.w.org\/{rel}","templated":true}]}}