{"id":167,"date":"2021-06-25T08:30:48","date_gmt":"2021-06-25T12:30:48","guid":{"rendered":"http:\/\/portfolio-pre.uqac.ca\/gabarit\/?page_id=167"},"modified":"2021-11-26T20:37:15","modified_gmt":"2021-11-27T01:37:15","slug":"autres-publications","status":"publish","type":"page","link":"https:\/\/portfolio.uqac.ca\/catherinemorency\/autres-publications\/","title":{"rendered":"Livres et chapitres de livres"},"content":{"rendered":"<h4><strong>Livres et monographies<\/strong><\/h4>\n<p>2022\u00a0 Retour d\u2019\u00c9r\u00e8be (po\u00e9sie), Montr\u00e9al, Les \u00e9ditions du L\u00e9zard amoureux, \u00e0 para\u00eetre.<br \/>\n2016 Les Mus\u00e9es de l\u2019air (po\u00e9sie), Montr\u00e9al, Les \u00e9ditions du L\u00e9zard amoureux.<br \/>\n2014 Po\u00e9tique de l\u2019\u00e9mergence et des commencements. Les premiers \u00e9crits de Miron, Lefran\u00e7ois, Gauvreau, Gigu\u00e8re et H\u00e9bert (essai), Qu\u00e9bec, \u00c9ditions Nota bene.<br \/>\n2008 Sans Ouranos (po\u00e9sie), Qu\u00e9bec, Les \u00e9ditions du L\u00e9zard amoureux.<br \/>\n2006 Marie Chouinard, chor\u00e9graphe (essai po\u00e9tique), Montr\u00e9al, Varia.<br \/>\n2006 L\u2019atelier de L\u2019\u00e2ge de la parole. Po\u00e9tique du recueil chez Roland Gigu\u00e8re (essai), Montr\u00e9al, Les Heures bleues.<br \/>\n2005 La litt\u00e9rature par elle-m\u00eame, collectif d\u2019essais dirig\u00e9 et pr\u00e9sent\u00e9 par Catherine Morency, Qu\u00e9bec, \u00c9ditions Nota Bene.<br \/>\n2005 Les impulsions orphelines (po\u00e9sie), Qu\u00e9bec, Les \u00e9ditions du L\u00e9zard amoureux n.<\/p>\n<h4>Chapitres de monographies et d\u2019actes de colloques<\/h4>\n<p>2013 \u00ab Pour tout effacer, il avance \u00bb, dans Roland Gigu\u00e8re, L\u2019\u00e2ge de la parole, Montr\u00e9al, Typo.<br \/>\n2012 \u00ab Marie Chouinard ou l\u2019art de faire passer la rivi\u00e8re \u00bb, dans L\u2019emportement. Exaltation et irritation dans la parole litt\u00e9raire, Pierre Ouellet (dir.), Montr\u00e9al, VLB \u00e9diteur, coll. \u00ab Le soi et l\u2019autre \u00bb, hiver 2012.<br \/>\n2011 \u00ab Les premiers \u00e9crits de Miron, Lefran\u00e7ois, Gauvreau, Gigu\u00e8re et H\u00e9bert : Po\u00e9tique de l\u2019\u00e9mergence et des commencements \u00bb, dans les Actes du colloque \u00ab G\u00e9n\u00e9ration de 1950 \u00bb, Porto,<br \/>\nInstituto Superior da Maia, automne 2011.<br \/>\n2010 \u00ab Figures et incarnation du visionnaire chez Roland Gigu\u00e8re et Claude Gauvreau \u00bb, dans Lignes convergentes. La litt\u00e9rature qu\u00e9b\u00e9coise \u00e0 la rencontre des arts visuels, Qu\u00e9bec, \u00c9ditions Nota bene.<br \/>\n2006 \u00ab Mutations po\u00e9tiques du recueil gigu\u00e9rien \u00bb, Le livre comme espace (dirig\u00e9 par Alain Milon),Paris, Presses universitaires de Vincennes.<br \/>\n2004 \u00ab La composition r\u00e9trospective chez Roland Gigu\u00e8re : vers une po\u00e9tique du fragment \u00bb,dans L\u2019oeuvre litt\u00e9raire et ses inach\u00e8vements, sous la direction de Jean Morency, Montr\u00e9al, Publications MNH.<br \/>\n2004 \u00ab La po\u00e9tique du recueil chez Roland Gigu\u00e8re : la composition r\u00e9trospective de L\u2019\u00e2ge de la parole \u00bb dans Lectures initiales du corpus litt\u00e9raire et culturel qu\u00e9b\u00e9cois, Qu\u00e9bec, \u00c9ditions Nota bene.<\/p>\n","protected":false},"excerpt":{"rendered":"<p>Livres et monographies 2022\u00a0 Retour d\u2019\u00c9r\u00e8be (po\u00e9sie), Montr\u00e9al, Les \u00e9ditions du L\u00e9zard amoureux, \u00e0 para\u00eetre. 2016 Les Mus\u00e9es de l\u2019air (po\u00e9sie), Montr\u00e9al, Les \u00e9ditions du L\u00e9zard amoureux. 2014 Po\u00e9tique de l\u2019\u00e9mergence et des commencements. Les premiers \u00e9crits de Miron, Lefran\u00e7ois, Gauvreau, Gigu\u00e8re et H\u00e9bert (essai), Qu\u00e9bec, \u00c9ditions Nota bene. 2008 Sans Ouranos (po\u00e9sie), Qu\u00e9bec, Les &hellip; <a href=\"https:\/\/portfolio.uqac.ca\/catherinemorency\/autres-publications\/\" class=\"more-link\">Continuer la lecture de <span class=\"screen-reader-text\">Livres et chapitres de livres<\/span>  <span class=\"meta-nav\">&rarr;<\/span><\/a><\/p>\n","protected":false},"author":282,"featured_media":0,"parent":0,"menu_order":0,"comment_status":"closed","ping_status":"closed","template":"","meta":{"footnotes":""},"tags":[],"_links":{"self":[{"href":"https:\/\/portfolio.uqac.ca\/catherinemorency\/wp-json\/wp\/v2\/pages\/167"}],"collection":[{"href":"https:\/\/portfolio.uqac.ca\/catherinemorency\/wp-json\/wp\/v2\/pages"}],"about":[{"href":"https:\/\/portfolio.uqac.ca\/catherinemorency\/wp-json\/wp\/v2\/types\/page"}],"author":[{"embeddable":true,"href":"https:\/\/portfolio.uqac.ca\/catherinemorency\/wp-json\/wp\/v2\/users\/282"}],"replies":[{"embeddable":true,"href":"https:\/\/portfolio.uqac.ca\/catherinemorency\/wp-json\/wp\/v2\/comments?post=167"}],"version-history":[{"count":4,"href":"https:\/\/portfolio.uqac.ca\/catherinemorency\/wp-json\/wp\/v2\/pages\/167\/revisions"}],"predecessor-version":[{"id":200,"href":"https:\/\/portfolio.uqac.ca\/catherinemorency\/wp-json\/wp\/v2\/pages\/167\/revisions\/200"}],"wp:attachment":[{"href":"https:\/\/portfolio.uqac.ca\/catherinemorency\/wp-json\/wp\/v2\/media?parent=167"}],"wp:term":[{"taxonomy":"post_tag","embeddable":true,"href":"https:\/\/portfolio.uqac.ca\/catherinemorency\/wp-json\/wp\/v2\/tags?post=167"}],"curies":[{"name":"wp","href":"https:\/\/api.w.org\/{rel}","templated":true}]}}