{"id":18,"date":"2021-06-25T08:30:48","date_gmt":"2021-06-25T12:30:48","guid":{"rendered":"http:\/\/portfolio-pre.uqac.ca\/gabarit\/?page_id=18"},"modified":"2021-08-11T12:09:42","modified_gmt":"2021-08-11T16:09:42","slug":"enseignement","status":"publish","type":"page","link":"https:\/\/portfolio.uqac.ca\/catherinemorency\/enseignement\/","title":{"rendered":"Enseignement"},"content":{"rendered":"<ul>\n<li><a href=\"https:\/\/cours.uqac.ca\/LET7907\">LET7907<\/a>\u00a0: Th\u00e9ories et pratiques du travail cr\u00e9ateur I<\/li>\n<li><span style=\"line-height: 1.5;\"><span style=\"line-height: 1.5;\"><a href=\"https:\/\/cours.uqac.ca\/7LIT300\">7LIT300<\/a>:\u00a0<\/span><\/span>Litt\u00e9rature qu\u00e9b\u00e9coise depuis 1960<\/li>\n<li><span style=\"line-height: 1.5;\"><a href=\"https:\/\/cours.uqac.ca\/7LIT118\">7LIT118<\/a>:\u00a0Atelier d&#8217;\u00e9criture<\/span><\/li>\n<\/ul>\n","protected":false},"excerpt":{"rendered":"<p>LET7907\u00a0: Th\u00e9ories et pratiques du travail cr\u00e9ateur I 7LIT300:\u00a0Litt\u00e9rature qu\u00e9b\u00e9coise depuis 1960 7LIT118:\u00a0Atelier d&#8217;\u00e9criture<\/p>\n","protected":false},"author":282,"featured_media":0,"parent":0,"menu_order":0,"comment_status":"closed","ping_status":"closed","template":"","meta":{"footnotes":""},"tags":[],"_links":{"self":[{"href":"https:\/\/portfolio.uqac.ca\/catherinemorency\/wp-json\/wp\/v2\/pages\/18"}],"collection":[{"href":"https:\/\/portfolio.uqac.ca\/catherinemorency\/wp-json\/wp\/v2\/pages"}],"about":[{"href":"https:\/\/portfolio.uqac.ca\/catherinemorency\/wp-json\/wp\/v2\/types\/page"}],"author":[{"embeddable":true,"href":"https:\/\/portfolio.uqac.ca\/catherinemorency\/wp-json\/wp\/v2\/users\/282"}],"replies":[{"embeddable":true,"href":"https:\/\/portfolio.uqac.ca\/catherinemorency\/wp-json\/wp\/v2\/comments?post=18"}],"version-history":[{"count":5,"href":"https:\/\/portfolio.uqac.ca\/catherinemorency\/wp-json\/wp\/v2\/pages\/18\/revisions"}],"predecessor-version":[{"id":189,"href":"https:\/\/portfolio.uqac.ca\/catherinemorency\/wp-json\/wp\/v2\/pages\/18\/revisions\/189"}],"wp:attachment":[{"href":"https:\/\/portfolio.uqac.ca\/catherinemorency\/wp-json\/wp\/v2\/media?parent=18"}],"wp:term":[{"taxonomy":"post_tag","embeddable":true,"href":"https:\/\/portfolio.uqac.ca\/catherinemorency\/wp-json\/wp\/v2\/tags?post=18"}],"curies":[{"name":"wp","href":"https:\/\/api.w.org\/{rel}","templated":true}]}}