{"id":4,"date":"2021-06-25T08:30:48","date_gmt":"2021-06-25T12:30:48","guid":{"rendered":"http:\/\/portfolio-pre.uqac.ca\/gabarit\/?page_id=4"},"modified":"2021-08-11T12:06:56","modified_gmt":"2021-08-11T16:06:56","slug":"presentatio","status":"publish","type":"page","link":"https:\/\/portfolio.uqac.ca\/catherinemorency\/","title":{"rendered":"Pr\u00e9sentation"},"content":{"rendered":"<h2>Catherine Morency<\/h2>\n<p>Professeur au d\u00e9partement des arts, lettres et du langage<\/p>\n<p>Catherine Morency \u0153uvre dans les domaines de l\u2019enseignement universitaire, de la cr\u00e9ation et de l\u2019\u00e9dition. R\u00e9cipiendaire de nombreuses bourses et distinctions, elle a publi\u00e9 plusieurs ouvrages sur la litt\u00e9rature et la culture, de nombreux articles et chapitres d\u2019ouvrages tout contribuant activement \u00e0 la vie culturelle et artistique du Qu\u00e9bec.<\/p>\n<h2>Champs d&#8217;int\u00e9r\u00eat<\/h2>\n<ul>\n<li>Litt\u00e9rature<\/li>\n<li>Litt\u00e9rature qu\u00e9b\u00e9coise<\/li>\n<li>Litt\u00e9ratures francophones<\/li>\n<li>Po\u00e9sie<\/li>\n<li>Essais<\/li>\n<li>Processus cr\u00e9ateurs<\/li>\n<li>Interm\u00e9dialit\u00e9<\/li>\n<li>Arts visuels<\/li>\n<li>\u00c9dition<\/li>\n<\/ul>\n","protected":false},"excerpt":{"rendered":"<p>Catherine Morency Professeur au d\u00e9partement des arts, lettres et du langage Catherine Morency \u0153uvre dans les domaines de l\u2019enseignement universitaire, de la cr\u00e9ation et de l\u2019\u00e9dition. R\u00e9cipiendaire de nombreuses bourses et distinctions, elle a publi\u00e9 plusieurs ouvrages sur la litt\u00e9rature et la culture, de nombreux articles et chapitres d\u2019ouvrages tout contribuant activement \u00e0 la vie &hellip; <a href=\"https:\/\/portfolio.uqac.ca\/catherinemorency\/\" class=\"more-link\">Continuer la lecture de <span class=\"screen-reader-text\">Pr\u00e9sentation<\/span>  <span class=\"meta-nav\">&rarr;<\/span><\/a><\/p>\n","protected":false},"author":282,"featured_media":0,"parent":0,"menu_order":0,"comment_status":"closed","ping_status":"closed","template":"","meta":{"footnotes":""},"tags":[],"_links":{"self":[{"href":"https:\/\/portfolio.uqac.ca\/catherinemorency\/wp-json\/wp\/v2\/pages\/4"}],"collection":[{"href":"https:\/\/portfolio.uqac.ca\/catherinemorency\/wp-json\/wp\/v2\/pages"}],"about":[{"href":"https:\/\/portfolio.uqac.ca\/catherinemorency\/wp-json\/wp\/v2\/types\/page"}],"author":[{"embeddable":true,"href":"https:\/\/portfolio.uqac.ca\/catherinemorency\/wp-json\/wp\/v2\/users\/282"}],"replies":[{"embeddable":true,"href":"https:\/\/portfolio.uqac.ca\/catherinemorency\/wp-json\/wp\/v2\/comments?post=4"}],"version-history":[{"count":15,"href":"https:\/\/portfolio.uqac.ca\/catherinemorency\/wp-json\/wp\/v2\/pages\/4\/revisions"}],"predecessor-version":[{"id":187,"href":"https:\/\/portfolio.uqac.ca\/catherinemorency\/wp-json\/wp\/v2\/pages\/4\/revisions\/187"}],"wp:attachment":[{"href":"https:\/\/portfolio.uqac.ca\/catherinemorency\/wp-json\/wp\/v2\/media?parent=4"}],"wp:term":[{"taxonomy":"post_tag","embeddable":true,"href":"https:\/\/portfolio.uqac.ca\/catherinemorency\/wp-json\/wp\/v2\/tags?post=4"}],"curies":[{"name":"wp","href":"https:\/\/api.w.org\/{rel}","templated":true}]}}