{"id":46,"date":"2021-06-25T08:30:48","date_gmt":"2021-06-25T12:30:48","guid":{"rendered":"http:\/\/portfolio-pre.uqac.ca\/gabarit\/?page_id=46"},"modified":"2021-08-11T12:10:52","modified_gmt":"2021-08-11T16:10:52","slug":"recherche","status":"publish","type":"page","link":"https:\/\/portfolio.uqac.ca\/catherinemorency\/recherche\/","title":{"rendered":"Recherche"},"content":{"rendered":"<p>Axe de recherche 1 &#8211; Cr\u00e9ation litt\u00e9raire<\/p>\n<p>Axe de recherche 2 &#8211; \u00c9dition litt\u00e9raire au Qu\u00e9bec<\/p>\n<p>&nbsp;<\/p>\n","protected":false},"excerpt":{"rendered":"<p>Axe de recherche 1 &#8211; Cr\u00e9ation litt\u00e9raire Axe de recherche 2 &#8211; \u00c9dition litt\u00e9raire au Qu\u00e9bec &nbsp;<\/p>\n","protected":false},"author":282,"featured_media":0,"parent":0,"menu_order":0,"comment_status":"closed","ping_status":"closed","template":"","meta":{"footnotes":""},"tags":[],"_links":{"self":[{"href":"https:\/\/portfolio.uqac.ca\/catherinemorency\/wp-json\/wp\/v2\/pages\/46"}],"collection":[{"href":"https:\/\/portfolio.uqac.ca\/catherinemorency\/wp-json\/wp\/v2\/pages"}],"about":[{"href":"https:\/\/portfolio.uqac.ca\/catherinemorency\/wp-json\/wp\/v2\/types\/page"}],"author":[{"embeddable":true,"href":"https:\/\/portfolio.uqac.ca\/catherinemorency\/wp-json\/wp\/v2\/users\/282"}],"replies":[{"embeddable":true,"href":"https:\/\/portfolio.uqac.ca\/catherinemorency\/wp-json\/wp\/v2\/comments?post=46"}],"version-history":[{"count":3,"href":"https:\/\/portfolio.uqac.ca\/catherinemorency\/wp-json\/wp\/v2\/pages\/46\/revisions"}],"predecessor-version":[{"id":190,"href":"https:\/\/portfolio.uqac.ca\/catherinemorency\/wp-json\/wp\/v2\/pages\/46\/revisions\/190"}],"wp:attachment":[{"href":"https:\/\/portfolio.uqac.ca\/catherinemorency\/wp-json\/wp\/v2\/media?parent=46"}],"wp:term":[{"taxonomy":"post_tag","embeddable":true,"href":"https:\/\/portfolio.uqac.ca\/catherinemorency\/wp-json\/wp\/v2\/tags?post=46"}],"curies":[{"name":"wp","href":"https:\/\/api.w.org\/{rel}","templated":true}]}}