{"id":20,"date":"2012-07-23T20:20:59","date_gmt":"2012-07-23T20:20:59","guid":{"rendered":"http:\/\/portfolio-pre.uqac.ca\/gabarit\/?page_id=20"},"modified":"2025-10-29T09:53:24","modified_gmt":"2025-10-29T13:53:24","slug":"publications","status":"publish","type":"page","link":"https:\/\/portfolio.uqac.ca\/catherinetremblay\/publications\/","title":{"rendered":"Publications"},"content":{"rendered":"<p><em>Elles [collectionnent] des mondes, <\/em>Montr\u00e9al, Les \u00c9ditions du Renard. B\u00c9LAND, V\u00e9ronique et TREMBLAY, Catherine, 2014.<\/p>\n","protected":false},"excerpt":{"rendered":"<p>Elles [collectionnent] des mondes, Montr\u00e9al, Les \u00c9ditions du Renard. B\u00c9LAND, V\u00e9ronique et TREMBLAY, Catherine, 2014.<\/p>\n","protected":false},"author":406,"featured_media":0,"parent":0,"menu_order":0,"comment_status":"closed","ping_status":"closed","template":"","meta":{"footnotes":""},"tags":[],"_links":{"self":[{"href":"https:\/\/portfolio.uqac.ca\/catherinetremblay\/wp-json\/wp\/v2\/pages\/20"}],"collection":[{"href":"https:\/\/portfolio.uqac.ca\/catherinetremblay\/wp-json\/wp\/v2\/pages"}],"about":[{"href":"https:\/\/portfolio.uqac.ca\/catherinetremblay\/wp-json\/wp\/v2\/types\/page"}],"author":[{"embeddable":true,"href":"https:\/\/portfolio.uqac.ca\/catherinetremblay\/wp-json\/wp\/v2\/users\/406"}],"replies":[{"embeddable":true,"href":"https:\/\/portfolio.uqac.ca\/catherinetremblay\/wp-json\/wp\/v2\/comments?post=20"}],"version-history":[{"count":30,"href":"https:\/\/portfolio.uqac.ca\/catherinetremblay\/wp-json\/wp\/v2\/pages\/20\/revisions"}],"predecessor-version":[{"id":223,"href":"https:\/\/portfolio.uqac.ca\/catherinetremblay\/wp-json\/wp\/v2\/pages\/20\/revisions\/223"}],"wp:attachment":[{"href":"https:\/\/portfolio.uqac.ca\/catherinetremblay\/wp-json\/wp\/v2\/media?parent=20"}],"wp:term":[{"taxonomy":"post_tag","embeddable":true,"href":"https:\/\/portfolio.uqac.ca\/catherinetremblay\/wp-json\/wp\/v2\/tags?post=20"}],"curies":[{"name":"wp","href":"https:\/\/api.w.org\/{rel}","templated":true}]}}