{"id":4,"date":"2012-07-23T17:46:31","date_gmt":"2012-07-23T17:46:31","guid":{"rendered":"http:\/\/portfolio-pre.uqac.ca\/gabarit\/?page_id=4"},"modified":"2025-10-29T10:03:37","modified_gmt":"2025-10-29T14:03:37","slug":"presentatio","status":"publish","type":"page","link":"https:\/\/portfolio.uqac.ca\/catherinetremblay\/","title":{"rendered":"Pr\u00e9sentation"},"content":{"rendered":"<h2>Catherine Tremblay<\/h2>\n<p>Professeure en arts m\u00e9diatiques et photographie<br \/>\nD\u00e9partement des arts, des lettres et du langage<\/p>\n<p>Catherine Tremblay est professeure en photographie et en arts m\u00e9diatiques au D\u00e9partement des arts, des lettres et du langage. Sa d\u00e9marche artistique, \u00e0 la fois po\u00e9tique et critique, se manifeste \u00e0 travers des installations photographiques, vid\u00e9ographiques et sonores. Elle s\u2019int\u00e9resse particuli\u00e8rement aux liens entre nature et image, entre perception, mati\u00e8re sensible et m\u00e9moire, tout en explorant les proc\u00e9d\u00e9s alternatifs et les dispositifs immersifs des images grands formats.<\/p>\n<p>Ses recherches actuelles portent sur les pratiques photographiques contemporaines, les proc\u00e9d\u00e9s analogiques et exp\u00e9rimentaux, ainsi que les approches \u00e9coresponsables en art. Elle privil\u00e9gie une approche interdisciplinaire, sensible et ancr\u00e9e dans les enjeux du vivant et des pratiques \u00e9thiques de cr\u00e9ation.<\/p>\n<p><a href=\"http:\/\/www.catherinetremblay.com\/\" target=\"_blank\" rel=\"noopener\"><strong>http:\/\/www.catherinetremblay.com\/<\/strong><\/a><\/p>\n<h2>Champs d&#8217;int\u00e9r\u00eat<\/h2>\n<ul>\n<li>Pratiques photographiques contemporaines et\u00a0 proc\u00e9d\u00e9s alternatifs, en dialogue avec l\u2019hybridation num\u00e9rique et analogique<\/li>\n<li>Photographie comme espace d\u2019interpr\u00e9tation, entre perception, mati\u00e8re sensible et exp\u00e9rience esth\u00e9tique<\/li>\n<li>Exploration du vivant,\u00a0 de l&#8217;art relationnel et des approches \u00e9coresponsables en art<\/li>\n<li>Installation et dispositifs immersifs, en interaction avec la photographie et les arts m\u00e9diatiques<\/li>\n<li>Processus cr\u00e9atif et les m\u00e9thodologies de conception en communication visuelle et litt\u00e9ratie num\u00e9rique<\/li>\n<\/ul>\n","protected":false},"excerpt":{"rendered":"<p>Catherine Tremblay Professeure en arts m\u00e9diatiques et photographie D\u00e9partement des arts, des lettres et du langage Catherine Tremblay est professeure en photographie et en arts m\u00e9diatiques au D\u00e9partement des arts, des lettres et du langage. Sa d\u00e9marche artistique, \u00e0 la fois po\u00e9tique et critique, se manifeste \u00e0 travers des installations photographiques, vid\u00e9ographiques et sonores. Elle &hellip; <a href=\"https:\/\/portfolio.uqac.ca\/catherinetremblay\/\" class=\"more-link\">Continuer la lecture de <span class=\"screen-reader-text\">Pr\u00e9sentation<\/span>  <span class=\"meta-nav\">&rarr;<\/span><\/a><\/p>\n","protected":false},"author":406,"featured_media":0,"parent":0,"menu_order":0,"comment_status":"closed","ping_status":"closed","template":"","meta":{"footnotes":""},"tags":[18,17,16,15],"_links":{"self":[{"href":"https:\/\/portfolio.uqac.ca\/catherinetremblay\/wp-json\/wp\/v2\/pages\/4"}],"collection":[{"href":"https:\/\/portfolio.uqac.ca\/catherinetremblay\/wp-json\/wp\/v2\/pages"}],"about":[{"href":"https:\/\/portfolio.uqac.ca\/catherinetremblay\/wp-json\/wp\/v2\/types\/page"}],"author":[{"embeddable":true,"href":"https:\/\/portfolio.uqac.ca\/catherinetremblay\/wp-json\/wp\/v2\/users\/406"}],"replies":[{"embeddable":true,"href":"https:\/\/portfolio.uqac.ca\/catherinetremblay\/wp-json\/wp\/v2\/comments?post=4"}],"version-history":[{"count":17,"href":"https:\/\/portfolio.uqac.ca\/catherinetremblay\/wp-json\/wp\/v2\/pages\/4\/revisions"}],"predecessor-version":[{"id":232,"href":"https:\/\/portfolio.uqac.ca\/catherinetremblay\/wp-json\/wp\/v2\/pages\/4\/revisions\/232"}],"wp:attachment":[{"href":"https:\/\/portfolio.uqac.ca\/catherinetremblay\/wp-json\/wp\/v2\/media?parent=4"}],"wp:term":[{"taxonomy":"post_tag","embeddable":true,"href":"https:\/\/portfolio.uqac.ca\/catherinetremblay\/wp-json\/wp\/v2\/tags?post=4"}],"curies":[{"name":"wp","href":"https:\/\/api.w.org\/{rel}","templated":true}]}}