{"id":46,"date":"2012-07-24T14:17:13","date_gmt":"2012-07-24T14:17:13","guid":{"rendered":"http:\/\/portfolio-pre.uqac.ca\/gabarit\/?page_id=46"},"modified":"2025-10-29T09:56:48","modified_gmt":"2025-10-29T13:56:48","slug":"recherche","status":"publish","type":"page","link":"https:\/\/portfolio.uqac.ca\/catherinetremblay\/recherche\/","title":{"rendered":"Recherche"},"content":{"rendered":"<h4>En cours :<\/h4>\n<p><em>Esquisses &amp; r\u00eaveries pour un jardin en devenir <\/em>: perception et abstraction photographique.<\/p>\n<p><em>Fleurir les rochers <\/em>: Herbier m\u00e9taphorique et impressions botaniques, inspir\u00e9 des proc\u00e9d\u00e9s historiques de la photographie.<\/p>\n<p>&nbsp;<\/p>\n","protected":false},"excerpt":{"rendered":"<p>En cours : Esquisses &amp; r\u00eaveries pour un jardin en devenir : perception et abstraction photographique. Fleurir les rochers : Herbier m\u00e9taphorique et impressions botaniques, inspir\u00e9 des proc\u00e9d\u00e9s historiques de la photographie. &nbsp;<\/p>\n","protected":false},"author":406,"featured_media":0,"parent":0,"menu_order":0,"comment_status":"closed","ping_status":"closed","template":"","meta":{"footnotes":""},"tags":[],"_links":{"self":[{"href":"https:\/\/portfolio.uqac.ca\/catherinetremblay\/wp-json\/wp\/v2\/pages\/46"}],"collection":[{"href":"https:\/\/portfolio.uqac.ca\/catherinetremblay\/wp-json\/wp\/v2\/pages"}],"about":[{"href":"https:\/\/portfolio.uqac.ca\/catherinetremblay\/wp-json\/wp\/v2\/types\/page"}],"author":[{"embeddable":true,"href":"https:\/\/portfolio.uqac.ca\/catherinetremblay\/wp-json\/wp\/v2\/users\/406"}],"replies":[{"embeddable":true,"href":"https:\/\/portfolio.uqac.ca\/catherinetremblay\/wp-json\/wp\/v2\/comments?post=46"}],"version-history":[{"count":6,"href":"https:\/\/portfolio.uqac.ca\/catherinetremblay\/wp-json\/wp\/v2\/pages\/46\/revisions"}],"predecessor-version":[{"id":228,"href":"https:\/\/portfolio.uqac.ca\/catherinetremblay\/wp-json\/wp\/v2\/pages\/46\/revisions\/228"}],"wp:attachment":[{"href":"https:\/\/portfolio.uqac.ca\/catherinetremblay\/wp-json\/wp\/v2\/media?parent=46"}],"wp:term":[{"taxonomy":"post_tag","embeddable":true,"href":"https:\/\/portfolio.uqac.ca\/catherinetremblay\/wp-json\/wp\/v2\/tags?post=46"}],"curies":[{"name":"wp","href":"https:\/\/api.w.org\/{rel}","templated":true}]}}