{"id":18,"date":"2021-06-09T08:53:27","date_gmt":"2021-06-09T12:53:27","guid":{"rendered":"http:\/\/portfolio-pre.uqac.ca\/gabarit\/?page_id=18"},"modified":"2023-09-21T08:25:31","modified_gmt":"2023-09-21T12:25:31","slug":"enseignement","status":"publish","type":"page","link":"https:\/\/portfolio.uqac.ca\/chantalesimard\/enseignement\/","title":{"rendered":"Enseignement"},"content":{"rendered":"<p>Au\u00a0<a href=\"https:\/\/www.uqac.ca\/programme\/7452\/\">baccalaur\u00e9at en sciences infirmi\u00e8res (volet int\u00e9gr\u00e9)<\/a>\u00a0et\/ou au\u00a0<a href=\"https:\/\/www.uqac.ca\/programme\/7450\/\">baccalaur\u00e9at en sciences infirmi\u00e8res (cheminement initial)<\/a>\u00a0:<\/p>\n<ul>\n<li><span style=\"line-height: 1.5;\"><a href=\"https:\/\/cours.uqac.ca\/SSOI324\">SSOI324\u00a0<\/a>:\u00a0Pratique infirmi\u00e8re orient\u00e9e vers la famille<\/span><\/li>\n<li>\u00a0<a href=\"https:\/\/cours.uqac.ca\/SSOI477\">SSOI477<\/a>\u00a0: Pratique infirmi\u00e8re en soins palliatifs<\/li>\n<li><a href=\"https:\/\/cours.uqac.ca\/SSOI176\">SSOI176<\/a>\u00a0:\u00a0Pratique infirmi\u00e8re en sant\u00e9 des jeunes<\/li>\n<\/ul>\n<p>\u00c0 la\u00a0<a href=\"https:\/\/www.uqac.ca\/programme\/3576-maitrise-en-sciences-infirmieres\/\">Ma\u00eetrise en sciences infirmi\u00e8res (profil recherche)<\/a>, \u00e0 la\u00a0<a href=\"https:\/\/www.uqac.ca\/programme\/2210\/\">Ma\u00eetrise en sciences infirmi\u00e8res (profil clinique)<\/a>\u00a0et au\u00a0<a href=\"https:\/\/www.uqac.ca\/programme\/2299\/\">Dipl\u00f4me d&#8217;\u00e9tudes sup\u00e9rieures sp\u00e9cialis\u00e9es en sciences infirmi\u00e8res (IPS soins de premi\u00e8re ligne)<\/a>\u00a0:<\/p>\n<ul>\n<li><span style=\"line-height: 1.5;\"><a href=\"https:\/\/cours.uqac.ca\/MSI6043S\">MSI6043S<\/a>\u00a0: Sant\u00e9 familiale et pratique infirmi\u00e8re avanc\u00e9e<\/span><\/li>\n<\/ul>\n","protected":false},"excerpt":{"rendered":"<p>Au\u00a0baccalaur\u00e9at en sciences infirmi\u00e8res (volet int\u00e9gr\u00e9)\u00a0et\/ou au\u00a0baccalaur\u00e9at en sciences infirmi\u00e8res (cheminement initial)\u00a0: SSOI324\u00a0:\u00a0Pratique infirmi\u00e8re orient\u00e9e vers la famille \u00a0SSOI477\u00a0: Pratique infirmi\u00e8re en soins palliatifs SSOI176\u00a0:\u00a0Pratique infirmi\u00e8re en sant\u00e9 des jeunes \u00c0 la\u00a0Ma\u00eetrise en sciences infirmi\u00e8res (profil recherche), \u00e0 la\u00a0Ma\u00eetrise en sciences infirmi\u00e8res (profil clinique)\u00a0et au\u00a0Dipl\u00f4me d&#8217;\u00e9tudes sup\u00e9rieures sp\u00e9cialis\u00e9es en sciences infirmi\u00e8res (IPS soins de premi\u00e8re &hellip; <a href=\"https:\/\/portfolio.uqac.ca\/chantalesimard\/enseignement\/\" class=\"more-link\">Continuer la lecture de <span class=\"screen-reader-text\">Enseignement<\/span>  <span class=\"meta-nav\">&rarr;<\/span><\/a><\/p>\n","protected":false},"author":319,"featured_media":0,"parent":0,"menu_order":0,"comment_status":"closed","ping_status":"closed","template":"","meta":{"footnotes":""},"tags":[],"_links":{"self":[{"href":"https:\/\/portfolio.uqac.ca\/chantalesimard\/wp-json\/wp\/v2\/pages\/18"}],"collection":[{"href":"https:\/\/portfolio.uqac.ca\/chantalesimard\/wp-json\/wp\/v2\/pages"}],"about":[{"href":"https:\/\/portfolio.uqac.ca\/chantalesimard\/wp-json\/wp\/v2\/types\/page"}],"author":[{"embeddable":true,"href":"https:\/\/portfolio.uqac.ca\/chantalesimard\/wp-json\/wp\/v2\/users\/319"}],"replies":[{"embeddable":true,"href":"https:\/\/portfolio.uqac.ca\/chantalesimard\/wp-json\/wp\/v2\/comments?post=18"}],"version-history":[{"count":9,"href":"https:\/\/portfolio.uqac.ca\/chantalesimard\/wp-json\/wp\/v2\/pages\/18\/revisions"}],"predecessor-version":[{"id":280,"href":"https:\/\/portfolio.uqac.ca\/chantalesimard\/wp-json\/wp\/v2\/pages\/18\/revisions\/280"}],"wp:attachment":[{"href":"https:\/\/portfolio.uqac.ca\/chantalesimard\/wp-json\/wp\/v2\/media?parent=18"}],"wp:term":[{"taxonomy":"post_tag","embeddable":true,"href":"https:\/\/portfolio.uqac.ca\/chantalesimard\/wp-json\/wp\/v2\/tags?post=18"}],"curies":[{"name":"wp","href":"https:\/\/api.w.org\/{rel}","templated":true}]}}