{"id":4,"date":"2021-06-09T08:53:27","date_gmt":"2021-06-09T12:53:27","guid":{"rendered":"http:\/\/portfolio-pre.uqac.ca\/gabarit\/?page_id=4"},"modified":"2024-11-11T11:42:09","modified_gmt":"2024-11-11T16:42:09","slug":"presentatio","status":"publish","type":"page","link":"https:\/\/portfolio.uqac.ca\/chantalesimard\/","title":{"rendered":"Pr\u00e9sentation"},"content":{"rendered":"<p>Chantale Simard est infirmi\u00e8re et professeure-chercheure au Module des sciences infirmi\u00e8res. Elle se sp\u00e9cialise dans la sant\u00e9 et la r\u00e9silience familiale en contexte de soins palliatifs, de fin de vie et de deuil. Ses recherches visent \u00e0 d\u00e9velopper des interventions cliniques interdisciplinaires qui am\u00e9liorent le bien-\u00eatre et la qualit\u00e9 de vie des personnes et des familles confront\u00e9es \u00e0 ces situations d\u00e9licates.<\/p>\n<p>La Pre Simard privil\u00e9gie des approches de recherche collaboratives et multidisciplinaires, travaillant en \u00e9troite collaboration avec divers professionnels de la sant\u00e9 et des services sociaux, ainsi que des personnes soign\u00e9es et leur famille, pour concevoir des solutions adapt\u00e9es \u00e0 leurs besoins. En tant que membre active du R\u00e9seau qu\u00e9b\u00e9cois de recherche en soins palliatifs et de fin de vie, elle contribue \u00e0 l\u2019avancement des connaissances et des pratiques dans ce domaine crucial, afin de fa\u00e7onner des soins plus empathiques et adapt\u00e9s aux d\u00e9fis contemporains de la fin de vie.<\/p>\n<hr \/>\n<p>Chantale Simard is a nurse and professor-researcher at the Module of Nursing Sciences. She specializes in family health and resilience in the context of palliative care, end-of-life situations, and bereavement. Her research aims to develop interdisciplinary clinical interventions that enhance the well-being and quality of life of individuals and families facing these delicate situations.<\/p>\n<p>Pr. Simard prioritizes collaborative and multidisciplinary research approaches, working closely with various healthcare and social service professionals, as well as patients and their families, to design solutions tailored to their needs. As an active member of the Quebec Network for Research in Palliative Care and End of Life, she contributes to advancing knowledge and practices in this crucial field, aiming to shape more empathetic and appropriate care for contemporary end-of-life challenges.<\/p>\n<h2>Champs d&#8217;int\u00e9r\u00eat<\/h2>\n<ul>\n<li>Soins oncologiques et palliatifs, deuil (enfants et adultes)<\/li>\n<li>Sant\u00e9 et r\u00e9silience familiales<\/li>\n<li>Approche de soins centr\u00e9e sur les forces<\/li>\n<li>Approche collaborative (personne soign\u00e9e\/familles, \u00e9quipe interdisciplinaire, gestionnaires, chercheurs)<\/li>\n<li>\u00c9laboration et \u00e9valuation d\u2019interventions cliniques<\/li>\n<li>D\u00e9veloppement de la pratique infirmi\u00e8re<\/li>\n<\/ul>\n","protected":false},"excerpt":{"rendered":"<p>Chantale Simard est infirmi\u00e8re et professeure-chercheure au Module des sciences infirmi\u00e8res. Elle se sp\u00e9cialise dans la sant\u00e9 et la r\u00e9silience familiale en contexte de soins palliatifs, de fin de vie et de deuil. Ses recherches visent \u00e0 d\u00e9velopper des interventions cliniques interdisciplinaires qui am\u00e9liorent le bien-\u00eatre et la qualit\u00e9 de vie des personnes et des &hellip; <a href=\"https:\/\/portfolio.uqac.ca\/chantalesimard\/\" class=\"more-link\">Continuer la lecture de <span class=\"screen-reader-text\">Pr\u00e9sentation<\/span>  <span class=\"meta-nav\">&rarr;<\/span><\/a><\/p>\n","protected":false},"author":319,"featured_media":0,"parent":0,"menu_order":0,"comment_status":"closed","ping_status":"closed","template":"","meta":{"footnotes":""},"tags":[],"_links":{"self":[{"href":"https:\/\/portfolio.uqac.ca\/chantalesimard\/wp-json\/wp\/v2\/pages\/4"}],"collection":[{"href":"https:\/\/portfolio.uqac.ca\/chantalesimard\/wp-json\/wp\/v2\/pages"}],"about":[{"href":"https:\/\/portfolio.uqac.ca\/chantalesimard\/wp-json\/wp\/v2\/types\/page"}],"author":[{"embeddable":true,"href":"https:\/\/portfolio.uqac.ca\/chantalesimard\/wp-json\/wp\/v2\/users\/319"}],"replies":[{"embeddable":true,"href":"https:\/\/portfolio.uqac.ca\/chantalesimard\/wp-json\/wp\/v2\/comments?post=4"}],"version-history":[{"count":19,"href":"https:\/\/portfolio.uqac.ca\/chantalesimard\/wp-json\/wp\/v2\/pages\/4\/revisions"}],"predecessor-version":[{"id":298,"href":"https:\/\/portfolio.uqac.ca\/chantalesimard\/wp-json\/wp\/v2\/pages\/4\/revisions\/298"}],"wp:attachment":[{"href":"https:\/\/portfolio.uqac.ca\/chantalesimard\/wp-json\/wp\/v2\/media?parent=4"}],"wp:term":[{"taxonomy":"post_tag","embeddable":true,"href":"https:\/\/portfolio.uqac.ca\/chantalesimard\/wp-json\/wp\/v2\/tags?post=4"}],"curies":[{"name":"wp","href":"https:\/\/api.w.org\/{rel}","templated":true}]}}