{"id":46,"date":"2021-06-09T08:53:27","date_gmt":"2021-06-09T12:53:27","guid":{"rendered":"http:\/\/portfolio-pre.uqac.ca\/gabarit\/?page_id=46"},"modified":"2024-11-11T11:42:48","modified_gmt":"2024-11-11T16:42:48","slug":"recherche","status":"publish","type":"page","link":"https:\/\/portfolio.uqac.ca\/chantalesimard\/recherche\/","title":{"rendered":"Recherche"},"content":{"rendered":"<p><strong>Instituts de recherche en sant\u00e9 du Canada (IRSC)\u00a0(2024\u20132028)<\/strong><br \/>\nProjet : <em>RENDRE VISIBLES LES ORPHELINS AU CANADA : \u00c9tude interdisciplinaire sur la sant\u00e9 et les besoins des jeunes qui ont perdu par d\u00e9c\u00e8s un ou deux de leurs parents<br \/>\n<\/em>Cochercheure<\/p>\n<p><strong>Fonds de recherche du Qu\u00e9bec- Soci\u00e9t\u00e9 et culture (FRQSC)\u00a0(2024-2027)<\/strong><br \/>\n<em>Projet de recherche \/ Actions concert\u00e9es \/ Mieux comprendre le recours \u00e0 l&#8217;aide m\u00e9dicale \u00e0 mourir en contexte qu\u00e9b\u00e9cois<br \/>\n<\/em>Cochercheure<\/p>\n<p><strong>R\u00e9seau qu\u00e9b\u00e9cois de recherche en soins palliatifs et de fin de vie (RQSPAL) (2024-2026)<\/strong><br \/>\nProjet :<em> \u00c9tude exploratoire sur l&#8217;\u00e9mergence d&#8217;une communaut\u00e9 de pratique et d&#8217;apprentissage en soins palliatifs p\u00e9diatriques<br \/>\n<\/em>Chercheure principale<\/p>\n<p><strong>R\u00e9seau intersectoriel de recherche en sant\u00e9 de l\u2019Universit\u00e9 du Qu\u00e9bec (RISUQ) (2022-2023)<\/strong><br \/>\nProjet : <em>Exploration longitudinale des d\u00e9terminants individuels qui caract\u00e9risent la s\u00e9v\u00e9rit\u00e9 des difficult\u00e9s physiques et fonctionnelles v\u00e9cues par les personnes atteintes d\u2019un cancer du syst\u00e8me digestif selon leur niveau de qualit\u00e9 de vie per\u00e7u \u2013 Projet Pilote<\/em>.<br \/>\nCo-chercheure<\/p>\n<p><strong>R\u00e9seau intersectoriel de recherche en sant\u00e9 de l\u2019Universit\u00e9 du Qu\u00e9bec (RISUQ) (2022-2023)<\/strong><br \/>\nProjet : <em>Co\u00fbtDeuil : D\u00e9veloppement et validation d\u2019un outil num\u00e9rique de mesure des co\u00fbts de la trajectoire des personnes endeuill\u00e9es.<\/em><br \/>\nCo-chercheure<\/p>\n<p><strong>Instituts de recherche en sant\u00e9 du Canada (IRSC) (2021-2024)<\/strong><br \/>\nProjet\u00a0: <em>Les r\u00e9percussions sur la sant\u00e9 de la perte d&#8217;un proche en temps de pand\u00e9mie : trajectoires de deuil et r\u00e9percussions sur la sant\u00e9 biopsychosociospirituelle des circonstances du d\u00e9c\u00e8s et des restrictions \u00e0 l&#8217;accompagnement des mourants et aux rituels fun\u00e9raires\u00a0<\/em><br \/>\nCo-chercheure<\/p>\n<p><strong>Programme de soutien au d\u00e9veloppement de la mission universitaire du Centre int\u00e9gr\u00e9 universitaire de sant\u00e9 et de services sociaux du Saguenay-Lac-Saint-Jean (CIUSSS SLSJ) (2021-2023)<\/strong><br \/>\nProjet :\u00a0<em>\u00c9tude r\u00e9trospective de la d\u00e9tresse psychologique et des besoins biopsychosociaux des patients trait\u00e9s pour un cancer en radioth\u00e9rapie au CIUSSS du Saguenay-Lac-St-Jean (SLSJ)<\/em><br \/>\nCo-chercheure<\/p>\n<p><strong>R\u00e9seau intersectoriel de recherche en sant\u00e9 de l\u2019Universit\u00e9 du Qu\u00e9bec (RISUQ) (2020-2021)<\/strong><br \/>\nProjet\u00a0: <em>\u00ab\u00a0Mort et Deuil sous COVID: Deuil et sant\u00e9 mentale en situation restrictive de l\u2019accompagnement des malades et des rites\u00a0\u00bb<\/em><br \/>\nCo-chercheure<\/p>\n<p><strong>R\u00e9seau qu\u00e9b\u00e9cois de recherche en soins palliatifs et de fin de vie (RSPAL) (2020-2021)<\/strong><br \/>\nProjet\u00a0: \u00ab\u00a0<em>Volet qu\u00e9b\u00e9cois d\u2019un registre national de soins palliatifs pour les patients\u00a0<\/em><em>atteints de la COVID-19<\/em>\u00a0\u00bb<br \/>\nCo-chercheure<\/p>\n<p><strong>RQSPAL (2020-2021)<\/strong><br \/>\nProjet\u00a0: \u00ab\u00a0<em>Plateforme de ressources communes : le projet Transition\u00a0\u00bb<\/em><br \/>\nCo-chercheure<\/p>\n<p><strong>R\u00e9seau de recherche en interventions en sciences infirmi\u00e8res du Qu\u00e9bec (RRISIQ) (2019-2021)<\/strong><br \/>\nProjet\u00a0: \u00ab\u00a0<em>\u00c9valuation de la d\u00e9marche d\u2019harmonisation des pratiques cliniques et d\u2019optimisation de l\u2019\u00e9tendue de la pratique des infirmi\u00e8res au CIUSSS du Saguenay-Lac-Saint-Jean <\/em>\u00bb<br \/>\nCo-chercheure<\/p>\n<p><strong>Fondation de l\u2019Universit\u00e9 du Qu\u00e9bec \u00e0 Chicoutimi (FUQAC) (2019-2023)<\/strong><br \/>\nProjet\u00a0: \u00ab\u00a0<em>\u00c9valuation de la d\u00e9marche d\u2019harmonisation des pratiques cliniques et d\u2019optimisation de l\u2019\u00e9tendue de la pratique des infirmi\u00e8res au CIUSSS du Saguenay-Lac-Saint-Jean <\/em>\u00bb<br \/>\nChercheure principale<\/p>\n<p><strong>Leucan (2016-2021)<\/strong><br \/>\nProjet : \u00ab \u00c9laboration et \u00e9valuation d\u2019un programme d\u2019interventions cliniques interdisciplinaire (PICI) favorisant la pr\u00e9vention et le r\u00e9tablissement de s\u00e9quelles biopsychosociales chez l\u2019enfant atteint de cancer et sa famille \u00bb<br \/>\nChercheure principale<\/p>\n<p>&nbsp;<\/p>\n","protected":false},"excerpt":{"rendered":"<p>Instituts de recherche en sant\u00e9 du Canada (IRSC)\u00a0(2024\u20132028) Projet : RENDRE VISIBLES LES ORPHELINS AU CANADA : \u00c9tude interdisciplinaire sur la sant\u00e9 et les besoins des jeunes qui ont perdu par d\u00e9c\u00e8s un ou deux de leurs parents Cochercheure Fonds de recherche du Qu\u00e9bec- Soci\u00e9t\u00e9 et culture (FRQSC)\u00a0(2024-2027) Projet de recherche \/ Actions concert\u00e9es \/ &hellip; <a href=\"https:\/\/portfolio.uqac.ca\/chantalesimard\/recherche\/\" class=\"more-link\">Continuer la lecture de <span class=\"screen-reader-text\">Recherche<\/span>  <span class=\"meta-nav\">&rarr;<\/span><\/a><\/p>\n","protected":false},"author":319,"featured_media":0,"parent":0,"menu_order":0,"comment_status":"closed","ping_status":"closed","template":"","meta":{"footnotes":""},"tags":[],"_links":{"self":[{"href":"https:\/\/portfolio.uqac.ca\/chantalesimard\/wp-json\/wp\/v2\/pages\/46"}],"collection":[{"href":"https:\/\/portfolio.uqac.ca\/chantalesimard\/wp-json\/wp\/v2\/pages"}],"about":[{"href":"https:\/\/portfolio.uqac.ca\/chantalesimard\/wp-json\/wp\/v2\/types\/page"}],"author":[{"embeddable":true,"href":"https:\/\/portfolio.uqac.ca\/chantalesimard\/wp-json\/wp\/v2\/users\/319"}],"replies":[{"embeddable":true,"href":"https:\/\/portfolio.uqac.ca\/chantalesimard\/wp-json\/wp\/v2\/comments?post=46"}],"version-history":[{"count":14,"href":"https:\/\/portfolio.uqac.ca\/chantalesimard\/wp-json\/wp\/v2\/pages\/46\/revisions"}],"predecessor-version":[{"id":299,"href":"https:\/\/portfolio.uqac.ca\/chantalesimard\/wp-json\/wp\/v2\/pages\/46\/revisions\/299"}],"wp:attachment":[{"href":"https:\/\/portfolio.uqac.ca\/chantalesimard\/wp-json\/wp\/v2\/media?parent=46"}],"wp:term":[{"taxonomy":"post_tag","embeddable":true,"href":"https:\/\/portfolio.uqac.ca\/chantalesimard\/wp-json\/wp\/v2\/tags?post=46"}],"curies":[{"name":"wp","href":"https:\/\/api.w.org\/{rel}","templated":true}]}}