{"id":18,"date":"2012-07-23T20:05:15","date_gmt":"2012-07-23T20:05:15","guid":{"rendered":"http:\/\/portfolio-pre.uqac.ca\/gabarit\/?page_id=18"},"modified":"2022-09-08T21:08:24","modified_gmt":"2022-09-09T01:08:24","slug":"enseignement","status":"publish","type":"page","link":"https:\/\/portfolio.uqac.ca\/christianbelanger\/enseignement\/","title":{"rendered":"Enseignement"},"content":{"rendered":"<p style=\"text-align: justify\"><strong>ENSEIGNEMENT (CHARGES DE COURS)<\/strong><\/p>\n<ul style=\"text-align: justify\">\n<li><strong><a href=\"https:\/\/cours.uqac.ca\/ddr9022\">DDR9022<\/a><\/strong>: M\u00e9thodes de recherche en d\u00e9v. r\u00e9gional (A 2022)<\/li>\n<li><a href=\"https:\/\/cours.uqac.ca\/4ESR836\"><strong>4ESR836\u00a0<\/strong><\/a>: D\u00e9veloppement durable et territoires (A 2022)<\/li>\n<li><strong><a href=\"https:\/\/cours.uqac.ca\/4ESR817\">4ESR817<\/a><\/strong>: R\u00e9gion et identit\u00e9 culturelle (A 2022)<\/li>\n<li><strong><a href=\"https:\/\/cours.uqac.ca\/4SOC125\">4SOC125<\/a>\u00a0:<\/strong>\u00a0Sociologie classique (A 2022)<\/li>\n<li><strong><a href=\"https:\/\/cours.uqac.ca\/DDR9002\">DDR9002\u00a0<\/a>:\u00a0<\/strong>Probl\u00e8mes actuels d\u00e9veloppement r\u00e9gional (H 2022)<\/li>\n<li><strong><a href=\"https:\/\/cours.uqac.ca\/4SOC116\">4SOC116<\/a><\/strong>: Sociologie de l&#8217;environnement (H 2022)<\/li>\n<li><a href=\"https:\/\/cours.uqac.ca\/4SOC219\"><strong>4SOC219\u00a0<\/strong><\/a>: Sociologie de la vie quotidienne (H 2022)<\/li>\n<li><a href=\"https:\/\/cours.uqac.ca\/4SOC322\"><strong>4SOC322 <\/strong><\/a>: Sociologie des organisations (A 2021)<\/li>\n<li><a href=\"https:\/\/cours.uqac.ca\/4ESR820\"><strong>4ESR820:<\/strong><\/a> Th\u00e9orie et pratique du changement social (A 2021)<\/li>\n<li><strong><a href=\"https:\/\/cours.uqac.ca\/4SOC134\">4SOC134 <\/a>:<\/strong> Approches contemporaines en sociologie (H 2021)<\/li>\n<li><strong><a href=\"https:\/\/cours.uqac.ca\/DDR9002\">DDR9002 <\/a>: <\/strong>Probl\u00e8mes actuels d\u00e9veloppement r\u00e9gional (H 2021)<\/li>\n<li><a href=\"https:\/\/cours.uqac.ca\/4SOC223\"><strong>4SOC223<\/strong><\/a>: D\u00e9marches d&#8217;inter. aupr\u00e8s des communaut\u00e9s (A 2020)<\/li>\n<li><a href=\"https:\/\/cours.uqac.ca\/4ESR820\"><strong>4ESR820:<\/strong><\/a> Th\u00e9orie et pratique du changement social (A 2020)<\/li>\n<li><a href=\"https:\/\/cours.uqac.ca\/4ESR836\"><strong>4ESR836 <\/strong><\/a>: D\u00e9veloppement durable et territoires (A 2020)<\/li>\n<li><strong><a href=\"https:\/\/cours.uqac.ca\/4SOC116\">4SOC116<\/a><\/strong>: Sociologie de l&#8217;environnement (H 2020)<\/li>\n<li><strong><a href=\"https:\/\/cours.uqac.ca\/DDR9002\">DDR9002 <\/a>: <\/strong>Probl\u00e8mes actuels d\u00e9veloppement r\u00e9gional (H 2020)<\/li>\n<li><a href=\"https:\/\/cours.uqac.ca\/4ESR820\"><strong>4ESR820:<\/strong><\/a> Th\u00e9orie et pratique du changement social (A 2019)<\/li>\n<li><a href=\"https:\/\/cours.uqac.ca\/4ESR859\"><strong>4ESR859 <\/strong><\/a>: Pol. publiques et institutions territoriales (A 2019)<\/li>\n<li><strong><a href=\"https:\/\/cours.uqac.ca\/4PLU200\">4PLU200 <\/a>:<\/strong> Introduction m\u00e9thodes de recherches (A 2019)<\/li>\n<li><strong><a href=\"https:\/\/cours.uqac.ca\/DDR9002\">DDR9002 <\/a>: <\/strong>Probl\u00e8mes actuels d\u00e9veloppement r\u00e9gional (H 2019)<\/li>\n<li><strong><a href=\"https:\/\/cours.uqac.ca\/4PLU540\">4PLU540<\/a> :<\/strong> Qu\u00e9bec d&#8217;aujourd&#8217;hui (H 2019)<\/li>\n<li><a href=\"https:\/\/cours.uqac.ca\/4SOC134\"><strong>4SOC134 <\/strong><\/a>: Approches contemporaines en sociologie (H 2019)<\/li>\n<li><strong><a href=\"https:\/\/cours.uqac.ca\/4SOC125\">4SOC125<\/a> :<\/strong> Sociologie classique (A 2018)<\/li>\n<li><strong><a href=\"https:\/\/cours.uqac.ca\/4PLU200\">4PLU200 <\/a>:<\/strong> Introduction m\u00e9thodes de recherches (A 2018)<\/li>\n<li><a href=\"https:\/\/cours.uqac.ca\/4ESR836\"><strong>4ESR836 <\/strong><\/a>: D\u00e9veloppement durable et territoires (H 2018)<\/li>\n<li><a href=\"https:\/\/cours.uqac.ca\/4SOC219\"><strong>4SOC219 <\/strong><\/a>: Sociologie de la vie quotidienne (H 2018)<\/li>\n<li><a href=\"https:\/\/cours.uqac.ca\/4SOC322\"><strong>4SOC322 <\/strong><\/a>: Sociologie des organisations (H 2018)<\/li>\n<li><a href=\"https:\/\/cours.uqac.ca\/4ESR859\"><strong>4ESR859 <\/strong><\/a>: Pol. publiques et institutions territoriales (A 2017)<\/li>\n<li><a href=\"https:\/\/cours.uqac.ca\/4SOC133\"><strong>4SOC133 <\/strong><\/a>: Syst\u00e8me social (A 2017)<\/li>\n<li><a href=\"https:\/\/cours.uqac.ca\/4SOC305\"><strong>4SOC305 <\/strong><\/a>: \u00c9con. pol. des communications de masse (A 2017)<\/li>\n<li><a href=\"https:\/\/cours.uqac.ca\/4SOC134\"><strong>4SOC134 <\/strong><\/a>: Approches contemporaines en sociologie (H 2017)<\/li>\n<li><a href=\"https:\/\/etudier.uqo.ca\/cours\/DEV6153\"><strong>DEV6153<\/strong><\/a> : D\u00e9veloppement \u00e9conomique territorial (A 2016)<\/li>\n<li><a href=\"https:\/\/cours.uqac.ca\/4SOC125\"><strong>4SOC125 <\/strong><\/a>: Sociologie classique (A 2016)<\/li>\n<li><a href=\"https:\/\/cours.uqac.ca\/4ESR868\"><strong>4ESR868<\/strong><\/a> : D\u00e9veloppement r\u00e9gional durable (H 2016)<\/li>\n<li><strong><a href=\"https:\/\/cours.uqac.ca\/4SOC222\">4SOC222<\/a> <\/strong> : Sociologie des org. et des communications (A 2015)<\/li>\n<li><strong><a href=\"https:\/\/cours.uqac.ca\/4ESR810\">4ESR810<\/a><\/strong> :Th\u00e9orie et pratique du changement social (A 2015)<\/li>\n<li><strong><a href=\"https:\/\/cours.uqac.ca\/4SOL103\">4SOL103<\/a><\/strong> : Syst\u00e8me social (H 2015)<\/li>\n<li><strong><a href=\"https:\/\/cours.uqac.ca\/4SOL119\">4SOL119<\/a><\/strong> : Sociologie de la vie quotidienne (A 2014)<\/li>\n<li><strong><a href=\"https:\/\/cours.uqac.ca\/4ESR810\">4ESR810<\/a><\/strong> : Th\u00e9orie et pratique du changement social (A 2014)<\/li>\n<li><span style=\"line-height: 1.5\"><strong><a href=\"https:\/\/cours.uqac.ca\/4ESR864\">4ESR864 <\/a><\/strong> : Analyse des ins. admin. locales et r\u00e9gionales (H 2014)<\/span><\/li>\n<li><strong><a href=\"https:\/\/cours.uqac.ca\/4ESR868\">4ESR868 <\/a><\/strong> : D\u00e9veloppement r\u00e9gional durable (H 2013)<\/li>\n<li>ENP7120 : Analyse des ins. admin. locales et r\u00e9gionales (A 2011)<\/li>\n<li><span style=\"line-height: 1.5\"><strong><a href=\"https:\/\/cours.uqac.ca\/4ESR864\">4ESR864 <\/a><\/strong> : Analyse des ins. admin. locales et r\u00e9gionales (A 2011)<br \/>\n<\/span><\/li>\n<li><span style=\"line-height: 1.5\"><strong><a href=\"https:\/\/cours.uqac.ca\/4ESR852\">4ESR852<\/a><\/strong> : M\u00e9tho. d\u2019intervention en milieu r\u00e9gional <\/span><span style=\"line-height: 1.5\">(A 2007)<br \/>\n<\/span><\/li>\n<\/ul>\n<p style=\"text-align: justify\"><strong>SUPERVISION (STAGIAIRES)<br \/>\n<\/strong><\/p>\n<ul style=\"text-align: justify\">\n<li><strong><a href=\"https:\/\/cours.uqac.ca\/4SOC306\">4SOC306<\/a><\/strong>: Stage d&#8217;intervention (sociologie appliqu\u00e9e) (A 2022)<\/li>\n<li><strong><a href=\"https:\/\/cours.uqac.ca\/4SOC306\">4SOC306<\/a><\/strong>: Stage d&#8217;intervention (sociologie appliqu\u00e9e) (A 2022)<\/li>\n<li><strong><a href=\"https:\/\/cours.uqac.ca\/4ESR878\">4ESR878<\/a><\/strong>: Rapport de stage (MEIR) (A 2022)<\/li>\n<li><strong><a href=\"https:\/\/cours.uqac.ca\/4ESR877\">4ESR877<\/a><\/strong>: Projet de stage dans le milieu (MEIR)\u00a0 (E 2022)<\/li>\n<li><strong><a href=\"https:\/\/cours.uqac.ca\/4ESR876\">4ESR876<\/a><\/strong>: S\u00e9minaire de projet d&#8217;intervention (MEIR)\u00a0(H 2022)<\/li>\n<li><strong><a href=\"https:\/\/cours.uqac.ca\/4SOC306\">4SOC306<\/a><\/strong>: Stage d&#8217;intervention (sociologie appliqu\u00e9e) (H 2022)<\/li>\n<li><strong><a href=\"https:\/\/cours.uqac.ca\/4SOC306\">4SOC306<\/a><\/strong>: Stage d&#8217;intervention (sociologie appliqu\u00e9e) (A 2021)<\/li>\n<li><strong><a href=\"https:\/\/cours.uqac.ca\/4SOC306\">4SOC306<\/a><\/strong>: Stage d&#8217;intervention (sociologie appliqu\u00e9e) (E 2021)<\/li>\n<li><strong><a href=\"https:\/\/cours.uqac.ca\/4SOC306\">4SOC306<\/a><\/strong>: Stage d&#8217;intervention (sociologie appliqu\u00e9e) (H 2021)<\/li>\n<li><strong><a href=\"https:\/\/cours.uqac.ca\/4SOC306\">4SOC306<\/a><\/strong>: Stage d&#8217;intervention (sociologie appliqu\u00e9e) (A 2020)<\/li>\n<li><strong><a href=\"https:\/\/cours.uqac.ca\/4SOC306\">4SOC306<\/a><\/strong>: Stage d&#8217;intervention (sociologie appliqu\u00e9e) (H 2020)<\/li>\n<li><a href=\"https:\/\/cours.uqac.ca\/4GSO106\"><strong>4GSO106<\/strong><\/a> : Stage en sociologie ou en anthropologie (A 2017)<\/li>\n<li><a href=\"https:\/\/cours.uqac.ca\/4GSO106\"><strong>4GSO106<\/strong><\/a> : Stage en sociologie ou en anthropologie (H 2017)<\/li>\n<li><a href=\"https:\/\/cours.uqac.ca\/4GSO106\"><strong>4GSO106<\/strong><\/a> : Stage en sociologie ou en anthropologie (H 2016)<\/li>\n<li><a href=\"https:\/\/cours.uqac.ca\/4GSO106\"><strong>4GSO106<\/strong><\/a> : Stage en sociologie ou en anthropologie (H 2016)<\/li>\n<li><a href=\"https:\/\/cours.uqac.ca\/4COM150\"><strong>4COM150<\/strong><\/a> : Projet d&#8217;intervention en comm. appliqu\u00e9e (H 2016)<\/li>\n<li><a href=\"https:\/\/cours.uqac.ca\/4COM150\"><strong>4COM150<\/strong><\/a> : Projet d&#8217;intervention en comm. appliqu\u00e9e (A 2015)<\/li>\n<\/ul>\n<p style=\"text-align: justify\"><strong>\u00c9VALUATION (M\u00c9MOIRE ET DEMANDE DE STAGE)<br \/>\n<\/strong><\/p>\n<ul>\n<li style=\"text-align: justify\"><strong>Rapport de stage<\/strong> de ma\u00eetrise en \u00e9tudes et interventions r\u00e9gionales: <em>L\u2019int\u00e9gration des immigrants dans la r\u00e9gion du Saguenay-Lac-Saint-Jean comme facteur de d\u00e9veloppement et de diversit\u00e9 culturelle pour un vivre ensemble durable<\/em> (Willy-Achille Nguimgou) (E 2021)<\/li>\n<li style=\"text-align: justify\"><strong><a href=\"https:\/\/cours.uqac.ca\/4ESR878\">Rapport de stage<\/a><\/strong> de ma\u00eetrise en \u00e9tudes et interventions r\u00e9gionales: <a href=\"https:\/\/eweb.uqac.ca\/bibliotheque\/archives\/travaux\/032341151.pdf\">la r\u00e9duction du gaspillage alimentaire \u00e0 Saguenay<\/a> (Liana Razanamparany) (H 2020)<\/li>\n<li style=\"text-align: justify\"><strong><a href=\"https:\/\/cours.uqac.ca\/4RECHER\">M\u00e9moire<\/a><\/strong> de ma\u00eetrise en travail social: <a href=\"https:\/\/constellation.uqac.ca\/4432\/\">Participation sociale et personnes immigrantes du SLSJ<\/a> (Pier-Olivier Bouchard) (A 2017)<\/li>\n<li style=\"text-align: justify\"><strong><a href=\"https:\/\/www.mitacs.ca\/fr\/programmes\/acceleration\">Mitacs Acc\u00e9l\u00e9ration<\/a><\/strong> : \u00c9valuateur demande de stage (2018\/05)<\/li>\n<li style=\"text-align: justify\"><strong><a href=\"https:\/\/www.mitacs.ca\/fr\/programmes\/acceleration\">Mitacs Acc\u00e9l\u00e9ration<\/a><\/strong> : \u00c9valuateur demande de stage (2017\/01)<\/li>\n<li style=\"text-align: justify\"><strong><a href=\"https:\/\/www.mitacs.ca\/fr\/programmes\/acceleration\">Mitacs Acc\u00e9l\u00e9ration<\/a><\/strong> : \u00c9valuateur demande de stage (2016\/01)<\/li>\n<\/ul>\n<p>&nbsp;<\/p>\n","protected":false},"excerpt":{"rendered":"<p>ENSEIGNEMENT (CHARGES DE COURS) DDR9022: M\u00e9thodes de recherche en d\u00e9v. r\u00e9gional (A 2022) 4ESR836\u00a0: D\u00e9veloppement durable et territoires (A 2022) 4ESR817: R\u00e9gion et identit\u00e9 culturelle (A 2022) 4SOC125\u00a0:\u00a0Sociologie classique (A 2022) DDR9002\u00a0:\u00a0Probl\u00e8mes actuels d\u00e9veloppement r\u00e9gional (H 2022) 4SOC116: Sociologie de l&#8217;environnement (H 2022) 4SOC219\u00a0: Sociologie de la vie quotidienne (H 2022) 4SOC322 : Sociologie des &hellip; <a href=\"https:\/\/portfolio.uqac.ca\/christianbelanger\/enseignement\/\" class=\"more-link\">Continuer la lecture de <span class=\"screen-reader-text\">Enseignement<\/span>  <span class=\"meta-nav\">&rarr;<\/span><\/a><\/p>\n","protected":false},"author":140,"featured_media":0,"parent":0,"menu_order":0,"comment_status":"closed","ping_status":"closed","template":"","meta":{"footnotes":""},"tags":[9,7,6,10,8],"_links":{"self":[{"href":"https:\/\/portfolio.uqac.ca\/christianbelanger\/wp-json\/wp\/v2\/pages\/18"}],"collection":[{"href":"https:\/\/portfolio.uqac.ca\/christianbelanger\/wp-json\/wp\/v2\/pages"}],"about":[{"href":"https:\/\/portfolio.uqac.ca\/christianbelanger\/wp-json\/wp\/v2\/types\/page"}],"author":[{"embeddable":true,"href":"https:\/\/portfolio.uqac.ca\/christianbelanger\/wp-json\/wp\/v2\/users\/140"}],"replies":[{"embeddable":true,"href":"https:\/\/portfolio.uqac.ca\/christianbelanger\/wp-json\/wp\/v2\/comments?post=18"}],"version-history":[{"count":46,"href":"https:\/\/portfolio.uqac.ca\/christianbelanger\/wp-json\/wp\/v2\/pages\/18\/revisions"}],"predecessor-version":[{"id":323,"href":"https:\/\/portfolio.uqac.ca\/christianbelanger\/wp-json\/wp\/v2\/pages\/18\/revisions\/323"}],"wp:attachment":[{"href":"https:\/\/portfolio.uqac.ca\/christianbelanger\/wp-json\/wp\/v2\/media?parent=18"}],"wp:term":[{"taxonomy":"post_tag","embeddable":true,"href":"https:\/\/portfolio.uqac.ca\/christianbelanger\/wp-json\/wp\/v2\/tags?post=18"}],"curies":[{"name":"wp","href":"https:\/\/api.w.org\/{rel}","templated":true}]}}