{"id":20,"date":"2012-07-23T20:20:59","date_gmt":"2012-07-23T20:20:59","guid":{"rendered":"http:\/\/portfolio-pre.uqac.ca\/gabarit\/?page_id=20"},"modified":"2022-05-09T11:32:50","modified_gmt":"2022-05-09T15:32:50","slug":"publications","status":"publish","type":"page","link":"https:\/\/portfolio.uqac.ca\/christianbelanger\/publications\/","title":{"rendered":"Publications"},"content":{"rendered":"<ul>\n<li style=\"text-align: justify\"><em><strong>B\u00e9langer, C. (2019). <\/strong>Les ateliers d\u2019animation et de formation en sociologie appliqu\u00e9e : une strat\u00e9gie d\u2019\u00e9ducation populaire de la communaut\u00e9<\/em>. Sous la direction de Tremblay, P-A., Tremblay, S. et Tremblay. S. (\u00c9ds). Paru dans Au-del\u00e0 du cynisme, r\u00e9inventer l\u2019avenir des communaut\u00e9s. Chicoutimi : GRIR. (Auteur)<em><strong><br \/>\n<\/strong><\/em><\/li>\n<li style=\"text-align: justify\"><em><strong>B\u00e9langer, C. et Girard, J. (2017).<\/strong> Le vivre-ensemble et l\u2019action collective : le cas du collectif Coexister au Saguenay-Lac-Saint-Jean<\/em>. Sous la direction de Fall, M., Maltais, D. et Tremblay, S. (\u00c9ds). Paru dans Vivre-ensemble dans les r\u00e9gions du Qu\u00e9bec : d\u00e9fis et enjeux contemporains. Chicoutimi : GRIR. (Co-auteur)<\/li>\n<li style=\"text-align: justify\"><em><strong>B\u00e9langer, C. (2016). <\/strong><a href=\"https:\/\/constellation.uqac.ca\/4699\/\">L\u2019aust\u00e9rit\u00e9, entre perte et blocage de l\u2019apprentissage collectif<\/a>.<\/em> Sous la direction de Roche, M. Tremblay, S. et Maltais, M. (\u00c9ds). Paru dans Aust\u00e9rit\u00e9 budg\u00e9taire et d\u00e9mocratie : quels enjeux pour les r\u00e9gions ?. Chicoutimi : GRIR (Auteur)<\/li>\n<li style=\"text-align: justify\"><em><strong>B\u00e9langer, C. (2015).<\/strong> <a href=\"https:\/\/constellation.uqac.ca\/4112\/\">Apprentissage collectif, innovation et fonctions territorialis\u00e9es de soutien au d\u00e9veloppement : d\u00e9finition, dimensions et influence<\/a>. <\/em>Chicoutimi : GRIR (Auteur)<\/li>\n<li style=\"text-align: justify\"><em><strong>B\u00e9langer, C., Stecq, H. et Tremblay, S. (2015). <\/strong><a href=\"https:\/\/www.mamrot.gouv.qc.ca\/fileadmin\/publications\/sommet_economique_regional_2015\/14_Memoire_Groupe_recherche_intervention_regionales_UQAC.pdf\">M\u00e9moire pr\u00e9sent\u00e9 par des membres du Groupe de recherche et d\u2019intervention r\u00e9gionales<\/a>. <\/em>Sommet \u00e9conomique r\u00e9gional. Alma : GRIR. (Co-auteur)<\/li>\n<li style=\"text-align: justify\"><em><strong>B\u00e9langer, C. (2013). <\/strong><a href=\"https:\/\/constellation.uqac.ca\/2738\/\">L&#8217;analyse du processus d&#8217;apprentissage collectif, ses influences et ses impacts au sein des fili\u00e8res \u00e9nerg\u00e9tiques du Saguenay-Lac-Saint-Jean<\/a>.<\/em> Th\u00e8se. Chicoutimi : UQAC. (Auteur)<\/li>\n<li style=\"text-align: justify\"><em><strong>Proulx et coll. (2009).<\/strong> <\/em>La cr\u00e9ativit\u00e9 dans le soutien territorial \u00e0 l\u2019innovation au Qu\u00e9bec. Le r\u00f4le des catalyseurs des cercles de cr\u00e9ativit\u00e9. Rapport r\u00e9dig\u00e9 par l\u2019\u00e9quipe de recherche du CRDT. 204 p. (Collaborateur)<\/li>\n<li style=\"text-align: justify\"><strong><em>Proulx et coll. (2007)<\/em>.<\/strong> L\u2019enjeu de l\u2019\u00e9nergie au Saguenay-Lac-Saint-Jean. Rapport interm\u00e9diaire du Forum r\u00e9gional de Vision 2025 du 31 ao\u00fbt 2007. 59 p. (Collaborateur)<\/li>\n<li style=\"text-align: justify\"><em><strong>B\u00e9langer, C. (2005). <\/strong><a href=\"https:\/\/revues.uqac.ca\/index.php\/revueot\/article\/view\/630\">Pour un portail de veille informationnelle<\/a>. <\/em>Revue Organisations &amp; Territoires, 14(2), 77-82. https:\/\/doi.org\/10.1522\/revueot.v14n2.630 (Auteur)<\/li>\n<li style=\"text-align: justify\"><em><strong>B\u00e9langer, C. (2004). <\/strong><a href=\"https:\/\/constellation.uqac.ca\/673\/\">Les apports des exp\u00e9riences d&#8217;appropriation des TIC par les collectivit\u00e9s qu\u00e9b\u00e9coises<\/a>. <\/em>M\u00e9moire (th\u00e8se). Chicoutimi : UQAC (Auteur)<\/li>\n<li style=\"text-align: justify\"><strong><em>Proulx et coll. (2003)<\/em><\/strong>. Rapport de recherche pr\u00e9sent\u00e9 au CEFRIO. Appropriation des TIC par les acteurs territoriaux du d\u00e9veloppement, 134 pages. (Collaborateur)<\/li>\n<\/ul>\n","protected":false},"excerpt":{"rendered":"<p>B\u00e9langer, C. (2019). Les ateliers d\u2019animation et de formation en sociologie appliqu\u00e9e : une strat\u00e9gie d\u2019\u00e9ducation populaire de la communaut\u00e9. Sous la direction de Tremblay, P-A., Tremblay, S. et Tremblay. S. (\u00c9ds). Paru dans Au-del\u00e0 du cynisme, r\u00e9inventer l\u2019avenir des communaut\u00e9s. Chicoutimi : GRIR. (Auteur) B\u00e9langer, C. et Girard, J. (2017). Le vivre-ensemble et l\u2019action &hellip; <a href=\"https:\/\/portfolio.uqac.ca\/christianbelanger\/publications\/\" class=\"more-link\">Continuer la lecture de <span class=\"screen-reader-text\">Publications<\/span>  <span class=\"meta-nav\">&rarr;<\/span><\/a><\/p>\n","protected":false},"author":140,"featured_media":0,"parent":0,"menu_order":0,"comment_status":"closed","ping_status":"closed","template":"","meta":{"footnotes":""},"tags":[9,7,6,10,8],"_links":{"self":[{"href":"https:\/\/portfolio.uqac.ca\/christianbelanger\/wp-json\/wp\/v2\/pages\/20"}],"collection":[{"href":"https:\/\/portfolio.uqac.ca\/christianbelanger\/wp-json\/wp\/v2\/pages"}],"about":[{"href":"https:\/\/portfolio.uqac.ca\/christianbelanger\/wp-json\/wp\/v2\/types\/page"}],"author":[{"embeddable":true,"href":"https:\/\/portfolio.uqac.ca\/christianbelanger\/wp-json\/wp\/v2\/users\/140"}],"replies":[{"embeddable":true,"href":"https:\/\/portfolio.uqac.ca\/christianbelanger\/wp-json\/wp\/v2\/comments?post=20"}],"version-history":[{"count":36,"href":"https:\/\/portfolio.uqac.ca\/christianbelanger\/wp-json\/wp\/v2\/pages\/20\/revisions"}],"predecessor-version":[{"id":320,"href":"https:\/\/portfolio.uqac.ca\/christianbelanger\/wp-json\/wp\/v2\/pages\/20\/revisions\/320"}],"wp:attachment":[{"href":"https:\/\/portfolio.uqac.ca\/christianbelanger\/wp-json\/wp\/v2\/media?parent=20"}],"wp:term":[{"taxonomy":"post_tag","embeddable":true,"href":"https:\/\/portfolio.uqac.ca\/christianbelanger\/wp-json\/wp\/v2\/tags?post=20"}],"curies":[{"name":"wp","href":"https:\/\/api.w.org\/{rel}","templated":true}]}}