{"id":27,"date":"2012-07-24T12:57:18","date_gmt":"2012-07-24T12:57:18","guid":{"rendered":"http:\/\/portfolio-pre.uqac.ca\/gabarit\/?page_id=27"},"modified":"2018-06-04T13:29:56","modified_gmt":"2018-06-04T17:29:56","slug":"curriculum-vitae","status":"publish","type":"page","link":"https:\/\/portfolio.uqac.ca\/christianbelanger\/curriculum-vitae\/","title":{"rendered":"Curriculum vitae"},"content":{"rendered":"<h2><strong>Dipl\u00f4mes<\/strong><\/h2>\n<p><strong>Doctorat en d\u00e9veloppement r\u00e9gional (Ph. D)<\/strong><br \/>\n<a href=\"https:\/\/www.uqac.ca\">Universit\u00e9 du Qu\u00e9bec \u00e0 Chicoutimi<\/a> (UQAC) (2013)<\/p>\n<p><strong>Ma\u00eetrise en \u00e9tudes et interventions r\u00e9gionales (M.A.)<\/strong><br \/>\n<a href=\"https:\/\/www.uqac.ca\">Universit\u00e9 du Qu\u00e9bec \u00e0 Chicoutimi<\/a> (UQAC) (2004)<\/p>\n<p><strong>Baccalaur\u00e9at en communication sociale (B.A.)<\/strong><br \/>\n<a href=\"https:\/\/www.uqtr.ca\">Universit\u00e9 du Qu\u00e9bec \u00e0 Trois-Rivi\u00e8res<\/a> (UQTR) (2001)<\/p>\n<p><strong>Techniques en travail social (T.T.S.)<\/strong><br \/>\n<a href=\"https:\/\/www.cegepjonquiere.ca\/\">C\u00e9gep de Jonqui\u00e8re<\/a> (1998)<\/p>\n<h2><strong>Th\u00e8se et m\u00e9moire<br \/>\n<\/strong><\/h2>\n<p><strong>Th\u00e8se de doctorat (2013)<\/strong><br \/>\n<a href=\"https:\/\/constellation.uqac.ca\/2738\/\">L&#8217;analyse du processus d&#8217;apprentissage collectif, ses influences et ses impacts au sein des fili\u00e8res \u00e9nerg\u00e9tiques du SLSJ<\/a> (en ligne)<\/p>\n<p><strong>M\u00e9moire de ma\u00eetrise (2004)<\/strong><br \/>\n<a href=\"https:\/\/constellation.uqac.ca\/673\/\">Les apports des exp\u00e9riences d&#8217;appropriation des TIC par les collectivit\u00e9s qu\u00e9b\u00e9coises<\/a> (en ligne)<\/p>\n<h2><strong>Activit\u00e9s professionnelles<br \/>\n<\/strong><\/h2>\n<p><strong>Agent de d\u00e9veloppement (contractuel) (2014) \u00a0\u00a0<\/strong><br \/>\n<a href=\"https:\/\/cdclsje.com\/\">CDC Lac-Saint-Jean-Est<\/a>\u00a0 (Alma)<\/p>\n<p><strong>Animateur de Caf\u00e9s-Citoyen in\u00e9galit\u00e9s sociales (contrac.) (2014)<\/strong><br \/>\n<a href=\"https:\/\/inm.qc.ca\/\">Institut du Nouveau Monde<\/a> (INM) (Alma et Chicoutimi)<\/p>\n<p><strong>Assistant de recherche\u00a0 (2006-2012)<\/strong><br \/>\n<a href=\"https:\/\/www.uqac.ca\/vision2025\">Universit\u00e9 du Qu\u00e9bec \u00e0 Chicoutimi<\/a> (UQAC)<\/p>\n<p><strong>Agent de d\u00e9veloppement communautaire (2004-2005)<\/strong><br \/>\n<a href=\"https:\/\/www.patroleprevost.qc.ca\">Patro Le Pr\u00e9vost<\/a> (Villeray, Montr\u00e9al)<\/p>\n<p><strong>Intervenant communautaire (2001-2002)<\/strong><br \/>\n<a href=\"https:\/\/www.cdc3r.org\/mon-profil\/userprofile\/rhcmtr\">R\u00e9seau d\u2019habitation communautaire de la Mauricie<\/a> (Trois-Rivi\u00e8res)<\/p>\n<h2><strong>Activit\u00e9s communautaires<\/strong><\/h2>\n<p><strong>Conseils d\u2019administration<\/strong><\/p>\n<ul>\n<li><em><a href=\"https:\/\/www.coopuqac.com\/\">Coopsco-UQAC<\/a> (2002-2004; 2006-2012), UQAC (2007-2008), MAGE-UQAC (2006-2007), <a href=\"https:\/\/www.solidaritesvilleray.org\/\">Conseil communautaire Solidarit\u00e9s Villeray<\/a> (2004-2005), et <a href=\"www.cfou.ca\">CFOU 89,1 FM<\/a> (1998-2001).<\/em><\/li>\n<\/ul>\n<p><strong>Instances<\/strong><\/p>\n<ul>\n<li><em>Comit\u00e9 d\u2019attribution des fonds de <a href=\"https:\/\/www.centraidesaglac.ca\/\">Centraide SLSJ<\/a> (2011-2016), CERC-UQAC (2014-2015), Conseil des \u00e9tudes du r\u00e9seau UQ (2009-2010), SCECSR-UQAC (2006-2009) et AEDDR (2005-2013).<\/em><\/li>\n<\/ul>\n","protected":false},"excerpt":{"rendered":"<p>Dipl\u00f4mes Doctorat en d\u00e9veloppement r\u00e9gional (Ph. D) Universit\u00e9 du Qu\u00e9bec \u00e0 Chicoutimi (UQAC) (2013) Ma\u00eetrise en \u00e9tudes et interventions r\u00e9gionales (M.A.) Universit\u00e9 du Qu\u00e9bec \u00e0 Chicoutimi (UQAC) (2004) Baccalaur\u00e9at en communication sociale (B.A.) Universit\u00e9 du Qu\u00e9bec \u00e0 Trois-Rivi\u00e8res (UQTR) (2001) Techniques en travail social (T.T.S.) C\u00e9gep de Jonqui\u00e8re (1998) Th\u00e8se et m\u00e9moire Th\u00e8se de doctorat &hellip; <a href=\"https:\/\/portfolio.uqac.ca\/christianbelanger\/curriculum-vitae\/\" class=\"more-link\">Continuer la lecture de <span class=\"screen-reader-text\">Curriculum vitae<\/span>  <span class=\"meta-nav\">&rarr;<\/span><\/a><\/p>\n","protected":false},"author":140,"featured_media":0,"parent":0,"menu_order":0,"comment_status":"closed","ping_status":"closed","template":"","meta":{"footnotes":""},"tags":[9,7,6,10,8],"_links":{"self":[{"href":"https:\/\/portfolio.uqac.ca\/christianbelanger\/wp-json\/wp\/v2\/pages\/27"}],"collection":[{"href":"https:\/\/portfolio.uqac.ca\/christianbelanger\/wp-json\/wp\/v2\/pages"}],"about":[{"href":"https:\/\/portfolio.uqac.ca\/christianbelanger\/wp-json\/wp\/v2\/types\/page"}],"author":[{"embeddable":true,"href":"https:\/\/portfolio.uqac.ca\/christianbelanger\/wp-json\/wp\/v2\/users\/140"}],"replies":[{"embeddable":true,"href":"https:\/\/portfolio.uqac.ca\/christianbelanger\/wp-json\/wp\/v2\/comments?post=27"}],"version-history":[{"count":17,"href":"https:\/\/portfolio.uqac.ca\/christianbelanger\/wp-json\/wp\/v2\/pages\/27\/revisions"}],"predecessor-version":[{"id":115,"href":"https:\/\/portfolio.uqac.ca\/christianbelanger\/wp-json\/wp\/v2\/pages\/27\/revisions\/115"}],"wp:attachment":[{"href":"https:\/\/portfolio.uqac.ca\/christianbelanger\/wp-json\/wp\/v2\/media?parent=27"}],"wp:term":[{"taxonomy":"post_tag","embeddable":true,"href":"https:\/\/portfolio.uqac.ca\/christianbelanger\/wp-json\/wp\/v2\/tags?post=27"}],"curies":[{"name":"wp","href":"https:\/\/api.w.org\/{rel}","templated":true}]}}